{"id":22152,"date":"2026-01-19T13:08:47","date_gmt":"2026-01-19T21:08:47","guid":{"rendered":"https:\/\/drugpolicy.ca\/subscribe-to-newsletter\/"},"modified":"2026-01-19T13:18:38","modified_gmt":"2026-01-19T21:18:38","slug":"subscribe-to-newsletter","status":"publish","type":"page","link":"https:\/\/drugpolicy.ca\/fr\/passez-a-laction\/subscribe-to-newsletter\/","title":{"rendered":"Subscribe to Newsletter"},"content":{"rendered":"\n<div class=\"wp-block-group alignwide is-layout-flow wp-block-group-is-layout-flow\">\n<div class=\"wp-block-columns is-layout-flex wp-container-core-columns-is-layout-794e3cfa wp-block-columns-is-layout-flex\">\n<div class=\"wp-block-column is-layout-flow wp-block-column-is-layout-flow\" style=\"flex-basis:60%\">\n<p class=\"wp-block-paragraph\">Inscrivez-vous \u00e0 notre lettre d&#8217;information pour en savoir plus sur la politique en mati\u00e8re de drogues et sur la mani\u00e8re dont vous pouvez contribuer au changement avec nous.<\/p>\n<\/div>\n\n\n\n<div class=\"wp-block-column is-layout-flow wp-block-column-is-layout-flow\" style=\"flex-basis:40%\"><\/div>\n<\/div>\n<\/div>\n\n<div class=\"wp-block-group has-global-padding is-layout-constrained wp-block-group-is-layout-constrained\" style=\"margin-top:var(--wp--preset--spacing--50);margin-bottom:var(--wp--preset--spacing--50)\">\n<div class=\"wp-block-group is-style-section-3 has-border-color has-global-padding is-layout-constrained wp-container-core-group-is-layout-1051b2be wp-block-group-is-layout-constrained is-style-section-3--1\" style=\"border-color:color-mix(in srgb, currentColor 20%, transparent);border-width:1px;border-top-left-radius:18px;border-top-right-radius:18px;border-bottom-left-radius:18px;border-bottom-right-radius:18px;padding-top:var(--wp--preset--spacing--60);padding-right:var(--wp--preset--spacing--40);padding-bottom:var(--wp--preset--spacing--30);padding-left:var(--wp--preset--spacing--40)\">\n<!-- form.123formbuilder.com script begins here --><script type=\"text\/javascript\" defer=\"defer\" src=\"https:\/\/form.123formbuilder.com\/embed\/6415583.js\" data-role=\"form\" data-default-width=\"650px\"><\/script><!-- form.123formbuilder.com script ends here -->\n<\/div>\n\n\n\n<p class=\"wp-block-paragraph\">Vous recevrez des informations, des mises \u00e0 jour et des appels \u00e0 l&#8217;action sur les moyens de soutenir de mani\u00e8re proactive les changements politiques qui am\u00e9liorent la vie des personnes qui consomment des drogues.<\/p>\n\n\n\n<p class=\"wp-block-paragraph\">Vous serez \u00e9galement le premier \u00e0 recevoir des informations exclusives sur la campagne de la part de notre \u00e9quipe et \u00e0 d\u00e9couvrir les moyens de vous impliquer et de soutenir notre mission.<\/p>\n\n\n\n<div style=\"height:var(--wp--preset--spacing--60)\" aria-hidden=\"true\" class=\"wp-block-spacer\"><\/div>\n<\/div>\n","protected":false},"excerpt":{"rendered":"<p>Inscrivez-vous \u00e0 notre lettre d&#8217;information pour en savoir plus sur la politique en mati\u00e8re de drogues et sur la mani\u00e8re dont vous pouvez contribuer au changement avec nous. Vous recevrez des informations, des mises \u00e0 jour et des appels \u00e0 l&#8217;action sur les moyens de soutenir de mani\u00e8re proactive les changements politiques qui am\u00e9liorent la [&hellip;]<\/p>\n","protected":false},"author":53,"featured_media":0,"parent":22160,"menu_order":0,"comment_status":"closed","ping_status":"closed","template":"","meta":{"_acf_changed":false,"_crdt_document":"","footnotes":""},"class_list":["post-22152","page","type-page","status-publish","hentry"],"acf":[],"mb":[],"yoast_head":"<!-- This site is optimized with the Yoast SEO plugin v27.3 - https:\/\/yoast.com\/product\/yoast-seo-wordpress\/ -->\n<title>Subscribe to Newsletter - Canadian Drug Policy Coalition<\/title>\n<meta name=\"robots\" content=\"index, follow, max-snippet:-1, max-image-preview:large, max-video-preview:-1\" \/>\n<link rel=\"canonical\" href=\"https:\/\/drugpolicy.ca\/fr\/passez-a-laction\/subscribe-to-newsletter\/\" \/>\n<meta property=\"og:locale\" content=\"fr_FR\" \/>\n<meta property=\"og:type\" content=\"article\" \/>\n<meta property=\"og:title\" content=\"Subscribe to Newsletter - Canadian Drug Policy Coalition\" \/>\n<meta property=\"og:description\" content=\"Inscrivez-vous \u00e0 notre lettre d&#8217;information pour en savoir plus sur la politique en mati\u00e8re de drogues et sur la mani\u00e8re dont vous pouvez contribuer au changement avec nous. Vous recevrez des informations, des mises \u00e0 jour et des appels \u00e0 l&#8217;action sur les moyens de soutenir de mani\u00e8re proactive les changements politiques qui am\u00e9liorent la [&hellip;]\" \/>\n<meta property=\"og:url\" content=\"https:\/\/drugpolicy.ca\/fr\/passez-a-laction\/subscribe-to-newsletter\/\" \/>\n<meta property=\"og:site_name\" content=\"Canadian Drug Policy Coalition\" \/>\n<meta property=\"article:modified_time\" content=\"2026-01-19T21:18:38+00:00\" \/>\n<meta name=\"twitter:card\" content=\"summary_large_image\" \/>\n<script type=\"application\/ld+json\" class=\"yoast-schema-graph\">{\"@context\":\"https:\\\/\\\/schema.org\",\"@graph\":[{\"@type\":\"WebPage\",\"@id\":\"https:\\\/\\\/drugpolicy.ca\\\/fr\\\/passez-a-laction\\\/subscribe-to-newsletter\\\/\",\"url\":\"https:\\\/\\\/drugpolicy.ca\\\/fr\\\/passez-a-laction\\\/subscribe-to-newsletter\\\/\",\"name\":\"Subscribe to Newsletter - Canadian Drug Policy Coalition\",\"isPartOf\":{\"@id\":\"https:\\\/\\\/www.drugpolicy.ca\\\/fr\\\/#website\"},\"datePublished\":\"2026-01-19T21:08:47+00:00\",\"dateModified\":\"2026-01-19T21:18:38+00:00\",\"breadcrumb\":{\"@id\":\"https:\\\/\\\/drugpolicy.ca\\\/fr\\\/passez-a-laction\\\/subscribe-to-newsletter\\\/#breadcrumb\"},\"inLanguage\":\"fr-FR\",\"potentialAction\":[{\"@type\":\"ReadAction\",\"target\":[\"https:\\\/\\\/drugpolicy.ca\\\/fr\\\/passez-a-laction\\\/subscribe-to-newsletter\\\/\"]}]},{\"@type\":\"BreadcrumbList\",\"@id\":\"https:\\\/\\\/drugpolicy.ca\\\/fr\\\/passez-a-laction\\\/subscribe-to-newsletter\\\/#breadcrumb\",\"itemListElement\":[{\"@type\":\"ListItem\",\"position\":1,\"name\":\"Home\",\"item\":\"https:\\\/\\\/www.drugpolicy.ca\\\/fr\\\/\"},{\"@type\":\"ListItem\",\"position\":2,\"name\":\"Passez \u00e0 l&#8217;action\",\"item\":\"https:\\\/\\\/drugpolicy.ca\\\/fr\\\/passez-a-laction\\\/\"},{\"@type\":\"ListItem\",\"position\":3,\"name\":\"Subscribe to Newsletter\"}]},{\"@type\":\"WebSite\",\"@id\":\"https:\\\/\\\/www.drugpolicy.ca\\\/fr\\\/#website\",\"url\":\"https:\\\/\\\/www.drugpolicy.ca\\\/fr\\\/\",\"name\":\"Canadian Drug Policy Coalition\",\"description\":\"Change policy. Save lives.\",\"publisher\":{\"@id\":\"https:\\\/\\\/www.drugpolicy.ca\\\/fr\\\/#organization\"},\"potentialAction\":[{\"@type\":\"SearchAction\",\"target\":{\"@type\":\"EntryPoint\",\"urlTemplate\":\"https:\\\/\\\/www.drugpolicy.ca\\\/fr\\\/?s={search_term_string}\"},\"query-input\":{\"@type\":\"PropertyValueSpecification\",\"valueRequired\":true,\"valueName\":\"search_term_string\"}}],\"inLanguage\":\"fr-FR\"},{\"@type\":\"Organization\",\"@id\":\"https:\\\/\\\/www.drugpolicy.ca\\\/fr\\\/#organization\",\"name\":\"Canadian Drug Policy Coalition\",\"url\":\"https:\\\/\\\/www.drugpolicy.ca\\\/fr\\\/\",\"logo\":{\"@type\":\"ImageObject\",\"inLanguage\":\"fr-FR\",\"@id\":\"https:\\\/\\\/www.drugpolicy.ca\\\/fr\\\/#\\\/schema\\\/logo\\\/image\\\/\",\"url\":\"https:\\\/\\\/drugpolicy.ca\\\/wp-content\\\/uploads\\\/2019\\\/04\\\/CDPC-logo-white-on-red-150-dpi.jpg\",\"contentUrl\":\"https:\\\/\\\/drugpolicy.ca\\\/wp-content\\\/uploads\\\/2019\\\/04\\\/CDPC-logo-white-on-red-150-dpi.jpg\",\"width\":332,\"height\":333,\"caption\":\"Canadian Drug Policy Coalition\"},\"image\":{\"@id\":\"https:\\\/\\\/www.drugpolicy.ca\\\/fr\\\/#\\\/schema\\\/logo\\\/image\\\/\"}}]}<\/script>\n<!-- \/ Yoast SEO plugin. -->","yoast_head_json":{"title":"Subscribe to Newsletter - Canadian Drug Policy Coalition","robots":{"index":"index","follow":"follow","max-snippet":"max-snippet:-1","max-image-preview":"max-image-preview:large","max-video-preview":"max-video-preview:-1"},"canonical":"https:\/\/drugpolicy.ca\/fr\/passez-a-laction\/subscribe-to-newsletter\/","og_locale":"fr_FR","og_type":"article","og_title":"Subscribe to Newsletter - Canadian Drug Policy Coalition","og_description":"Inscrivez-vous \u00e0 notre lettre d&#8217;information pour en savoir plus sur la politique en mati\u00e8re de drogues et sur la mani\u00e8re dont vous pouvez contribuer au changement avec nous. Vous recevrez des informations, des mises \u00e0 jour et des appels \u00e0 l&#8217;action sur les moyens de soutenir de mani\u00e8re proactive les changements politiques qui am\u00e9liorent la [&hellip;]","og_url":"https:\/\/drugpolicy.ca\/fr\/passez-a-laction\/subscribe-to-newsletter\/","og_site_name":"Canadian Drug Policy Coalition","article_modified_time":"2026-01-19T21:18:38+00:00","twitter_card":"summary_large_image","schema":{"@context":"https:\/\/schema.org","@graph":[{"@type":"WebPage","@id":"https:\/\/drugpolicy.ca\/fr\/passez-a-laction\/subscribe-to-newsletter\/","url":"https:\/\/drugpolicy.ca\/fr\/passez-a-laction\/subscribe-to-newsletter\/","name":"Subscribe to Newsletter - Canadian Drug Policy Coalition","isPartOf":{"@id":"https:\/\/www.drugpolicy.ca\/fr\/#website"},"datePublished":"2026-01-19T21:08:47+00:00","dateModified":"2026-01-19T21:18:38+00:00","breadcrumb":{"@id":"https:\/\/drugpolicy.ca\/fr\/passez-a-laction\/subscribe-to-newsletter\/#breadcrumb"},"inLanguage":"fr-FR","potentialAction":[{"@type":"ReadAction","target":["https:\/\/drugpolicy.ca\/fr\/passez-a-laction\/subscribe-to-newsletter\/"]}]},{"@type":"BreadcrumbList","@id":"https:\/\/drugpolicy.ca\/fr\/passez-a-laction\/subscribe-to-newsletter\/#breadcrumb","itemListElement":[{"@type":"ListItem","position":1,"name":"Home","item":"https:\/\/www.drugpolicy.ca\/fr\/"},{"@type":"ListItem","position":2,"name":"Passez \u00e0 l&#8217;action","item":"https:\/\/drugpolicy.ca\/fr\/passez-a-laction\/"},{"@type":"ListItem","position":3,"name":"Subscribe to Newsletter"}]},{"@type":"WebSite","@id":"https:\/\/www.drugpolicy.ca\/fr\/#website","url":"https:\/\/www.drugpolicy.ca\/fr\/","name":"Canadian Drug Policy Coalition","description":"Change policy. Save lives.","publisher":{"@id":"https:\/\/www.drugpolicy.ca\/fr\/#organization"},"potentialAction":[{"@type":"SearchAction","target":{"@type":"EntryPoint","urlTemplate":"https:\/\/www.drugpolicy.ca\/fr\/?s={search_term_string}"},"query-input":{"@type":"PropertyValueSpecification","valueRequired":true,"valueName":"search_term_string"}}],"inLanguage":"fr-FR"},{"@type":"Organization","@id":"https:\/\/www.drugpolicy.ca\/fr\/#organization","name":"Canadian Drug Policy Coalition","url":"https:\/\/www.drugpolicy.ca\/fr\/","logo":{"@type":"ImageObject","inLanguage":"fr-FR","@id":"https:\/\/www.drugpolicy.ca\/fr\/#\/schema\/logo\/image\/","url":"https:\/\/drugpolicy.ca\/wp-content\/uploads\/2019\/04\/CDPC-logo-white-on-red-150-dpi.jpg","contentUrl":"https:\/\/drugpolicy.ca\/wp-content\/uploads\/2019\/04\/CDPC-logo-white-on-red-150-dpi.jpg","width":332,"height":333,"caption":"Canadian Drug Policy Coalition"},"image":{"@id":"https:\/\/www.drugpolicy.ca\/fr\/#\/schema\/logo\/image\/"}}]}},"mfb_rest_fields":["title","yoast_head","yoast_head_json"],"_links":{"self":[{"href":"https:\/\/drugpolicy.ca\/fr\/wp-json\/wp\/v2\/pages\/22152","targetHints":{"allow":["GET"]}}],"collection":[{"href":"https:\/\/drugpolicy.ca\/fr\/wp-json\/wp\/v2\/pages"}],"about":[{"href":"https:\/\/drugpolicy.ca\/fr\/wp-json\/wp\/v2\/types\/page"}],"author":[{"embeddable":true,"href":"https:\/\/drugpolicy.ca\/fr\/wp-json\/wp\/v2\/users\/53"}],"replies":[{"embeddable":true,"href":"https:\/\/drugpolicy.ca\/fr\/wp-json\/wp\/v2\/comments?post=22152"}],"version-history":[{"count":1,"href":"https:\/\/drugpolicy.ca\/fr\/wp-json\/wp\/v2\/pages\/22152\/revisions"}],"predecessor-version":[{"id":22153,"href":"https:\/\/drugpolicy.ca\/fr\/wp-json\/wp\/v2\/pages\/22152\/revisions\/22153"}],"up":[{"embeddable":true,"href":"https:\/\/drugpolicy.ca\/fr\/wp-json\/wp\/v2\/pages\/22160"}],"wp:attachment":[{"href":"https:\/\/drugpolicy.ca\/fr\/wp-json\/wp\/v2\/media?parent=22152"}],"curies":[{"name":"wp","href":"https:\/\/api.w.org\/{rel}","templated":true}]}}