{"id":22150,"date":"2026-01-19T13:08:12","date_gmt":"2026-01-19T21:08:12","guid":{"rendered":"https:\/\/drugpolicy.ca\/evenements\/"},"modified":"2026-02-06T10:30:54","modified_gmt":"2026-02-06T18:30:54","slug":"evenements","status":"publish","type":"page","link":"https:\/\/drugpolicy.ca\/fr\/passez-a-laction\/evenements\/","title":{"rendered":"Ev\u00e9nements"},"content":{"rendered":"\n<div class=\"wp-block-group alignfull has-global-padding is-layout-constrained wp-container-core-group-is-layout-f7248182 wp-block-group-is-layout-constrained\" style=\"margin-top:0;margin-bottom:0;padding-top:var(--wp--preset--spacing--50);padding-bottom:var(--wp--preset--spacing--50)\">\n<div class=\"wp-block-group alignwide has-global-padding is-content-justification-left is-layout-constrained wp-container-core-group-is-layout-688f9213 wp-block-group-is-layout-constrained\">\n<h2 class=\"wp-block-heading has-x-large-font-size\">\u00c9v\u00e9nements \u00e0 venir<\/h2>\n\n\n\n<p class=\"wp-block-paragraph\">Restez en contact avec les derni\u00e8res conversations et opportunit\u00e9s d&#8217;apprentissage du CCPD. Nos prochains \u00e9v\u00e9nements rassemblent des experts et des communaut\u00e9s de tous les mouvements pour explorer les questions cl\u00e9s et les connexions en mati\u00e8re de politique des drogues. <\/p>\n\n\n\n<h2 class=\"wp-block-heading\">Perspectives sur 10 ans de crise<\/h2>\n<\/div>\n\n\n\n<div class=\"wp-block-columns alignwide is-layout-flex wp-container-core-columns-is-layout-3ef8afb3 wp-block-columns-is-layout-flex\" style=\"padding-top:0;padding-bottom:0\">\n<div class=\"wp-block-column is-layout-flow wp-block-column-is-layout-flow\">\n<div class=\"wp-block-group is-content-justification-space-between is-layout-flex wp-container-core-group-is-layout-97455f02 wp-block-group-is-layout-flex\" style=\"padding-top:var(--wp--preset--spacing--40);padding-bottom:var(--wp--preset--spacing--40)\">\n<div class=\"wp-block-group has-global-padding is-layout-constrained wp-block-group-is-layout-constrained\">\n<h4 class=\"wp-block-heading\">The Roots of Indigenous Harm Reduction with Denise Baldwin and Les Harper<\/h4>\n\n\n\n<p class=\"wp-block-paragraph\"><a href=\"https:\/\/us06web.zoom.us\/webinar\/register\/WN_UyIlcBiKSq-D8GDlXawHgQ#\/registration\">Rejoignez-nous<\/a> pour une conversation approfondie sur le travail de Denise Baldwin en tant que d\u00e9fenseur de longue date de la r\u00e9duction des risques et des politiques en mati\u00e8re de drogues qui r\u00e9pondent aux besoins de ses communaut\u00e9s. Baldwin r\u00e9fl\u00e9chira aux d\u00e9fis rencontr\u00e9s avant 2016 et \u00e0 ceux qui persistent aujourd&#8217;hui, tout en soulignant les soins apport\u00e9s aux communaut\u00e9s indig\u00e8nes face \u00e0 la colonisation en cours et aux politiques in\u00e9gales et n\u00e9fastes. <\/p>\n<\/div>\n\n\n\n<div class=\"wp-block-group is-content-justification-space-between is-layout-flex wp-container-core-group-is-layout-e857aad4 wp-block-group-is-layout-flex\">\n<div class=\"wp-block-buttons is-layout-flex wp-block-buttons-is-layout-flex\">\n<div class=\"wp-block-button\"><a class=\"wp-block-button__link has-small-font-size has-custom-font-size wp-element-button\" href=\"https:\/\/us06web.zoom.us\/webinar\/register\/WN_UyIlcBiKSq-D8GDlXawHgQ#\/registration\">En savoir plus<\/a><\/div>\n<\/div>\n<\/div>\n\n\n\n<p class=\"wp-block-paragraph\"><br\/><\/p>\n<\/div>\n<\/div>\n<\/div>\n<\/div>\n\n<div class=\"wp-block-group alignfull is-style-section-5 has-global-padding is-layout-constrained wp-block-group-is-layout-constrained is-style-section-5--1\" style=\"margin-top:0;margin-bottom:0;padding-top:var(--wp--preset--spacing--50);padding-bottom:var(--wp--preset--spacing--50)\">\n<div class=\"wp-block-group alignwide is-layout-flow wp-block-group-is-layout-flow\">\n<h2 class=\"wp-block-heading\">\u00c9v\u00e9nements pr\u00e9c\u00e9dents<\/h2>\n\n\n\n<p class=\"wp-block-paragraph\">Explorez nos archives des \u00e9v\u00e9nements pass\u00e9s pour visionner des enregistrements et en savoir plus.<\/p>\n\n\n\n<div class=\"wp-block-group is-layout-flow wp-container-core-group-is-layout-5c747fa3 wp-block-group-is-layout-flow\" style=\"margin-top:var(--wp--preset--spacing--70)\">\n<div class=\"wp-block-group is-content-justification-space-between is-layout-flex wp-container-core-group-is-layout-97455f02 wp-block-group-is-layout-flex\" style=\"padding-top:var(--wp--preset--spacing--40);padding-bottom:var(--wp--preset--spacing--40)\">\n<div class=\"wp-block-group has-global-padding is-layout-constrained wp-block-group-is-layout-constrained\">\n<h3 class=\"wp-block-heading\">Le pouvoir et les limites des donn\u00e9es probantes dans le changement de politique avec Lisa Lapointe<\/h3>\n\n\n\n<p class=\"wp-block-paragraph\">Explore how Lapointe\u2019s perspective on the unregulated drug crisis evolved in her role, the tension between evidence-informed expert recommendations and government policy choices, and the importance of data transparency.<\/p>\n<\/div>\n\n\n\n<div class=\"wp-block-group is-content-justification-space-between is-layout-flex wp-container-core-group-is-layout-e857aad4 wp-block-group-is-layout-flex\">\n<div class=\"wp-block-buttons is-layout-flex wp-block-buttons-is-layout-flex\">\n<div class=\"wp-block-button\"><a class=\"wp-block-button__link has-small-font-size has-custom-font-size wp-element-button\" href=\"https:\/\/youtu.be\/-G-MkJFjodI\">Watch Now<\/a><\/div>\n<\/div>\n<\/div>\n<\/div>\n\n\n\n<hr class=\"wp-block-separator has-alpha-channel-opacity\"\/>\n\n\n\n<div class=\"wp-block-group is-content-justification-space-between is-layout-flex wp-container-core-group-is-layout-97455f02 wp-block-group-is-layout-flex\" style=\"padding-top:var(--wp--preset--spacing--40);padding-bottom:var(--wp--preset--spacing--40)\">\n<div class=\"wp-block-group has-global-padding is-layout-constrained wp-block-group-is-layout-constrained\">\n<h3 class=\"wp-block-heading\">La solidarit\u00e9, pas les silos : l&#8217;attaque contre les soins de sant\u00e9 publics<\/h3>\n\n\n\n<p class=\"wp-block-paragraph\">Partout au Canada, les communaut\u00e9s marginalis\u00e9es sont tenues pour responsables des crises provoqu\u00e9es par les choix politiques de sous-financement des soins de sant\u00e9 et d&#8217;autres services essentiels. Nous faisons face \u00e0 ces menaces croissantes, renfor\u00e7ons la solidarit\u00e9 entre les mouvements et partageons des solutions concr\u00e8tes. <\/p>\n<\/div>\n\n\n\n<div class=\"wp-block-group is-content-justification-space-between is-layout-flex wp-container-core-group-is-layout-e857aad4 wp-block-group-is-layout-flex\">\n<div class=\"wp-block-buttons is-layout-flex wp-block-buttons-is-layout-flex\">\n<div class=\"wp-block-button\"><a class=\"wp-block-button__link has-small-font-size has-custom-font-size wp-element-button\" href=\"https:\/\/youtu.be\/4tdUKRrerAU\">Watch Now<\/a><\/div>\n<\/div>\n<\/div>\n<\/div>\n\n\n\n<hr class=\"wp-block-separator has-alpha-channel-opacity\"\/>\n\n\n\n<div class=\"wp-block-group is-content-justification-space-between is-layout-flex wp-container-core-group-is-layout-97455f02 wp-block-group-is-layout-flex\" style=\"padding-top:var(--wp--preset--spacing--40);padding-bottom:var(--wp--preset--spacing--40)\">\n<div class=\"wp-block-group has-global-padding is-layout-constrained wp-block-group-is-layout-constrained\">\n<h3 class=\"wp-block-heading\">Affronter la politique fond\u00e9e sur la peur \u2013 politiques sur les drogues, fronti\u00e8res et migration<\/h3>\n\n\n\n<p class=\"wp-block-paragraph\">Examinez comment la politique en mati\u00e8re de drogue et la migration s&#8217;entrecroisent, en r\u00e9v\u00e9lant comment les politiques fond\u00e9es sur la peur et la criminalisation nuisent aux communaut\u00e9s marginalis\u00e9es et sapent les droits de l&#8217;homme.<\/p>\n<\/div>\n\n\n\n<div class=\"wp-block-group is-content-justification-space-between is-layout-flex wp-container-core-group-is-layout-e857aad4 wp-block-group-is-layout-flex\">\n<div class=\"wp-block-buttons is-layout-flex wp-block-buttons-is-layout-flex\">\n<div class=\"wp-block-button\"><a class=\"wp-block-button__link has-small-font-size has-custom-font-size wp-element-button\" href=\"https:\/\/youtu.be\/tu1Ut-PWoQI\">Watch Now<\/a><\/div>\n<\/div>\n<\/div>\n<\/div>\n\n\n\n<hr class=\"wp-block-separator has-alpha-channel-opacity\"\/>\n\n\n\n<div class=\"wp-block-group is-content-justification-space-between is-layout-flex wp-container-core-group-is-layout-97455f02 wp-block-group-is-layout-flex\" style=\"padding-top:var(--wp--preset--spacing--40);padding-bottom:var(--wp--preset--spacing--40)\">\n<div class=\"wp-block-group has-global-padding is-layout-constrained wp-block-group-is-layout-constrained\">\n<h3 class=\"wp-block-heading\">VIH\/sida, r\u00e9duction des risques et histoire des 2SLGBTQIA+.<\/h3>\n\n\n\n<p class=\"wp-block-paragraph\">Explorez les histoires entrem\u00eal\u00e9es de l&#8217;\u00e9pid\u00e9mie de VIH\/sida et de la r\u00e9duction des risques, et apprenez comment les organisateurs d&#8217;hier et d&#8217;aujourd&#8217;hui continuent \u00e0 d\u00e9fendre la sant\u00e9, la dignit\u00e9 et la justice aujourd&#8217;hui.<\/p>\n<\/div>\n\n\n\n<div class=\"wp-block-group is-content-justification-space-between is-layout-flex wp-container-core-group-is-layout-e857aad4 wp-block-group-is-layout-flex\">\n<div class=\"wp-block-buttons is-layout-flex wp-block-buttons-is-layout-flex\">\n<div class=\"wp-block-button\"><a class=\"wp-block-button__link has-small-font-size has-custom-font-size wp-element-button\" href=\"https:\/\/www.youtube.com\/watch?v=peepqx1RJlo\">Watch Now<\/a><\/div>\n<\/div>\n<\/div>\n<\/div>\n\n\n\n<div class=\"wp-block-group is-content-justification-space-between is-layout-flex wp-container-core-group-is-layout-97455f02 wp-block-group-is-layout-flex\" style=\"border-top-color:var(--wp--preset--color--accent-6);border-top-width:1px;padding-top:var(--wp--preset--spacing--40);padding-bottom:var(--wp--preset--spacing--40)\">\n<div class=\"wp-block-group has-global-padding is-layout-constrained wp-block-group-is-layout-constrained\">\n<h3 class=\"wp-block-heading\">Au-del\u00e0 des distractions : La criminalisation au sein des communaut\u00e9s<\/h3>\n\n\n\n<p class=\"wp-block-paragraph\">Examinez la d\u00e9criminalisation \u00e0 travers les mouvements, en d\u00e9couvrant les histoires partag\u00e9es, les exp\u00e9riences v\u00e9cues et le pouvoir de la solidarit\u00e9 dans la promotion des droits de l&#8217;homme pour tous.<\/p>\n<\/div>\n\n\n\n<div class=\"wp-block-group is-content-justification-space-between is-layout-flex wp-container-core-group-is-layout-e857aad4 wp-block-group-is-layout-flex\">\n<div class=\"wp-block-buttons is-layout-flex wp-block-buttons-is-layout-flex\">\n<div class=\"wp-block-button\"><a class=\"wp-block-button__link has-small-font-size has-custom-font-size wp-element-button\" href=\"https:\/\/youtu.be\/42j1No23bbQ\">Watch Now<\/a><\/div>\n<\/div>\n<\/div>\n<\/div>\n\n\n\n<div class=\"wp-block-group is-content-justification-space-between is-layout-flex wp-container-core-group-is-layout-97455f02 wp-block-group-is-layout-flex\" style=\"border-top-color:var(--wp--preset--color--accent-6);border-top-width:1px;padding-top:var(--wp--preset--spacing--40);padding-bottom:var(--wp--preset--spacing--40)\">\n<div class=\"wp-block-group has-global-padding is-layout-constrained wp-block-group-is-layout-constrained\">\n<h3 class=\"wp-block-heading\">Luttes communes, droits communs : Construire la solidarit\u00e9 pour l&#8217;autonomie corporelle<\/h3>\n\n\n\n<p class=\"wp-block-paragraph\">Explorez les intersections de l&#8217;autonomie corporelle, de la politique des drogues, des droits reproductifs, de la sant\u00e9 mentale et des droits des transgenres, et d\u00e9couvrez comment l&#8217;action collective est source de justice et de libert\u00e9.<\/p>\n<\/div>\n\n\n\n<div class=\"wp-block-group is-content-justification-space-between is-layout-flex wp-container-core-group-is-layout-e857aad4 wp-block-group-is-layout-flex\">\n<div class=\"wp-block-buttons is-layout-flex wp-block-buttons-is-layout-flex\">\n<div class=\"wp-block-button\"><a class=\"wp-block-button__link has-small-font-size has-custom-font-size wp-element-button\" href=\"https:\/\/youtu.be\/3ardswdA8w0\">Watch Now<\/a><\/div>\n<\/div>\n<\/div>\n<\/div>\n\n\n\n<div class=\"wp-block-group is-content-justification-space-between is-layout-flex wp-container-core-group-is-layout-97455f02 wp-block-group-is-layout-flex\" style=\"border-top-color:var(--wp--preset--color--accent-6);border-top-width:1px;padding-top:var(--wp--preset--spacing--40);padding-bottom:var(--wp--preset--spacing--40)\">\n<div class=\"wp-block-group has-global-padding is-layout-constrained wp-block-group-is-layout-constrained\">\n<h3 class=\"wp-block-heading\">Aller a l&#8217;avant : 7 recommendations pour enrayer la crise des drogues non r\u00e9glement\u00e9es<\/h3>\n\n\n\n<p class=\"wp-block-paragraph\">Ce projet a rassembl\u00e9 des communaut\u00e9s de tout le Canada afin d&#8217;identifier sept domaines d&#8217;action cl\u00e9s et 82 recommandations pour des politiques en mati\u00e8re de drogues qui favorisent la s\u00e9curit\u00e9, l&#8217;\u00e9quit\u00e9 et le bien-\u00eatre pour tous.<\/p>\n<\/div>\n\n\n\n<div class=\"wp-block-group is-content-justification-space-between is-layout-flex wp-container-core-group-is-layout-e857aad4 wp-block-group-is-layout-flex\">\n<div class=\"wp-block-buttons is-layout-flex wp-block-buttons-is-layout-flex\">\n<div class=\"wp-block-button\"><a class=\"wp-block-button__link has-small-font-size has-custom-font-size wp-element-button\" href=\"https:\/\/youtu.be\/nHKz6qY3rug\">Watch Now<\/a><\/div>\n<\/div>\n<\/div>\n<\/div>\n<\/div>\n<\/div>\n<\/div>\n","protected":false},"excerpt":{"rendered":"<p>\u00c9v\u00e9nements \u00e0 venir Restez en contact avec les derni\u00e8res conversations et opportunit\u00e9s d&#8217;apprentissage du CCPD. Nos prochains \u00e9v\u00e9nements rassemblent des experts et des communaut\u00e9s de tous les mouvements pour explorer les questions cl\u00e9s et les connexions en mati\u00e8re de politique des drogues. Perspectives sur 10 ans de crise The Roots of Indigenous Harm Reduction with [&hellip;]<\/p>\n","protected":false},"author":38,"featured_media":0,"parent":22160,"menu_order":0,"comment_status":"closed","ping_status":"closed","template":"","meta":{"_acf_changed":false,"_crdt_document":"","footnotes":""},"class_list":["post-22150","page","type-page","status-publish","hentry"],"acf":[],"mb":[],"yoast_head":"<!-- This site is optimized with the Yoast SEO plugin v27.3 - https:\/\/yoast.com\/product\/yoast-seo-wordpress\/ -->\n<title>Ev\u00e9nements - Canadian Drug Policy Coalition<\/title>\n<meta name=\"robots\" content=\"index, follow, max-snippet:-1, max-image-preview:large, max-video-preview:-1\" \/>\n<link rel=\"canonical\" href=\"https:\/\/drugpolicy.ca\/fr\/passez-a-laction\/evenements\/\" \/>\n<meta property=\"og:locale\" content=\"fr_FR\" \/>\n<meta property=\"og:type\" content=\"article\" \/>\n<meta property=\"og:title\" content=\"Ev\u00e9nements - Canadian Drug Policy Coalition\" \/>\n<meta property=\"og:description\" content=\"\u00c9v\u00e9nements \u00e0 venir Restez en contact avec les derni\u00e8res conversations et opportunit\u00e9s d&#8217;apprentissage du CCPD. Nos prochains \u00e9v\u00e9nements rassemblent des experts et des communaut\u00e9s de tous les mouvements pour explorer les questions cl\u00e9s et les connexions en mati\u00e8re de politique des drogues. Perspectives sur 10 ans de crise The Roots of Indigenous Harm Reduction with [&hellip;]\" \/>\n<meta property=\"og:url\" content=\"https:\/\/drugpolicy.ca\/fr\/passez-a-laction\/evenements\/\" \/>\n<meta property=\"og:site_name\" content=\"Canadian Drug Policy Coalition\" \/>\n<meta property=\"article:modified_time\" content=\"2026-02-06T18:30:54+00:00\" \/>\n<meta name=\"twitter:card\" content=\"summary_large_image\" \/>\n<meta name=\"twitter:label1\" content=\"Dur\u00e9e de lecture estim\u00e9e\" \/>\n\t<meta name=\"twitter:data1\" content=\"3 minutes\" \/>\n<script type=\"application\/ld+json\" class=\"yoast-schema-graph\">{\"@context\":\"https:\\\/\\\/schema.org\",\"@graph\":[{\"@type\":\"WebPage\",\"@id\":\"https:\\\/\\\/drugpolicy.ca\\\/fr\\\/passez-a-laction\\\/evenements\\\/\",\"url\":\"https:\\\/\\\/drugpolicy.ca\\\/fr\\\/passez-a-laction\\\/evenements\\\/\",\"name\":\"Ev\u00e9nements - Canadian Drug Policy Coalition\",\"isPartOf\":{\"@id\":\"https:\\\/\\\/www.drugpolicy.ca\\\/fr\\\/#website\"},\"datePublished\":\"2026-01-19T21:08:12+00:00\",\"dateModified\":\"2026-02-06T18:30:54+00:00\",\"breadcrumb\":{\"@id\":\"https:\\\/\\\/drugpolicy.ca\\\/fr\\\/passez-a-laction\\\/evenements\\\/#breadcrumb\"},\"inLanguage\":\"fr-FR\",\"potentialAction\":[{\"@type\":\"ReadAction\",\"target\":[\"https:\\\/\\\/drugpolicy.ca\\\/fr\\\/passez-a-laction\\\/evenements\\\/\"]}]},{\"@type\":\"BreadcrumbList\",\"@id\":\"https:\\\/\\\/drugpolicy.ca\\\/fr\\\/passez-a-laction\\\/evenements\\\/#breadcrumb\",\"itemListElement\":[{\"@type\":\"ListItem\",\"position\":1,\"name\":\"Home\",\"item\":\"https:\\\/\\\/www.canadiandrugpolicy.ca\\\/fr\\\/\"},{\"@type\":\"ListItem\",\"position\":2,\"name\":\"Passez \u00e0 l&#8217;action\",\"item\":\"https:\\\/\\\/van-cloud2-1960-1.ezp.net\\\/fr\\\/passez-a-laction\\\/\"},{\"@type\":\"ListItem\",\"position\":3,\"name\":\"Ev\u00e9nements\"}]},{\"@type\":\"WebSite\",\"@id\":\"https:\\\/\\\/www.drugpolicy.ca\\\/fr\\\/#website\",\"url\":\"https:\\\/\\\/www.drugpolicy.ca\\\/fr\\\/\",\"name\":\"Canadian Drug Policy Coalition\",\"description\":\"Change policy. Save lives.\",\"publisher\":{\"@id\":\"https:\\\/\\\/www.drugpolicy.ca\\\/fr\\\/#organization\"},\"potentialAction\":[{\"@type\":\"SearchAction\",\"target\":{\"@type\":\"EntryPoint\",\"urlTemplate\":\"https:\\\/\\\/www.drugpolicy.ca\\\/fr\\\/?s={search_term_string}\"},\"query-input\":{\"@type\":\"PropertyValueSpecification\",\"valueRequired\":true,\"valueName\":\"search_term_string\"}}],\"inLanguage\":\"fr-FR\"},{\"@type\":\"Organization\",\"@id\":\"https:\\\/\\\/www.drugpolicy.ca\\\/fr\\\/#organization\",\"name\":\"Canadian Drug Policy Coalition\",\"url\":\"https:\\\/\\\/www.drugpolicy.ca\\\/fr\\\/\",\"logo\":{\"@type\":\"ImageObject\",\"inLanguage\":\"fr-FR\",\"@id\":\"https:\\\/\\\/www.drugpolicy.ca\\\/fr\\\/#\\\/schema\\\/logo\\\/image\\\/\",\"url\":\"https:\\\/\\\/drugpolicy.ca\\\/wp-content\\\/uploads\\\/2019\\\/04\\\/CDPC-logo-white-on-red-150-dpi.jpg\",\"contentUrl\":\"https:\\\/\\\/drugpolicy.ca\\\/wp-content\\\/uploads\\\/2019\\\/04\\\/CDPC-logo-white-on-red-150-dpi.jpg\",\"width\":332,\"height\":333,\"caption\":\"Canadian Drug Policy Coalition\"},\"image\":{\"@id\":\"https:\\\/\\\/www.drugpolicy.ca\\\/fr\\\/#\\\/schema\\\/logo\\\/image\\\/\"}}]}<\/script>\n<!-- \/ Yoast SEO plugin. -->","yoast_head_json":{"title":"Ev\u00e9nements - Canadian Drug Policy Coalition","robots":{"index":"index","follow":"follow","max-snippet":"max-snippet:-1","max-image-preview":"max-image-preview:large","max-video-preview":"max-video-preview:-1"},"canonical":"https:\/\/drugpolicy.ca\/fr\/passez-a-laction\/evenements\/","og_locale":"fr_FR","og_type":"article","og_title":"Ev\u00e9nements - Canadian Drug Policy Coalition","og_description":"\u00c9v\u00e9nements \u00e0 venir Restez en contact avec les derni\u00e8res conversations et opportunit\u00e9s d&#8217;apprentissage du CCPD. Nos prochains \u00e9v\u00e9nements rassemblent des experts et des communaut\u00e9s de tous les mouvements pour explorer les questions cl\u00e9s et les connexions en mati\u00e8re de politique des drogues. Perspectives sur 10 ans de crise The Roots of Indigenous Harm Reduction with [&hellip;]","og_url":"https:\/\/drugpolicy.ca\/fr\/passez-a-laction\/evenements\/","og_site_name":"Canadian Drug Policy Coalition","article_modified_time":"2026-02-06T18:30:54+00:00","twitter_card":"summary_large_image","twitter_misc":{"Dur\u00e9e de lecture estim\u00e9e":"3 minutes"},"schema":{"@context":"https:\/\/schema.org","@graph":[{"@type":"WebPage","@id":"https:\/\/drugpolicy.ca\/fr\/passez-a-laction\/evenements\/","url":"https:\/\/drugpolicy.ca\/fr\/passez-a-laction\/evenements\/","name":"Ev\u00e9nements - Canadian Drug Policy Coalition","isPartOf":{"@id":"https:\/\/www.drugpolicy.ca\/fr\/#website"},"datePublished":"2026-01-19T21:08:12+00:00","dateModified":"2026-02-06T18:30:54+00:00","breadcrumb":{"@id":"https:\/\/drugpolicy.ca\/fr\/passez-a-laction\/evenements\/#breadcrumb"},"inLanguage":"fr-FR","potentialAction":[{"@type":"ReadAction","target":["https:\/\/drugpolicy.ca\/fr\/passez-a-laction\/evenements\/"]}]},{"@type":"BreadcrumbList","@id":"https:\/\/drugpolicy.ca\/fr\/passez-a-laction\/evenements\/#breadcrumb","itemListElement":[{"@type":"ListItem","position":1,"name":"Home","item":"https:\/\/www.canadiandrugpolicy.ca\/fr\/"},{"@type":"ListItem","position":2,"name":"Passez \u00e0 l&#8217;action","item":"https:\/\/van-cloud2-1960-1.ezp.net\/fr\/passez-a-laction\/"},{"@type":"ListItem","position":3,"name":"Ev\u00e9nements"}]},{"@type":"WebSite","@id":"https:\/\/www.drugpolicy.ca\/fr\/#website","url":"https:\/\/www.drugpolicy.ca\/fr\/","name":"Canadian Drug Policy Coalition","description":"Change policy. Save lives.","publisher":{"@id":"https:\/\/www.drugpolicy.ca\/fr\/#organization"},"potentialAction":[{"@type":"SearchAction","target":{"@type":"EntryPoint","urlTemplate":"https:\/\/www.drugpolicy.ca\/fr\/?s={search_term_string}"},"query-input":{"@type":"PropertyValueSpecification","valueRequired":true,"valueName":"search_term_string"}}],"inLanguage":"fr-FR"},{"@type":"Organization","@id":"https:\/\/www.drugpolicy.ca\/fr\/#organization","name":"Canadian Drug Policy Coalition","url":"https:\/\/www.drugpolicy.ca\/fr\/","logo":{"@type":"ImageObject","inLanguage":"fr-FR","@id":"https:\/\/www.drugpolicy.ca\/fr\/#\/schema\/logo\/image\/","url":"https:\/\/drugpolicy.ca\/wp-content\/uploads\/2019\/04\/CDPC-logo-white-on-red-150-dpi.jpg","contentUrl":"https:\/\/drugpolicy.ca\/wp-content\/uploads\/2019\/04\/CDPC-logo-white-on-red-150-dpi.jpg","width":332,"height":333,"caption":"Canadian Drug Policy Coalition"},"image":{"@id":"https:\/\/www.drugpolicy.ca\/fr\/#\/schema\/logo\/image\/"}}]}},"mfb_rest_fields":["title","yoast_head","yoast_head_json"],"_links":{"self":[{"href":"https:\/\/drugpolicy.ca\/fr\/wp-json\/wp\/v2\/pages\/22150","targetHints":{"allow":["GET"]}}],"collection":[{"href":"https:\/\/drugpolicy.ca\/fr\/wp-json\/wp\/v2\/pages"}],"about":[{"href":"https:\/\/drugpolicy.ca\/fr\/wp-json\/wp\/v2\/types\/page"}],"author":[{"embeddable":true,"href":"https:\/\/drugpolicy.ca\/fr\/wp-json\/wp\/v2\/users\/38"}],"replies":[{"embeddable":true,"href":"https:\/\/drugpolicy.ca\/fr\/wp-json\/wp\/v2\/comments?post=22150"}],"version-history":[{"count":3,"href":"https:\/\/drugpolicy.ca\/fr\/wp-json\/wp\/v2\/pages\/22150\/revisions"}],"predecessor-version":[{"id":22290,"href":"https:\/\/drugpolicy.ca\/fr\/wp-json\/wp\/v2\/pages\/22150\/revisions\/22290"}],"up":[{"embeddable":true,"href":"https:\/\/drugpolicy.ca\/fr\/wp-json\/wp\/v2\/pages\/22160"}],"wp:attachment":[{"href":"https:\/\/drugpolicy.ca\/fr\/wp-json\/wp\/v2\/media?parent=22150"}],"curies":[{"name":"wp","href":"https:\/\/api.w.org\/{rel}","templated":true}]}}