{"id":22135,"date":"2026-01-19T12:54:57","date_gmt":"2026-01-19T20:54:57","guid":{"rendered":"https:\/\/drugpolicy.ca\/nos-travaux\/politique-du-travail-et-des-drogues\/"},"modified":"2026-01-19T12:54:59","modified_gmt":"2026-01-19T20:54:59","slug":"politique-du-travail-et-des-drogues","status":"publish","type":"page","link":"https:\/\/drugpolicy.ca\/fr\/nos-travaux\/politique-du-travail-et-des-drogues\/","title":{"rendered":"Politique du travail et des drogues"},"content":{"rendered":"\n<div class=\"wp-block-group alignwide is-layout-flow wp-block-group-is-layout-flow\">\n<div class=\"wp-block-columns is-layout-flex wp-container-core-columns-is-layout-794e3cfa wp-block-columns-is-layout-flex\">\n<div class=\"wp-block-column is-layout-flow wp-block-column-is-layout-flow\" style=\"flex-basis:60%\">\n<p class=\"wp-block-paragraph\">Une mauvaise politique en mati\u00e8re de drogues nuit aux travailleurs. La politique en mati\u00e8re de drogues est une question de travail. <\/p>\n<\/div>\n\n\n\n<div class=\"wp-block-column is-layout-flow wp-block-column-is-layout-flow\" style=\"flex-basis:40%\"><\/div>\n<\/div>\n<\/div>\n<figure style=\"aspect-ratio:21\/9; margin-top:var(--wp--preset--spacing--50);margin-bottom:var(--wp--preset--spacing--60);\" class=\"alignwide wp-block-post-featured-image\"><img loading=\"lazy\" decoding=\"async\" width=\"1920\" height=\"1080\" src=\"https:\/\/drugpolicy.ca\/wp-content\/uploads\/2025\/10\/Labour-Page-2.png\" class=\"attachment-post-thumbnail size-post-thumbnail wp-post-image\" alt=\"\" style=\"width:100%;height:100%;object-fit:cover;\" srcset=\"https:\/\/drugpolicy.ca\/wp-content\/uploads\/2025\/10\/Labour-Page-2.png 1920w, https:\/\/drugpolicy.ca\/wp-content\/uploads\/2025\/10\/Labour-Page-2-300x169.png 300w, https:\/\/drugpolicy.ca\/wp-content\/uploads\/2025\/10\/Labour-Page-2-1024x576.png 1024w, https:\/\/drugpolicy.ca\/wp-content\/uploads\/2025\/10\/Labour-Page-2-768x432.png 768w, https:\/\/drugpolicy.ca\/wp-content\/uploads\/2025\/10\/Labour-Page-2-1536x864.png 1536w\" sizes=\"auto, (max-width: 1920px) 100vw, 1920px\" \/><\/figure>\n<div class=\"wp-block-group has-global-padding is-layout-constrained wp-block-group-is-layout-constrained\" style=\"margin-top:var(--wp--preset--spacing--50);margin-bottom:var(--wp--preset--spacing--50)\">\n<p class=\"wp-block-paragraph\">Dans un contexte de crise de la drogue non r\u00e9glement\u00e9e, les travailleurs subissent les cons\u00e9quences d&#8217;une politique d\u00e9ficiente en mati\u00e8re de drogues, tout en fournissant des services essentiels : des services de proximit\u00e9 comme les biblioth\u00e8ques et les services municipaux, des soins de sant\u00e9 primaires, des services de r\u00e9duction des risques comme la consommation supervis\u00e9e et l&#8217;intervention en cas d&#8217;overdose, le soutien par les pairs et bien plus encore. Mais leur travail de sauvetage est rendu plus difficile, voire menac\u00e9, car certains dirigeants r\u00e9duisent les financements, restreignent les services et font des toxicomanes des boucs \u00e9missaires.   <\/p>\n\n\n\n<p class=\"wp-block-paragraph\">Pour construire des communaut\u00e9s fortes, nous devons soutenir et prot\u00e9ger les travailleurs. En mati\u00e8re de politique des drogues, cela signifie que nous devons mettre fin \u00e0 la criminalisation, veiller \u00e0 ce que les politiques sur le lieu de travail soient raisonnables et fond\u00e9es sur des preuves, et investir dans les choses dont nous savons qu&#8217;elles aident les communaut\u00e9s \u00e0 prosp\u00e9rer, comme des logements s\u00fbrs, des salaires d\u00e9cents et des soins de sant\u00e9 publics universels et de qualit\u00e9.   <\/p>\n<\/div>\n\n<div class=\"wp-block-group alignfull has-global-padding is-layout-constrained wp-container-core-group-is-layout-f4e5ee0e wp-block-group-is-layout-constrained\" style=\"margin-top:0;margin-bottom:0;padding-top:var(--wp--preset--spacing--60);padding-bottom:var(--wp--preset--spacing--70)\">\n<div class=\"wp-block-group alignwide is-content-justification-space-between is-nowrap is-layout-flex wp-container-core-group-is-layout-3a616c19 wp-block-group-is-layout-flex\">\n<h2 class=\"wp-block-heading\">ressources<\/h2>\n<\/div>\n\n\n\n<div class=\"wp-block-columns alignwide is-layout-flex wp-container-core-columns-is-layout-794e3cfa wp-block-columns-is-layout-flex\">\n<div class=\"wp-block-column is-layout-flow wp-block-column-is-layout-flow\">\n<figure class=\"wp-block-image size-full\" style=\"margin-bottom:24px\"><a href=\"https:\/\/drugpolicy.ca\/wp-content\/uploads\/2025\/10\/No-Drug-War-Updated-2025.09.pdf\"><img loading=\"lazy\" decoding=\"async\" width=\"1080\" height=\"1080\" src=\"https:\/\/drugpolicy.ca\/wp-content\/uploads\/2025\/10\/5.png\" alt=\"\" class=\"wp-image-21556\" style=\"aspect-ratio:1;object-fit:cover\" srcset=\"https:\/\/drugpolicy.ca\/wp-content\/uploads\/2025\/10\/5.png 1080w, https:\/\/drugpolicy.ca\/wp-content\/uploads\/2025\/10\/5-300x300.png 300w, https:\/\/drugpolicy.ca\/wp-content\/uploads\/2025\/10\/5-1024x1024.png 1024w, https:\/\/drugpolicy.ca\/wp-content\/uploads\/2025\/10\/5-150x150.png 150w, https:\/\/drugpolicy.ca\/wp-content\/uploads\/2025\/10\/5-768x768.png 768w\" sizes=\"auto, (max-width: 1080px) 100vw, 1080px\" \/><\/a><\/figure>\n\n\n\n<h3 class=\"wp-block-heading has-barlow-condensed-font-family has-large-font-size\">Pas de guerre des drogues dans l&#8217;atelier<\/h3>\n\n\n\n<p class=\"has-small-font-size wp-block-paragraph\">Les travailleurs ont droit \u00e0 la s\u00e9curit\u00e9, \u00e0 la dignit\u00e9 et \u00e0 l&#8217;autonomie, \u00e0 l&#8217;abri des sanctions et de la surveillance.<\/p>\n\n\n\n<div class=\"wp-block-buttons is-layout-flex wp-block-buttons-is-layout-flex\">\n<div class=\"wp-block-button is-style-outline-sm is-style-outline-sm--1\"><a class=\"wp-block-button__link wp-element-button\" href=\"https:\/\/drugpolicy.ca\/wp-content\/uploads\/2025\/10\/No-Drug-War-Updated-2025.09.pdf\">Lire la suite<\/a><\/div>\n<\/div>\n<\/div>\n\n\n\n<div class=\"wp-block-column is-layout-flow wp-block-column-is-layout-flow\">\n<figure class=\"wp-block-image size-full\" style=\"margin-bottom:24px\"><a href=\"https:\/\/drugpolicy.ca\/wp-content\/uploads\/2025\/10\/Test-em-All.pdf\"><img loading=\"lazy\" decoding=\"async\" width=\"1080\" height=\"1080\" src=\"https:\/\/drugpolicy.ca\/wp-content\/uploads\/2025\/10\/Website-Tiles-2.png\" alt=\"\" class=\"wp-image-21570\" style=\"aspect-ratio:1;object-fit:cover\" srcset=\"https:\/\/drugpolicy.ca\/wp-content\/uploads\/2025\/10\/Website-Tiles-2.png 1080w, https:\/\/drugpolicy.ca\/wp-content\/uploads\/2025\/10\/Website-Tiles-2-300x300.png 300w, https:\/\/drugpolicy.ca\/wp-content\/uploads\/2025\/10\/Website-Tiles-2-1024x1024.png 1024w, https:\/\/drugpolicy.ca\/wp-content\/uploads\/2025\/10\/Website-Tiles-2-150x150.png 150w, https:\/\/drugpolicy.ca\/wp-content\/uploads\/2025\/10\/Website-Tiles-2-768x768.png 768w\" sizes=\"auto, (max-width: 1080px) 100vw, 1080px\" \/><\/a><\/figure>\n\n\n\n<h3 class=\"wp-block-heading has-barlow-condensed-font-family has-large-font-size\">Consommation de substances et alt\u00e9ration des facult\u00e9s sur le lieu de travail<\/h3>\n\n\n\n<p class=\"has-small-font-size wp-block-paragraph\">La d\u00e9ficience est complexe. Les politiques de s\u00e9curit\u00e9 doivent \u00eatre \u00e9quitables, fond\u00e9es sur des donn\u00e9es probantes et exemptes de stigmatisation. <\/p>\n\n\n\n<div class=\"wp-block-buttons is-layout-flex wp-block-buttons-is-layout-flex\">\n<div class=\"wp-block-button is-style-outline-sm is-style-outline-sm--2\"><a class=\"wp-block-button__link wp-element-button\" href=\"https:\/\/drugpolicy.ca\/wp-content\/uploads\/2025\/10\/Test-em-All.pdf\">Lire la suite<\/a><\/div>\n<\/div>\n<\/div>\n\n\n\n<div class=\"wp-block-column is-layout-flow wp-block-column-is-layout-flow\">\n<figure class=\"wp-block-image size-full\" style=\"margin-bottom:24px\"><a href=\"https:\/\/drugpolicy.ca\/wp-content\/uploads\/2025\/10\/Make-it-Universal.pdf\"><img loading=\"lazy\" decoding=\"async\" width=\"1080\" height=\"1080\" src=\"https:\/\/drugpolicy.ca\/wp-content\/uploads\/2025\/10\/4.png\" alt=\"\" class=\"wp-image-21555\" style=\"aspect-ratio:1;object-fit:cover\" srcset=\"https:\/\/drugpolicy.ca\/wp-content\/uploads\/2025\/10\/4.png 1080w, https:\/\/drugpolicy.ca\/wp-content\/uploads\/2025\/10\/4-300x300.png 300w, https:\/\/drugpolicy.ca\/wp-content\/uploads\/2025\/10\/4-1024x1024.png 1024w, https:\/\/drugpolicy.ca\/wp-content\/uploads\/2025\/10\/4-150x150.png 150w, https:\/\/drugpolicy.ca\/wp-content\/uploads\/2025\/10\/4-768x768.png 768w\" sizes=\"auto, (max-width: 1080px) 100vw, 1080px\" \/><\/a><\/figure>\n\n\n\n<h3 class=\"wp-block-heading has-barlow-condensed-font-family has-large-font-size\">Rendez-le universel !<\/h3>\n\n\n\n<p class=\"has-small-font-size wp-block-paragraph\">Tout le monde m\u00e9rite d&#8217;avoir acc\u00e8s \u00e0 des soins de qualit\u00e9, sans but lucratif. Il est temps de rendre les soins de sant\u00e9 v\u00e9ritablement universels. <\/p>\n\n\n\n<div class=\"wp-block-buttons is-layout-flex wp-block-buttons-is-layout-flex\">\n<div class=\"wp-block-button is-style-outline-sm is-style-outline-sm--3\"><a class=\"wp-block-button__link wp-element-button\" href=\"https:\/\/drugpolicy.ca\/wp-content\/uploads\/2025\/10\/Make-it-Universal.pdf\">Lire la suite<\/a><\/div>\n<\/div>\n<\/div>\n<\/div>\n<\/div>\n\n<h2 class=\"wp-block-heading\">Ressources externes \u00e0 explorer :<\/h2>\n\n<ul class=\"wp-block-list\">\n<li><a href=\"https:\/\/www.wesup.org\/\">Les travailleurs pour une politique \u00e9thique en mati\u00e8re de consommation de substances psychoactives<\/a><\/li>\n\n\n\n<li><a href=\"https:\/\/static1.squarespace.com\/static\/602d6672675bb40d4f1aa13c\/t\/6375676d425a50391983f425\/1668638575453\/Workplace+Substance+Use+Policy+3.0.pdf\">Chaque + Chaque mod\u00e8le de politique d&#8217;utilisation de substances sur le lieu de travail  <\/a><\/li>\n\n\n\n<li><a href=\"https:\/\/thetailgatetoolkit.ca\/\">La bo\u00eete \u00e0 outils Tailgate<\/a><\/li>\n\n\n\n<li><a href=\"https:\/\/68f6ce34-dfcf-47f6-9e90-8955ebcf4266.filesusr.com\/ugd\/4be5a1_c2fdcd12bd7e4aeca452d9d5eeaeb125.pdf\">Prise de position de la Harm Reduction Nurses Assocation : Soutenir les infirmi\u00e8res qui consomment des substances  <\/a><\/li>\n\n\n\n<li><a href=\"https:\/\/www.researchgate.net\/publication\/314279183_Test_'Em_All_Drug_Testing_Law_Policy\">Test &#8216;Em All : Drug Testing Law &amp; Policy, Jonathan Chapnick  <\/a><\/li>\n<\/ul>\n\n<p class=\"wp-block-paragraph\"><\/p>\n","protected":false},"excerpt":{"rendered":"<p>Une mauvaise politique en mati\u00e8re de drogues nuit aux travailleurs. La politique en mati\u00e8re de drogues est une question de travail. Dans un contexte de crise de la drogue non r\u00e9glement\u00e9e, les travailleurs subissent les cons\u00e9quences d&#8217;une politique d\u00e9ficiente en mati\u00e8re de drogues, tout en fournissant des services essentiels : des services de proximit\u00e9 comme [&hellip;]<\/p>\n","protected":false},"author":38,"featured_media":22134,"parent":22117,"menu_order":0,"comment_status":"closed","ping_status":"closed","template":"","meta":{"_acf_changed":false,"_crdt_document":"","footnotes":""},"class_list":["post-22135","page","type-page","status-publish","has-post-thumbnail","hentry"],"acf":[],"mb":[],"yoast_head":"<!-- This site is optimized with the Yoast SEO plugin v27.3 - https:\/\/yoast.com\/product\/yoast-seo-wordpress\/ -->\n<title>Politique du travail et des drogues - Canadian Drug Policy Coalition<\/title>\n<meta name=\"robots\" content=\"index, follow, max-snippet:-1, max-image-preview:large, max-video-preview:-1\" \/>\n<link rel=\"canonical\" href=\"https:\/\/drugpolicy.ca\/fr\/nos-travaux\/politique-du-travail-et-des-drogues\/\" \/>\n<meta property=\"og:locale\" content=\"fr_FR\" \/>\n<meta property=\"og:type\" content=\"article\" \/>\n<meta property=\"og:title\" content=\"Politique du travail et des drogues - Canadian Drug Policy Coalition\" \/>\n<meta property=\"og:description\" content=\"Une mauvaise politique en mati\u00e8re de drogues nuit aux travailleurs. La politique en mati\u00e8re de drogues est une question de travail. Dans un contexte de crise de la drogue non r\u00e9glement\u00e9e, les travailleurs subissent les cons\u00e9quences d&#8217;une politique d\u00e9ficiente en mati\u00e8re de drogues, tout en fournissant des services essentiels : des services de proximit\u00e9 comme [&hellip;]\" \/>\n<meta property=\"og:url\" content=\"https:\/\/drugpolicy.ca\/fr\/nos-travaux\/politique-du-travail-et-des-drogues\/\" \/>\n<meta property=\"og:site_name\" content=\"Canadian Drug Policy Coalition\" \/>\n<meta property=\"article:modified_time\" content=\"2026-01-19T20:54:59+00:00\" \/>\n<meta property=\"og:image\" content=\"https:\/\/mail.drugpolicy.ca\/wp-content\/uploads\/2025\/10\/Labour-Page-2-1024x576.png\" \/>\n\t<meta property=\"og:image:width\" content=\"1024\" \/>\n\t<meta property=\"og:image:height\" content=\"576\" \/>\n\t<meta property=\"og:image:type\" content=\"image\/png\" \/>\n<meta name=\"twitter:card\" content=\"summary_large_image\" \/>\n<meta name=\"twitter:label1\" content=\"Dur\u00e9e de lecture estim\u00e9e\" \/>\n\t<meta name=\"twitter:data1\" content=\"2 minutes\" \/>\n<script type=\"application\/ld+json\" class=\"yoast-schema-graph\">{\"@context\":\"https:\\\/\\\/schema.org\",\"@graph\":[{\"@type\":\"WebPage\",\"@id\":\"https:\\\/\\\/drugpolicy.ca\\\/fr\\\/nos-travaux\\\/politique-du-travail-et-des-drogues\\\/\",\"url\":\"https:\\\/\\\/drugpolicy.ca\\\/fr\\\/nos-travaux\\\/politique-du-travail-et-des-drogues\\\/\",\"name\":\"Politique du travail et des drogues - Canadian Drug Policy Coalition\",\"isPartOf\":{\"@id\":\"https:\\\/\\\/www.drugpolicy.ca\\\/fr\\\/#website\"},\"primaryImageOfPage\":{\"@id\":\"https:\\\/\\\/drugpolicy.ca\\\/fr\\\/nos-travaux\\\/politique-du-travail-et-des-drogues\\\/#primaryimage\"},\"image\":{\"@id\":\"https:\\\/\\\/drugpolicy.ca\\\/fr\\\/nos-travaux\\\/politique-du-travail-et-des-drogues\\\/#primaryimage\"},\"thumbnailUrl\":\"https:\\\/\\\/drugpolicy.ca\\\/wp-content\\\/uploads\\\/2025\\\/10\\\/Labour-Page-2.png\",\"datePublished\":\"2026-01-19T20:54:57+00:00\",\"dateModified\":\"2026-01-19T20:54:59+00:00\",\"breadcrumb\":{\"@id\":\"https:\\\/\\\/drugpolicy.ca\\\/fr\\\/nos-travaux\\\/politique-du-travail-et-des-drogues\\\/#breadcrumb\"},\"inLanguage\":\"fr-FR\",\"potentialAction\":[{\"@type\":\"ReadAction\",\"target\":[\"https:\\\/\\\/drugpolicy.ca\\\/fr\\\/nos-travaux\\\/politique-du-travail-et-des-drogues\\\/\"]}]},{\"@type\":\"ImageObject\",\"inLanguage\":\"fr-FR\",\"@id\":\"https:\\\/\\\/drugpolicy.ca\\\/fr\\\/nos-travaux\\\/politique-du-travail-et-des-drogues\\\/#primaryimage\",\"url\":\"https:\\\/\\\/drugpolicy.ca\\\/wp-content\\\/uploads\\\/2025\\\/10\\\/Labour-Page-2.png\",\"contentUrl\":\"https:\\\/\\\/drugpolicy.ca\\\/wp-content\\\/uploads\\\/2025\\\/10\\\/Labour-Page-2.png\",\"width\":1920,\"height\":1080},{\"@type\":\"BreadcrumbList\",\"@id\":\"https:\\\/\\\/drugpolicy.ca\\\/fr\\\/nos-travaux\\\/politique-du-travail-et-des-drogues\\\/#breadcrumb\",\"itemListElement\":[{\"@type\":\"ListItem\",\"position\":1,\"name\":\"Home\",\"item\":\"https:\\\/\\\/www.canadiandrugpolicy.ca\\\/fr\\\/\"},{\"@type\":\"ListItem\",\"position\":2,\"name\":\"Nos travaux\",\"item\":\"https:\\\/\\\/backup.drugpolicy.ca\\\/fr\\\/nos-travaux\\\/\"},{\"@type\":\"ListItem\",\"position\":3,\"name\":\"Politique du travail et des drogues\"}]},{\"@type\":\"WebSite\",\"@id\":\"https:\\\/\\\/www.drugpolicy.ca\\\/fr\\\/#website\",\"url\":\"https:\\\/\\\/www.drugpolicy.ca\\\/fr\\\/\",\"name\":\"Canadian Drug Policy Coalition\",\"description\":\"Change policy. Save lives.\",\"publisher\":{\"@id\":\"https:\\\/\\\/www.drugpolicy.ca\\\/fr\\\/#organization\"},\"potentialAction\":[{\"@type\":\"SearchAction\",\"target\":{\"@type\":\"EntryPoint\",\"urlTemplate\":\"https:\\\/\\\/www.drugpolicy.ca\\\/fr\\\/?s={search_term_string}\"},\"query-input\":{\"@type\":\"PropertyValueSpecification\",\"valueRequired\":true,\"valueName\":\"search_term_string\"}}],\"inLanguage\":\"fr-FR\"},{\"@type\":\"Organization\",\"@id\":\"https:\\\/\\\/www.drugpolicy.ca\\\/fr\\\/#organization\",\"name\":\"Canadian Drug Policy Coalition\",\"url\":\"https:\\\/\\\/www.drugpolicy.ca\\\/fr\\\/\",\"logo\":{\"@type\":\"ImageObject\",\"inLanguage\":\"fr-FR\",\"@id\":\"https:\\\/\\\/www.drugpolicy.ca\\\/fr\\\/#\\\/schema\\\/logo\\\/image\\\/\",\"url\":\"https:\\\/\\\/drugpolicy.ca\\\/wp-content\\\/uploads\\\/2019\\\/04\\\/CDPC-logo-white-on-red-150-dpi.jpg\",\"contentUrl\":\"https:\\\/\\\/drugpolicy.ca\\\/wp-content\\\/uploads\\\/2019\\\/04\\\/CDPC-logo-white-on-red-150-dpi.jpg\",\"width\":332,\"height\":333,\"caption\":\"Canadian Drug Policy Coalition\"},\"image\":{\"@id\":\"https:\\\/\\\/www.drugpolicy.ca\\\/fr\\\/#\\\/schema\\\/logo\\\/image\\\/\"}}]}<\/script>\n<!-- \/ Yoast SEO plugin. -->","yoast_head_json":{"title":"Politique du travail et des drogues - Canadian Drug Policy Coalition","robots":{"index":"index","follow":"follow","max-snippet":"max-snippet:-1","max-image-preview":"max-image-preview:large","max-video-preview":"max-video-preview:-1"},"canonical":"https:\/\/drugpolicy.ca\/fr\/nos-travaux\/politique-du-travail-et-des-drogues\/","og_locale":"fr_FR","og_type":"article","og_title":"Politique du travail et des drogues - Canadian Drug Policy Coalition","og_description":"Une mauvaise politique en mati\u00e8re de drogues nuit aux travailleurs. La politique en mati\u00e8re de drogues est une question de travail. Dans un contexte de crise de la drogue non r\u00e9glement\u00e9e, les travailleurs subissent les cons\u00e9quences d&#8217;une politique d\u00e9ficiente en mati\u00e8re de drogues, tout en fournissant des services essentiels : des services de proximit\u00e9 comme [&hellip;]","og_url":"https:\/\/drugpolicy.ca\/fr\/nos-travaux\/politique-du-travail-et-des-drogues\/","og_site_name":"Canadian Drug Policy Coalition","article_modified_time":"2026-01-19T20:54:59+00:00","og_image":[{"width":1024,"height":576,"url":"https:\/\/mail.drugpolicy.ca\/wp-content\/uploads\/2025\/10\/Labour-Page-2-1024x576.png","type":"image\/png"}],"twitter_card":"summary_large_image","twitter_misc":{"Dur\u00e9e de lecture estim\u00e9e":"2 minutes"},"schema":{"@context":"https:\/\/schema.org","@graph":[{"@type":"WebPage","@id":"https:\/\/drugpolicy.ca\/fr\/nos-travaux\/politique-du-travail-et-des-drogues\/","url":"https:\/\/drugpolicy.ca\/fr\/nos-travaux\/politique-du-travail-et-des-drogues\/","name":"Politique du travail et des drogues - Canadian Drug Policy Coalition","isPartOf":{"@id":"https:\/\/www.drugpolicy.ca\/fr\/#website"},"primaryImageOfPage":{"@id":"https:\/\/drugpolicy.ca\/fr\/nos-travaux\/politique-du-travail-et-des-drogues\/#primaryimage"},"image":{"@id":"https:\/\/drugpolicy.ca\/fr\/nos-travaux\/politique-du-travail-et-des-drogues\/#primaryimage"},"thumbnailUrl":"https:\/\/drugpolicy.ca\/wp-content\/uploads\/2025\/10\/Labour-Page-2.png","datePublished":"2026-01-19T20:54:57+00:00","dateModified":"2026-01-19T20:54:59+00:00","breadcrumb":{"@id":"https:\/\/drugpolicy.ca\/fr\/nos-travaux\/politique-du-travail-et-des-drogues\/#breadcrumb"},"inLanguage":"fr-FR","potentialAction":[{"@type":"ReadAction","target":["https:\/\/drugpolicy.ca\/fr\/nos-travaux\/politique-du-travail-et-des-drogues\/"]}]},{"@type":"ImageObject","inLanguage":"fr-FR","@id":"https:\/\/drugpolicy.ca\/fr\/nos-travaux\/politique-du-travail-et-des-drogues\/#primaryimage","url":"https:\/\/drugpolicy.ca\/wp-content\/uploads\/2025\/10\/Labour-Page-2.png","contentUrl":"https:\/\/drugpolicy.ca\/wp-content\/uploads\/2025\/10\/Labour-Page-2.png","width":1920,"height":1080},{"@type":"BreadcrumbList","@id":"https:\/\/drugpolicy.ca\/fr\/nos-travaux\/politique-du-travail-et-des-drogues\/#breadcrumb","itemListElement":[{"@type":"ListItem","position":1,"name":"Home","item":"https:\/\/www.canadiandrugpolicy.ca\/fr\/"},{"@type":"ListItem","position":2,"name":"Nos travaux","item":"https:\/\/backup.drugpolicy.ca\/fr\/nos-travaux\/"},{"@type":"ListItem","position":3,"name":"Politique du travail et des drogues"}]},{"@type":"WebSite","@id":"https:\/\/www.drugpolicy.ca\/fr\/#website","url":"https:\/\/www.drugpolicy.ca\/fr\/","name":"Canadian Drug Policy Coalition","description":"Change policy. Save lives.","publisher":{"@id":"https:\/\/www.drugpolicy.ca\/fr\/#organization"},"potentialAction":[{"@type":"SearchAction","target":{"@type":"EntryPoint","urlTemplate":"https:\/\/www.drugpolicy.ca\/fr\/?s={search_term_string}"},"query-input":{"@type":"PropertyValueSpecification","valueRequired":true,"valueName":"search_term_string"}}],"inLanguage":"fr-FR"},{"@type":"Organization","@id":"https:\/\/www.drugpolicy.ca\/fr\/#organization","name":"Canadian Drug Policy Coalition","url":"https:\/\/www.drugpolicy.ca\/fr\/","logo":{"@type":"ImageObject","inLanguage":"fr-FR","@id":"https:\/\/www.drugpolicy.ca\/fr\/#\/schema\/logo\/image\/","url":"https:\/\/drugpolicy.ca\/wp-content\/uploads\/2019\/04\/CDPC-logo-white-on-red-150-dpi.jpg","contentUrl":"https:\/\/drugpolicy.ca\/wp-content\/uploads\/2019\/04\/CDPC-logo-white-on-red-150-dpi.jpg","width":332,"height":333,"caption":"Canadian Drug Policy Coalition"},"image":{"@id":"https:\/\/www.drugpolicy.ca\/fr\/#\/schema\/logo\/image\/"}}]}},"mfb_rest_fields":["title","yoast_head","yoast_head_json"],"_links":{"self":[{"href":"https:\/\/drugpolicy.ca\/fr\/wp-json\/wp\/v2\/pages\/22135","targetHints":{"allow":["GET"]}}],"collection":[{"href":"https:\/\/drugpolicy.ca\/fr\/wp-json\/wp\/v2\/pages"}],"about":[{"href":"https:\/\/drugpolicy.ca\/fr\/wp-json\/wp\/v2\/types\/page"}],"author":[{"embeddable":true,"href":"https:\/\/drugpolicy.ca\/fr\/wp-json\/wp\/v2\/users\/38"}],"replies":[{"embeddable":true,"href":"https:\/\/drugpolicy.ca\/fr\/wp-json\/wp\/v2\/comments?post=22135"}],"version-history":[{"count":2,"href":"https:\/\/drugpolicy.ca\/fr\/wp-json\/wp\/v2\/pages\/22135\/revisions"}],"predecessor-version":[{"id":22137,"href":"https:\/\/drugpolicy.ca\/fr\/wp-json\/wp\/v2\/pages\/22135\/revisions\/22137"}],"up":[{"embeddable":true,"href":"https:\/\/drugpolicy.ca\/fr\/wp-json\/wp\/v2\/pages\/22117"}],"wp:featuredmedia":[{"embeddable":true,"href":"https:\/\/drugpolicy.ca\/fr\/wp-json\/wp\/v2\/media\/22134"}],"wp:attachment":[{"href":"https:\/\/drugpolicy.ca\/fr\/wp-json\/wp\/v2\/media?parent=22135"}],"curies":[{"name":"wp","href":"https:\/\/api.w.org\/{rel}","templated":true}]}}