{"id":22125,"date":"2026-01-19T12:48:59","date_gmt":"2026-01-19T20:48:59","guid":{"rendered":"https:\/\/drugpolicy.ca\/nos-travaux\/frontieres-migrations-et-politique-des-drogues\/"},"modified":"2026-01-19T12:49:01","modified_gmt":"2026-01-19T20:49:01","slug":"frontieres-migrations-et-politique-des-drogues","status":"publish","type":"page","link":"https:\/\/drugpolicy.ca\/fr\/nos-travaux\/frontieres-migrations-et-politique-des-drogues\/","title":{"rendered":"Fronti\u00e8res, migrations et politique des drogues"},"content":{"rendered":"\n<div class=\"wp-block-group alignwide is-layout-flow wp-block-group-is-layout-flow\">\n<div class=\"wp-block-columns is-layout-flex wp-container-core-columns-is-layout-794e3cfa wp-block-columns-is-layout-flex\">\n<div class=\"wp-block-column is-layout-flow wp-block-column-is-layout-flow\" style=\"flex-basis:40%\"><\/div>\n<\/div>\n<\/div>\n<figure style=\"aspect-ratio:21\/9; margin-top:var(--wp--preset--spacing--50);margin-bottom:var(--wp--preset--spacing--60);\" class=\"alignwide wp-block-post-featured-image\"><img loading=\"lazy\" decoding=\"async\" width=\"2240\" height=\"1260\" src=\"https:\/\/drugpolicy.ca\/wp-content\/uploads\/2025\/11\/banners-8.png\" class=\"attachment-post-thumbnail size-post-thumbnail wp-post-image\" alt=\"\" style=\"width:100%;height:100%;object-fit:cover;\" srcset=\"https:\/\/drugpolicy.ca\/wp-content\/uploads\/2025\/11\/banners-8.png 2240w, https:\/\/drugpolicy.ca\/wp-content\/uploads\/2025\/11\/banners-8-300x169.png 300w, https:\/\/drugpolicy.ca\/wp-content\/uploads\/2025\/11\/banners-8-1024x576.png 1024w, https:\/\/drugpolicy.ca\/wp-content\/uploads\/2025\/11\/banners-8-768x432.png 768w, https:\/\/drugpolicy.ca\/wp-content\/uploads\/2025\/11\/banners-8-1536x864.png 1536w, https:\/\/drugpolicy.ca\/wp-content\/uploads\/2025\/11\/banners-8-2048x1152.png 2048w\" sizes=\"auto, (max-width: 2240px) 100vw, 2240px\" \/><\/figure>\n<div class=\"wp-block-group has-global-padding is-layout-constrained wp-block-group-is-layout-constrained\" style=\"margin-top:var(--wp--preset--spacing--50);margin-bottom:var(--wp--preset--spacing--50)\">\n<p class=\"wp-block-paragraph\">En p\u00e9riode d&#8217;incertitude, les politiciens d\u00e9signent des boucs \u00e9missaires parmi les communaut\u00e9s marginalis\u00e9es, accusant des personnes telles que les migrants et les toxicomanes d&#8217;\u00eatre \u00e0 l&#8217;origine de probl\u00e8mes soci\u00e9taux complexes.  <\/p>\n\n\n\n<p class=\"wp-block-paragraph\">Cette rh\u00e9torique alarmiste est \u00e0 l&#8217;origine de d\u00e9cisions meurtri\u00e8res et inutiles prises par les pouvoirs publics, qui d\u00e9pensent des fonds publics pour des interventions militaires qui alimentent la violence et l&#8217;instabilit\u00e9 \u00e0 l&#8217;\u00e9tranger, qui \u00e9tendent les pouvoirs de surveillance incontr\u00f4l\u00e9s de la police et des autorit\u00e9s frontali\u00e8res, et qui doublent la prohibition, augmentant les profits de l&#8217;approvisionnement non r\u00e9glement\u00e9 en drogues au Canada et dans le monde entier.  <\/p>\n\n\n\n<p class=\"wp-block-paragraph\">D\u00e9couvrez certains de nos travaux en partenariat avec des alli\u00e9s internationaux et des d\u00e9fenseurs des droits des migrants, afin d&#8217;analyser les probl\u00e8mes urgents en mati\u00e8re de droits de l&#8217;homme et de libert\u00e9s civiles li\u00e9s aux fronti\u00e8res, \u00e0 la politique en mati\u00e8re de drogues et \u00e0 la migration.  <\/p>\n<\/div>\n\n<div class=\"wp-block-group alignfull has-global-padding is-layout-constrained wp-container-core-group-is-layout-f4e5ee0e wp-block-group-is-layout-constrained\" style=\"margin-top:0;margin-bottom:0;padding-top:var(--wp--preset--spacing--60);padding-bottom:var(--wp--preset--spacing--70)\">\n<div class=\"wp-block-group alignwide is-content-justification-space-between is-nowrap is-layout-flex wp-container-core-group-is-layout-3a616c19 wp-block-group-is-layout-flex\">\n<h2 class=\"wp-block-heading\"><strong>Explorer le contenu connexe<\/strong><\/h2>\n<\/div>\n\n\n\n<div class=\"wp-block-columns alignwide is-layout-flex wp-container-core-columns-is-layout-794e3cfa wp-block-columns-is-layout-flex\">\n<div class=\"wp-block-column is-layout-flow wp-block-column-is-layout-flow\">\n<figure class=\"wp-block-image size-full\" style=\"margin-bottom:24px\"><a href=\"https:\/\/drugpolicy.ca\/wp-content\/uploads\/2025\/11\/C2-and-C12-Drug-Policy-Explainer-Resource-Nov-19-2025.pdf\"><img loading=\"lazy\" decoding=\"async\" width=\"1080\" height=\"1080\" src=\"https:\/\/drugpolicy.ca\/wp-content\/uploads\/2025\/11\/Website-Tiles-3.png\" alt=\"\" class=\"wp-image-21665\" style=\"aspect-ratio:1;object-fit:cover\" srcset=\"https:\/\/drugpolicy.ca\/wp-content\/uploads\/2025\/11\/Website-Tiles-3.png 1080w, https:\/\/drugpolicy.ca\/wp-content\/uploads\/2025\/11\/Website-Tiles-3-300x300.png 300w, https:\/\/drugpolicy.ca\/wp-content\/uploads\/2025\/11\/Website-Tiles-3-1024x1024.png 1024w, https:\/\/drugpolicy.ca\/wp-content\/uploads\/2025\/11\/Website-Tiles-3-150x150.png 150w, https:\/\/drugpolicy.ca\/wp-content\/uploads\/2025\/11\/Website-Tiles-3-768x768.png 768w\" sizes=\"auto, (max-width: 1080px) 100vw, 1080px\" \/><\/a><\/figure>\n\n\n\n<h3 class=\"wp-block-heading has-barlow-condensed-font-family has-large-font-size\"><strong>Les projets de loi C-2 et C-12 aggraveront la crise des m\u00e9dicaments non r\u00e9glement\u00e9s au Canada<\/strong><\/h3>\n\n\n\n<p class=\"has-small-font-size wp-block-paragraph\">Une analyse de la fa\u00e7on dont les projets de loi C-2 et C-12 aggraveraient la crise des drogues toxiques au Canada en renfor\u00e7ant l&#8217;application de la loi et en sapant les r\u00e9ponses fond\u00e9es sur la sant\u00e9.<\/p>\n\n\n\n<div class=\"wp-block-buttons is-layout-flex wp-block-buttons-is-layout-flex\">\n<div class=\"wp-block-button is-style-outline-sm is-style-outline-sm--1\"><a class=\"wp-block-button__link wp-element-button\" href=\"https:\/\/drugpolicy.ca\/wp-content\/uploads\/2025\/11\/C2-and-C12-Drug-Policy-Explainer-Resource-Nov-19-2025.pdf\">En savoir plus<\/a><\/div>\n<\/div>\n<\/div>\n\n\n\n<div class=\"wp-block-column is-layout-flow wp-block-column-is-layout-flow\">\n<figure class=\"wp-block-image size-full\" style=\"margin-bottom:24px\"><a href=\"https:\/\/us06web.zoom.us\/webinar\/register\/2417617579388\/WN_o1ySUhzjTNe2li7IpHZSAw?fbclid=IwY2xjawOK_0BleHRuA2FlbQIxMABicmlkETFRdERDSmdhUVVRYUM1OGE3c3J0YwZhcHBfaWQQMjIyMDM5MTc4ODIwMDg5MgABHraRnPjHTu2R3RR_B6kaf9VFugXMWbGsYXCu0a-kxLeVp-PLwiZjKz_-Icid_aem_Y9jw-sg8B0Ar7NFif2M6_Q#\/registration\"><img loading=\"lazy\" decoding=\"async\" width=\"2240\" height=\"1260\" src=\"https:\/\/drugpolicy.ca\/wp-content\/uploads\/2025\/11\/banners-7.png\" alt=\"\" class=\"wp-image-21585\" style=\"aspect-ratio:1;object-fit:cover\" srcset=\"https:\/\/drugpolicy.ca\/wp-content\/uploads\/2025\/11\/banners-7.png 2240w, https:\/\/drugpolicy.ca\/wp-content\/uploads\/2025\/11\/banners-7-300x169.png 300w, https:\/\/drugpolicy.ca\/wp-content\/uploads\/2025\/11\/banners-7-1024x576.png 1024w, https:\/\/drugpolicy.ca\/wp-content\/uploads\/2025\/11\/banners-7-768x432.png 768w, https:\/\/drugpolicy.ca\/wp-content\/uploads\/2025\/11\/banners-7-1536x864.png 1536w, https:\/\/drugpolicy.ca\/wp-content\/uploads\/2025\/11\/banners-7-2048x1152.png 2048w\" sizes=\"auto, (max-width: 2240px) 100vw, 2240px\" \/><\/a><\/figure>\n\n\n\n<h3 class=\"wp-block-heading has-barlow-condensed-font-family has-large-font-size\">S\u00e9minaire en ligne : Affronter la politique fond\u00e9e sur la peur \u2013 politiques sur les drogues, fronti\u00e8res et migration<\/h3>\n\n\n\n<p class=\"has-small-font-size wp-block-paragraph\">Explorez la fa\u00e7on dont les politiques en mati\u00e8re de drogues et de migration se croisent, en montrant comment la peur et la criminalisation nuisent aux communaut\u00e9s marginalis\u00e9es et aux droits de l&#8217;homme.<\/p>\n\n\n\n<div class=\"wp-block-buttons is-layout-flex wp-block-buttons-is-layout-flex\">\n<div class=\"wp-block-button is-style-outline-sm is-style-outline-sm--2\"><a class=\"wp-block-button__link wp-element-button\" href=\"https:\/\/us06web.zoom.us\/webinar\/register\/2417617579388\/WN_o1ySUhzjTNe2li7IpHZSAw?fbclid=IwY2xjawOK_0BleHRuA2FlbQIxMABicmlkETFRdERDSmdhUVVRYUM1OGE3c3J0YwZhcHBfaWQQMjIyMDM5MTc4ODIwMDg5MgABHraRnPjHTu2R3RR_B6kaf9VFugXMWbGsYXCu0a-kxLeVp-PLwiZjKz_-Icid_aem_Y9jw-sg8B0Ar7NFif2M6_Q#\/registration\">En savoir plus<\/a><\/div>\n<\/div>\n<\/div>\n\n\n\n<div class=\"wp-block-column is-layout-flow wp-block-column-is-layout-flow\">\n<figure class=\"wp-block-image size-full\" style=\"margin-bottom:24px\"><a href=\"https:\/\/drugpolicy.ca\/canadas-complicity-in-illegal-us-military-strikes\/\"><img loading=\"lazy\" decoding=\"async\" width=\"1080\" height=\"1080\" src=\"https:\/\/drugpolicy.ca\/wp-content\/uploads\/2025\/10\/blog-post-template.png\" alt=\"Des vagues qui s'entrechoquent et sur lesquelles est &#xE9;crit &quot;Blog Post&quot;.\" class=\"wp-image-21502\" style=\"aspect-ratio:1;object-fit:cover\" srcset=\"https:\/\/drugpolicy.ca\/wp-content\/uploads\/2025\/10\/blog-post-template.png 1080w, https:\/\/drugpolicy.ca\/wp-content\/uploads\/2025\/10\/blog-post-template-300x300.png 300w, https:\/\/drugpolicy.ca\/wp-content\/uploads\/2025\/10\/blog-post-template-1024x1024.png 1024w, https:\/\/drugpolicy.ca\/wp-content\/uploads\/2025\/10\/blog-post-template-150x150.png 150w, https:\/\/drugpolicy.ca\/wp-content\/uploads\/2025\/10\/blog-post-template-768x768.png 768w\" sizes=\"auto, (max-width: 1080px) 100vw, 1080px\" \/><\/a><\/figure>\n\n\n\n<h3 class=\"wp-block-heading has-barlow-condensed-font-family has-large-font-size\">Complicit\u00e9 du Canada avec les frappes militaires ill\u00e9gales des \u00c9tats-Unis : Quand la politique de sant\u00e9 publique en mati\u00e8re de drogues rencontre les ex\u00e9cutions extrajudiciaires  <\/h3>\n\n\n\n<p class=\"has-small-font-size wp-block-paragraph\">Le r\u00f4le du Canada dans les frappes militaires am\u00e9ricaines soul\u00e8ve de graves pr\u00e9occupations en mati\u00e8re de droits de l&#8217;homme.<\/p>\n\n\n\n<div class=\"wp-block-buttons is-layout-flex wp-block-buttons-is-layout-flex\">\n<div class=\"wp-block-button is-style-outline-sm is-style-outline-sm--3\"><a class=\"wp-block-button__link wp-element-button\" href=\"https:\/\/drugpolicy.ca\/canadas-complicity-in-illegal-us-military-strikes\/\">En savoir plus<\/a><\/div>\n<\/div>\n<\/div>\n<\/div>\n<\/div>\n","protected":false},"excerpt":{"rendered":"<p>En p\u00e9riode d&#8217;incertitude, les politiciens d\u00e9signent des boucs \u00e9missaires parmi les communaut\u00e9s marginalis\u00e9es, accusant des personnes telles que les migrants et les toxicomanes d&#8217;\u00eatre \u00e0 l&#8217;origine de probl\u00e8mes soci\u00e9taux complexes. Cette rh\u00e9torique alarmiste est \u00e0 l&#8217;origine de d\u00e9cisions meurtri\u00e8res et inutiles prises par les pouvoirs publics, qui d\u00e9pensent des fonds publics pour des interventions militaires [&hellip;]<\/p>\n","protected":false},"author":38,"featured_media":22124,"parent":22117,"menu_order":0,"comment_status":"closed","ping_status":"closed","template":"","meta":{"_acf_changed":false,"_crdt_document":"","footnotes":""},"class_list":["post-22125","page","type-page","status-publish","has-post-thumbnail","hentry"],"acf":[],"mb":[],"yoast_head":"<!-- This site is optimized with the Yoast SEO plugin v27.3 - https:\/\/yoast.com\/product\/yoast-seo-wordpress\/ -->\n<title>Fronti\u00e8res, migrations et politique des drogues - Canadian Drug Policy Coalition<\/title>\n<meta name=\"robots\" content=\"index, follow, max-snippet:-1, max-image-preview:large, max-video-preview:-1\" \/>\n<link rel=\"canonical\" href=\"https:\/\/drugpolicy.ca\/fr\/nos-travaux\/frontieres-migrations-et-politique-des-drogues\/\" \/>\n<meta property=\"og:locale\" content=\"fr_FR\" \/>\n<meta property=\"og:type\" content=\"article\" \/>\n<meta property=\"og:title\" content=\"Fronti\u00e8res, migrations et politique des drogues - Canadian Drug Policy Coalition\" \/>\n<meta property=\"og:description\" content=\"En p\u00e9riode d&#8217;incertitude, les politiciens d\u00e9signent des boucs \u00e9missaires parmi les communaut\u00e9s marginalis\u00e9es, accusant des personnes telles que les migrants et les toxicomanes d&#8217;\u00eatre \u00e0 l&#8217;origine de probl\u00e8mes soci\u00e9taux complexes. Cette rh\u00e9torique alarmiste est \u00e0 l&#8217;origine de d\u00e9cisions meurtri\u00e8res et inutiles prises par les pouvoirs publics, qui d\u00e9pensent des fonds publics pour des interventions militaires [&hellip;]\" \/>\n<meta property=\"og:url\" content=\"https:\/\/drugpolicy.ca\/fr\/nos-travaux\/frontieres-migrations-et-politique-des-drogues\/\" \/>\n<meta property=\"og:site_name\" content=\"Canadian Drug Policy Coalition\" \/>\n<meta property=\"article:modified_time\" content=\"2026-01-19T20:49:01+00:00\" \/>\n<meta property=\"og:image\" content=\"https:\/\/backup.drugpolicy.ca\/wp-content\/uploads\/2025\/11\/banners-8-1024x576.png\" \/>\n\t<meta property=\"og:image:width\" content=\"1024\" \/>\n\t<meta property=\"og:image:height\" content=\"576\" \/>\n\t<meta property=\"og:image:type\" content=\"image\/png\" \/>\n<meta name=\"twitter:card\" content=\"summary_large_image\" \/>\n<meta name=\"twitter:label1\" content=\"Dur\u00e9e de lecture estim\u00e9e\" \/>\n\t<meta name=\"twitter:data1\" content=\"2 minutes\" \/>\n<script type=\"application\/ld+json\" class=\"yoast-schema-graph\">{\"@context\":\"https:\\\/\\\/schema.org\",\"@graph\":[{\"@type\":\"WebPage\",\"@id\":\"https:\\\/\\\/drugpolicy.ca\\\/fr\\\/nos-travaux\\\/frontieres-migrations-et-politique-des-drogues\\\/\",\"url\":\"https:\\\/\\\/drugpolicy.ca\\\/fr\\\/nos-travaux\\\/frontieres-migrations-et-politique-des-drogues\\\/\",\"name\":\"Fronti\u00e8res, migrations et politique des drogues - Canadian Drug Policy Coalition\",\"isPartOf\":{\"@id\":\"https:\\\/\\\/www.drugpolicy.ca\\\/fr\\\/#website\"},\"primaryImageOfPage\":{\"@id\":\"https:\\\/\\\/drugpolicy.ca\\\/fr\\\/nos-travaux\\\/frontieres-migrations-et-politique-des-drogues\\\/#primaryimage\"},\"image\":{\"@id\":\"https:\\\/\\\/drugpolicy.ca\\\/fr\\\/nos-travaux\\\/frontieres-migrations-et-politique-des-drogues\\\/#primaryimage\"},\"thumbnailUrl\":\"https:\\\/\\\/drugpolicy.ca\\\/wp-content\\\/uploads\\\/2025\\\/11\\\/banners-8.png\",\"datePublished\":\"2026-01-19T20:48:59+00:00\",\"dateModified\":\"2026-01-19T20:49:01+00:00\",\"breadcrumb\":{\"@id\":\"https:\\\/\\\/drugpolicy.ca\\\/fr\\\/nos-travaux\\\/frontieres-migrations-et-politique-des-drogues\\\/#breadcrumb\"},\"inLanguage\":\"fr-FR\",\"potentialAction\":[{\"@type\":\"ReadAction\",\"target\":[\"https:\\\/\\\/drugpolicy.ca\\\/fr\\\/nos-travaux\\\/frontieres-migrations-et-politique-des-drogues\\\/\"]}]},{\"@type\":\"ImageObject\",\"inLanguage\":\"fr-FR\",\"@id\":\"https:\\\/\\\/drugpolicy.ca\\\/fr\\\/nos-travaux\\\/frontieres-migrations-et-politique-des-drogues\\\/#primaryimage\",\"url\":\"https:\\\/\\\/drugpolicy.ca\\\/wp-content\\\/uploads\\\/2025\\\/11\\\/banners-8.png\",\"contentUrl\":\"https:\\\/\\\/drugpolicy.ca\\\/wp-content\\\/uploads\\\/2025\\\/11\\\/banners-8.png\",\"width\":2240,\"height\":1260},{\"@type\":\"BreadcrumbList\",\"@id\":\"https:\\\/\\\/drugpolicy.ca\\\/fr\\\/nos-travaux\\\/frontieres-migrations-et-politique-des-drogues\\\/#breadcrumb\",\"itemListElement\":[{\"@type\":\"ListItem\",\"position\":1,\"name\":\"Home\",\"item\":\"https:\\\/\\\/www.canadiandrugpolicy.ca\\\/fr\\\/\"},{\"@type\":\"ListItem\",\"position\":2,\"name\":\"Nos travaux\",\"item\":\"https:\\\/\\\/backup.drugpolicy.ca\\\/fr\\\/nos-travaux\\\/\"},{\"@type\":\"ListItem\",\"position\":3,\"name\":\"Fronti\u00e8res, migrations et politique des drogues\"}]},{\"@type\":\"WebSite\",\"@id\":\"https:\\\/\\\/www.drugpolicy.ca\\\/fr\\\/#website\",\"url\":\"https:\\\/\\\/www.drugpolicy.ca\\\/fr\\\/\",\"name\":\"Canadian Drug Policy Coalition\",\"description\":\"Change policy. Save lives.\",\"publisher\":{\"@id\":\"https:\\\/\\\/www.drugpolicy.ca\\\/fr\\\/#organization\"},\"potentialAction\":[{\"@type\":\"SearchAction\",\"target\":{\"@type\":\"EntryPoint\",\"urlTemplate\":\"https:\\\/\\\/www.drugpolicy.ca\\\/fr\\\/?s={search_term_string}\"},\"query-input\":{\"@type\":\"PropertyValueSpecification\",\"valueRequired\":true,\"valueName\":\"search_term_string\"}}],\"inLanguage\":\"fr-FR\"},{\"@type\":\"Organization\",\"@id\":\"https:\\\/\\\/www.drugpolicy.ca\\\/fr\\\/#organization\",\"name\":\"Canadian Drug Policy Coalition\",\"url\":\"https:\\\/\\\/www.drugpolicy.ca\\\/fr\\\/\",\"logo\":{\"@type\":\"ImageObject\",\"inLanguage\":\"fr-FR\",\"@id\":\"https:\\\/\\\/www.drugpolicy.ca\\\/fr\\\/#\\\/schema\\\/logo\\\/image\\\/\",\"url\":\"https:\\\/\\\/drugpolicy.ca\\\/wp-content\\\/uploads\\\/2019\\\/04\\\/CDPC-logo-white-on-red-150-dpi.jpg\",\"contentUrl\":\"https:\\\/\\\/drugpolicy.ca\\\/wp-content\\\/uploads\\\/2019\\\/04\\\/CDPC-logo-white-on-red-150-dpi.jpg\",\"width\":332,\"height\":333,\"caption\":\"Canadian Drug Policy Coalition\"},\"image\":{\"@id\":\"https:\\\/\\\/www.drugpolicy.ca\\\/fr\\\/#\\\/schema\\\/logo\\\/image\\\/\"}}]}<\/script>\n<!-- \/ Yoast SEO plugin. -->","yoast_head_json":{"title":"Fronti\u00e8res, migrations et politique des drogues - Canadian Drug Policy Coalition","robots":{"index":"index","follow":"follow","max-snippet":"max-snippet:-1","max-image-preview":"max-image-preview:large","max-video-preview":"max-video-preview:-1"},"canonical":"https:\/\/drugpolicy.ca\/fr\/nos-travaux\/frontieres-migrations-et-politique-des-drogues\/","og_locale":"fr_FR","og_type":"article","og_title":"Fronti\u00e8res, migrations et politique des drogues - Canadian Drug Policy Coalition","og_description":"En p\u00e9riode d&#8217;incertitude, les politiciens d\u00e9signent des boucs \u00e9missaires parmi les communaut\u00e9s marginalis\u00e9es, accusant des personnes telles que les migrants et les toxicomanes d&#8217;\u00eatre \u00e0 l&#8217;origine de probl\u00e8mes soci\u00e9taux complexes. Cette rh\u00e9torique alarmiste est \u00e0 l&#8217;origine de d\u00e9cisions meurtri\u00e8res et inutiles prises par les pouvoirs publics, qui d\u00e9pensent des fonds publics pour des interventions militaires [&hellip;]","og_url":"https:\/\/drugpolicy.ca\/fr\/nos-travaux\/frontieres-migrations-et-politique-des-drogues\/","og_site_name":"Canadian Drug Policy Coalition","article_modified_time":"2026-01-19T20:49:01+00:00","og_image":[{"width":1024,"height":576,"url":"https:\/\/backup.drugpolicy.ca\/wp-content\/uploads\/2025\/11\/banners-8-1024x576.png","type":"image\/png"}],"twitter_card":"summary_large_image","twitter_misc":{"Dur\u00e9e de lecture estim\u00e9e":"2 minutes"},"schema":{"@context":"https:\/\/schema.org","@graph":[{"@type":"WebPage","@id":"https:\/\/drugpolicy.ca\/fr\/nos-travaux\/frontieres-migrations-et-politique-des-drogues\/","url":"https:\/\/drugpolicy.ca\/fr\/nos-travaux\/frontieres-migrations-et-politique-des-drogues\/","name":"Fronti\u00e8res, migrations et politique des drogues - Canadian Drug Policy Coalition","isPartOf":{"@id":"https:\/\/www.drugpolicy.ca\/fr\/#website"},"primaryImageOfPage":{"@id":"https:\/\/drugpolicy.ca\/fr\/nos-travaux\/frontieres-migrations-et-politique-des-drogues\/#primaryimage"},"image":{"@id":"https:\/\/drugpolicy.ca\/fr\/nos-travaux\/frontieres-migrations-et-politique-des-drogues\/#primaryimage"},"thumbnailUrl":"https:\/\/drugpolicy.ca\/wp-content\/uploads\/2025\/11\/banners-8.png","datePublished":"2026-01-19T20:48:59+00:00","dateModified":"2026-01-19T20:49:01+00:00","breadcrumb":{"@id":"https:\/\/drugpolicy.ca\/fr\/nos-travaux\/frontieres-migrations-et-politique-des-drogues\/#breadcrumb"},"inLanguage":"fr-FR","potentialAction":[{"@type":"ReadAction","target":["https:\/\/drugpolicy.ca\/fr\/nos-travaux\/frontieres-migrations-et-politique-des-drogues\/"]}]},{"@type":"ImageObject","inLanguage":"fr-FR","@id":"https:\/\/drugpolicy.ca\/fr\/nos-travaux\/frontieres-migrations-et-politique-des-drogues\/#primaryimage","url":"https:\/\/drugpolicy.ca\/wp-content\/uploads\/2025\/11\/banners-8.png","contentUrl":"https:\/\/drugpolicy.ca\/wp-content\/uploads\/2025\/11\/banners-8.png","width":2240,"height":1260},{"@type":"BreadcrumbList","@id":"https:\/\/drugpolicy.ca\/fr\/nos-travaux\/frontieres-migrations-et-politique-des-drogues\/#breadcrumb","itemListElement":[{"@type":"ListItem","position":1,"name":"Home","item":"https:\/\/www.canadiandrugpolicy.ca\/fr\/"},{"@type":"ListItem","position":2,"name":"Nos travaux","item":"https:\/\/backup.drugpolicy.ca\/fr\/nos-travaux\/"},{"@type":"ListItem","position":3,"name":"Fronti\u00e8res, migrations et politique des drogues"}]},{"@type":"WebSite","@id":"https:\/\/www.drugpolicy.ca\/fr\/#website","url":"https:\/\/www.drugpolicy.ca\/fr\/","name":"Canadian Drug Policy Coalition","description":"Change policy. Save lives.","publisher":{"@id":"https:\/\/www.drugpolicy.ca\/fr\/#organization"},"potentialAction":[{"@type":"SearchAction","target":{"@type":"EntryPoint","urlTemplate":"https:\/\/www.drugpolicy.ca\/fr\/?s={search_term_string}"},"query-input":{"@type":"PropertyValueSpecification","valueRequired":true,"valueName":"search_term_string"}}],"inLanguage":"fr-FR"},{"@type":"Organization","@id":"https:\/\/www.drugpolicy.ca\/fr\/#organization","name":"Canadian Drug Policy Coalition","url":"https:\/\/www.drugpolicy.ca\/fr\/","logo":{"@type":"ImageObject","inLanguage":"fr-FR","@id":"https:\/\/www.drugpolicy.ca\/fr\/#\/schema\/logo\/image\/","url":"https:\/\/drugpolicy.ca\/wp-content\/uploads\/2019\/04\/CDPC-logo-white-on-red-150-dpi.jpg","contentUrl":"https:\/\/drugpolicy.ca\/wp-content\/uploads\/2019\/04\/CDPC-logo-white-on-red-150-dpi.jpg","width":332,"height":333,"caption":"Canadian Drug Policy Coalition"},"image":{"@id":"https:\/\/www.drugpolicy.ca\/fr\/#\/schema\/logo\/image\/"}}]}},"mfb_rest_fields":["title","yoast_head","yoast_head_json"],"_links":{"self":[{"href":"https:\/\/drugpolicy.ca\/fr\/wp-json\/wp\/v2\/pages\/22125","targetHints":{"allow":["GET"]}}],"collection":[{"href":"https:\/\/drugpolicy.ca\/fr\/wp-json\/wp\/v2\/pages"}],"about":[{"href":"https:\/\/drugpolicy.ca\/fr\/wp-json\/wp\/v2\/types\/page"}],"author":[{"embeddable":true,"href":"https:\/\/drugpolicy.ca\/fr\/wp-json\/wp\/v2\/users\/38"}],"replies":[{"embeddable":true,"href":"https:\/\/drugpolicy.ca\/fr\/wp-json\/wp\/v2\/comments?post=22125"}],"version-history":[{"count":2,"href":"https:\/\/drugpolicy.ca\/fr\/wp-json\/wp\/v2\/pages\/22125\/revisions"}],"predecessor-version":[{"id":22127,"href":"https:\/\/drugpolicy.ca\/fr\/wp-json\/wp\/v2\/pages\/22125\/revisions\/22127"}],"up":[{"embeddable":true,"href":"https:\/\/drugpolicy.ca\/fr\/wp-json\/wp\/v2\/pages\/22117"}],"wp:featuredmedia":[{"embeddable":true,"href":"https:\/\/drugpolicy.ca\/fr\/wp-json\/wp\/v2\/media\/22124"}],"wp:attachment":[{"href":"https:\/\/drugpolicy.ca\/fr\/wp-json\/wp\/v2\/media?parent=22125"}],"curies":[{"name":"wp","href":"https:\/\/api.w.org\/{rel}","templated":true}]}}