{"id":22117,"date":"2026-01-19T12:45:29","date_gmt":"2026-01-19T20:45:29","guid":{"rendered":"https:\/\/drugpolicy.ca\/nos-travaux\/"},"modified":"2026-02-17T08:26:49","modified_gmt":"2026-02-17T16:26:49","slug":"nos-travaux","status":"publish","type":"page","link":"https:\/\/drugpolicy.ca\/fr\/nos-travaux\/","title":{"rendered":"Nos travaux"},"content":{"rendered":"\n<div class=\"wp-block-group alignwide is-layout-flow wp-block-group-is-layout-flow\">\n<div class=\"wp-block-columns is-layout-flex wp-container-core-columns-is-layout-794e3cfa wp-block-columns-is-layout-flex\">\n<div class=\"wp-block-column is-layout-flow wp-block-column-is-layout-flow\" style=\"flex-basis:60%\">\n<p class=\"wp-block-paragraph\">Nous proposons des approches pratiques et fond\u00e9es sur des donn\u00e9es probantes pour les politiques en mati\u00e8re de drogues qui donnent la priorit\u00e9 \u00e0 la sant\u00e9, \u00e0 la s\u00e9curit\u00e9 et aux droits. Notre travail relie la recherche, les connaissances des communaut\u00e9s et des exp\u00e9riences v\u00e9cues, et l&#8217;expertise politique pour construire des syst\u00e8mes plus efficaces au Canada.   <\/p>\n<\/div>\n\n\n\n<div class=\"wp-block-column is-layout-flow wp-block-column-is-layout-flow\" style=\"flex-basis:40%\"><\/div>\n<\/div>\n<\/div>\n<figure style=\"aspect-ratio:21\/9; margin-top:var(--wp--preset--spacing--50);margin-bottom:var(--wp--preset--spacing--60);\" class=\"alignwide wp-block-post-featured-image\"><img loading=\"lazy\" decoding=\"async\" width=\"2560\" height=\"1707\" src=\"https:\/\/drugpolicy.ca\/wp-content\/uploads\/2021\/01\/1-IMG_3628-scaled.jpg\" class=\"attachment-post-thumbnail size-post-thumbnail wp-post-image\" alt=\"La foule s&#039;est rassembl\u00e9e dans le quartier Downtown Eastside\" style=\"width:100%;height:100%;object-fit:cover;\" srcset=\"https:\/\/drugpolicy.ca\/wp-content\/uploads\/2021\/01\/1-IMG_3628-scaled.jpg 2560w, https:\/\/drugpolicy.ca\/wp-content\/uploads\/2021\/01\/1-IMG_3628-300x200.jpg 300w, https:\/\/drugpolicy.ca\/wp-content\/uploads\/2021\/01\/1-IMG_3628-1024x683.jpg 1024w, https:\/\/drugpolicy.ca\/wp-content\/uploads\/2021\/01\/1-IMG_3628-768x512.jpg 768w, https:\/\/drugpolicy.ca\/wp-content\/uploads\/2021\/01\/1-IMG_3628-1536x1024.jpg 1536w, https:\/\/drugpolicy.ca\/wp-content\/uploads\/2021\/01\/1-IMG_3628-2048x1365.jpg 2048w\" sizes=\"auto, (max-width: 2560px) 100vw, 2560px\" \/><\/figure>\n<div class=\"wp-block-group alignwide has-global-padding is-layout-constrained wp-container-core-group-is-layout-bca65a66 wp-block-group-is-layout-constrained\" style=\"margin-top:0;margin-bottom:0;padding-top:var(--wp--preset--spacing--70);padding-right:var(--wp--preset--spacing--60);padding-bottom:var(--wp--preset--spacing--70)\">\n<div class=\"wp-block-columns alignwide is-layout-flex wp-container-core-columns-is-layout-0ed21787 wp-block-columns-is-layout-flex\">\n<div class=\"wp-block-column is-layout-flow wp-block-column-is-layout-flow\">\n<h2 class=\"wp-block-heading\"><strong>Cr\u00e9er une politique des drogues efficace et compatissante au Canada  <\/strong> <\/h2>\n<\/div>\n\n\n\n<div class=\"wp-block-column has-small-font-size is-layout-flow wp-block-column-is-layout-flow\">\n<p class=\"wp-block-paragraph\">Nous dirigeons et collaborons \u00e0 des initiatives qui transforment les donn\u00e9es probantes en actions :  <\/p>\n\n\n\n<ul class=\"wp-block-list\">\n<li>Pour mettre fin \u00e0 une crise : une vision pour la politique en mati\u00e8re de drogues en Colombie-Britannique : a d\u00e9velopp\u00e9 un cadre qui aligne les lois sur les drogues sur la sant\u00e9, l&#8217;\u00e9quit\u00e9 et les droits. <\/li>\n<\/ul>\n\n\n\n<ul class=\"wp-block-list\">\n<li>Engagement international : contribution des perspectives et de l&#8217;expertise de la soci\u00e9t\u00e9 civile canadienne aux discussions politiques mondiales par l&#8217;interm\u00e9diaire des Nations unies et de groupes de travail internationaux, de coalitions et d&#8217;\u00e9v\u00e9nements d&#8217;\u00e9change de connaissances.  <\/li>\n<\/ul>\n\n\n\n<ul class=\"wp-block-list\">\n<li>Projets ant\u00e9rieurs : <em>Case for Reform, Imagine Safe Supply et Aller a l&#8217;avant<\/em><em> <\/em>ont tous aliment\u00e9 des conversations nationales et des recommandations politiques en faveur d&#8217;approches fond\u00e9es sur la sant\u00e9 et les droits. <\/li>\n<\/ul>\n\n\n\n<p class=\"wp-block-paragraph\">Explorez nos initiatives actuelles et pass\u00e9es pour voir comment nos recommandations de changement pourraient renforcer la s\u00e9curit\u00e9 et le bien-\u00eatre des communaut\u00e9s.<\/p>\n<\/div>\n<\/div>\n<\/div>\n\n<div class=\"wp-block-group alignfull has-global-padding is-layout-constrained wp-container-core-group-is-layout-f4e5ee0e wp-block-group-is-layout-constrained\" style=\"margin-top:0;margin-bottom:0;padding-top:var(--wp--preset--spacing--60);padding-bottom:var(--wp--preset--spacing--70)\">\n<div class=\"wp-block-group alignwide is-content-justification-space-between is-nowrap is-layout-flex wp-container-core-group-is-layout-3a616c19 wp-block-group-is-layout-flex\">\n<h2 class=\"wp-block-heading\">Nos travaux<\/h2>\n<\/div>\n\n\n\n<div class=\"wp-block-columns alignwide is-layout-flex wp-container-core-columns-is-layout-794e3cfa wp-block-columns-is-layout-flex\">\n<div class=\"wp-block-column is-layout-flow wp-block-column-is-layout-flow\">\n<figure class=\"wp-block-image size-full\" style=\"margin-bottom:24px\"><a href=\"https:\/\/drugpolicy.ca\/fr\/nos-travaux\/pour-mettre-fin-a-une-crise-une-vision-pour-la-politique-en-matiere-de-drogues-en-colombie-britannique\/\"><img loading=\"lazy\" decoding=\"async\" width=\"1080\" height=\"1080\" src=\"https:\/\/drugpolicy.ca\/wp-content\/uploads\/2025\/10\/home-page-issues-2.png\" alt=\"\" class=\"wp-image-21291\" style=\"aspect-ratio:1;object-fit:cover\" srcset=\"https:\/\/drugpolicy.ca\/wp-content\/uploads\/2025\/10\/home-page-issues-2.png 1080w, https:\/\/drugpolicy.ca\/wp-content\/uploads\/2025\/10\/home-page-issues-2-300x300.png 300w, https:\/\/drugpolicy.ca\/wp-content\/uploads\/2025\/10\/home-page-issues-2-1024x1024.png 1024w, https:\/\/drugpolicy.ca\/wp-content\/uploads\/2025\/10\/home-page-issues-2-150x150.png 150w, https:\/\/drugpolicy.ca\/wp-content\/uploads\/2025\/10\/home-page-issues-2-768x768.png 768w\" sizes=\"auto, (max-width: 1080px) 100vw, 1080px\" \/><\/a><\/figure>\n\n\n\n<h3 class=\"wp-block-heading has-barlow-condensed-font-family has-large-font-size\">Pour mettre fin \u00e0 une crise : Une vision pour la politique en mati\u00e8re de drogues en Colombie-Britannique<\/h3>\n\n\n\n<p class=\"has-small-font-size wp-block-paragraph\">Aligner les lois sur les drogues en Colombie-Britannique sur la sant\u00e9, l&#8217;\u00e9quit\u00e9 et les droits de l&#8217;homme.<\/p>\n\n\n\n<div class=\"wp-block-buttons is-layout-flex wp-block-buttons-is-layout-flex\">\n<div class=\"wp-block-button is-style-outline-sm is-style-outline-sm--1\"><a class=\"wp-block-button__link wp-element-button\" href=\"https:\/\/drugpolicy.ca\/fr\/nos-travaux\/pour-mettre-fin-a-une-crise-une-vision-pour-la-politique-en-matiere-de-drogues-en-colombie-britannique\/\">Lire la suite<\/a><\/div>\n<\/div>\n<\/div>\n\n\n\n<div class=\"wp-block-column is-layout-flow wp-block-column-is-layout-flow\">\n<figure class=\"wp-block-image size-full\" style=\"margin-bottom:24px\"><a href=\"https:\/\/drugpolicy.ca\/fr\/nos-travaux\/international\/\"><img loading=\"lazy\" decoding=\"async\" width=\"1080\" height=\"1080\" src=\"https:\/\/drugpolicy.ca\/wp-content\/uploads\/2025\/10\/home-page-issues.png\" alt=\"\" class=\"wp-image-21290\" style=\"aspect-ratio:1;object-fit:cover\" srcset=\"https:\/\/drugpolicy.ca\/wp-content\/uploads\/2025\/10\/home-page-issues.png 1080w, https:\/\/drugpolicy.ca\/wp-content\/uploads\/2025\/10\/home-page-issues-300x300.png 300w, https:\/\/drugpolicy.ca\/wp-content\/uploads\/2025\/10\/home-page-issues-1024x1024.png 1024w, https:\/\/drugpolicy.ca\/wp-content\/uploads\/2025\/10\/home-page-issues-150x150.png 150w, https:\/\/drugpolicy.ca\/wp-content\/uploads\/2025\/10\/home-page-issues-768x768.png 768w\" sizes=\"auto, (max-width: 1080px) 100vw, 1080px\" \/><\/a><\/figure>\n\n\n\n<h3 class=\"wp-block-heading has-barlow-condensed-font-family has-large-font-size\">Engagement international<\/h3>\n\n\n\n<p class=\"has-small-font-size wp-block-paragraph\">Apporter l&#8217;expertise canadienne aux discussions sur la politique mondiale en mati\u00e8re de drogues.<\/p>\n\n\n\n<div class=\"wp-block-buttons is-layout-flex wp-block-buttons-is-layout-flex\">\n<div class=\"wp-block-button is-style-outline-sm is-style-outline-sm--2\"><a class=\"wp-block-button__link wp-element-button\" href=\"https:\/\/drugpolicy.ca\/fr\/nos-travaux\/international\/\">Lire la suite<\/a><\/div>\n<\/div>\n<\/div>\n\n\n\n<div class=\"wp-block-column is-layout-flow wp-block-column-is-layout-flow\">\n<figure class=\"wp-block-image size-full\" style=\"margin-bottom:24px\"><a href=\"https:\/\/drugpolicy.ca\/fr\/nos-travaux\/travaux-precedents\/\"><img loading=\"lazy\" decoding=\"async\" width=\"1080\" height=\"1080\" src=\"https:\/\/drugpolicy.ca\/wp-content\/uploads\/2025\/10\/home-page-issues-3.png\" alt=\"\" class=\"wp-image-21293\" style=\"aspect-ratio:1;object-fit:cover\" srcset=\"https:\/\/drugpolicy.ca\/wp-content\/uploads\/2025\/10\/home-page-issues-3.png 1080w, https:\/\/drugpolicy.ca\/wp-content\/uploads\/2025\/10\/home-page-issues-3-300x300.png 300w, https:\/\/drugpolicy.ca\/wp-content\/uploads\/2025\/10\/home-page-issues-3-1024x1024.png 1024w, https:\/\/drugpolicy.ca\/wp-content\/uploads\/2025\/10\/home-page-issues-3-150x150.png 150w, https:\/\/drugpolicy.ca\/wp-content\/uploads\/2025\/10\/home-page-issues-3-768x768.png 768w\" sizes=\"auto, (max-width: 1080px) 100vw, 1080px\" \/><\/a><\/figure>\n\n\n\n<h3 class=\"wp-block-heading has-barlow-condensed-font-family has-large-font-size\">Previous Work<\/h3>\n\n\n\n<p class=\"has-small-font-size wp-block-paragraph\">Influencer la politique nationale en mati\u00e8re de drogues par la recherche, le plaidoyer et l&#8217;engagement communautaire.<\/p>\n\n\n\n<div class=\"wp-block-buttons is-layout-flex wp-block-buttons-is-layout-flex\">\n<div class=\"wp-block-button is-style-outline-sm is-style-outline-sm--3\"><a class=\"wp-block-button__link wp-element-button\" href=\"https:\/\/drugpolicy.ca\/fr\/nos-travaux\/travaux-precedents\/\">Lire la suite<\/a><\/div>\n<\/div>\n<\/div>\n<\/div>\n<\/div>\n\n<div class=\"wp-block-columns alignwide is-layout-flex wp-container-core-columns-is-layout-794e3cfa wp-block-columns-is-layout-flex\">\n<div class=\"wp-block-column is-layout-flow wp-block-column-is-layout-flow\">\n<figure class=\"wp-block-image size-large\"><a href=\"https:\/\/drugpolicy.ca\/fr\/nos-travaux\/politique-du-travail-et-des-drogues\/\"><img loading=\"lazy\" decoding=\"async\" width=\"1024\" height=\"1024\" src=\"https:\/\/drugpolicy.ca\/wp-content\/uploads\/2025\/10\/Website-Tiles-1024x1024.png\" alt=\"\" class=\"wp-image-21562\" srcset=\"https:\/\/drugpolicy.ca\/wp-content\/uploads\/2025\/10\/Website-Tiles-1024x1024.png 1024w, https:\/\/drugpolicy.ca\/wp-content\/uploads\/2025\/10\/Website-Tiles-300x300.png 300w, https:\/\/drugpolicy.ca\/wp-content\/uploads\/2025\/10\/Website-Tiles-150x150.png 150w, https:\/\/drugpolicy.ca\/wp-content\/uploads\/2025\/10\/Website-Tiles-768x768.png 768w, https:\/\/drugpolicy.ca\/wp-content\/uploads\/2025\/10\/Website-Tiles.png 1080w\" sizes=\"auto, (max-width: 1024px) 100vw, 1024px\" \/><\/a><\/figure>\n\n\n\n<h3 class=\"wp-block-heading has-barlow-condensed-font-family has-large-font-size\"><strong>Politique du travail et des drogues<\/strong> <\/h3>\n\n\n\n<p class=\"has-small-font-size wp-block-paragraph\">Une mauvaise politique en mati\u00e8re de drogues nuit aux travailleurs. La politique en mati\u00e8re de drogues est une question de travail.   <\/p>\n\n\n\n<div class=\"wp-block-buttons is-layout-flex wp-block-buttons-is-layout-flex\">\n<div class=\"wp-block-button is-style-outline-sm is-style-outline-sm--4\"><a class=\"wp-block-button__link wp-element-button\" href=\"https:\/\/drugpolicy.ca\/fr\/nos-travaux\/politique-du-travail-et-des-drogues\/\">Lire la suite<\/a><\/div>\n<\/div>\n<\/div>\n\n\n\n<div class=\"wp-block-column is-layout-flow wp-block-column-is-layout-flow\">\n<figure class=\"wp-block-image size-large\"><a href=\"https:\/\/drugpolicy.ca\/fr\/nos-travaux\/frontieres-migrations-et-politique-des-drogues\/\"><img loading=\"lazy\" decoding=\"async\" width=\"1024\" height=\"1024\" src=\"https:\/\/drugpolicy.ca\/wp-content\/uploads\/2025\/11\/Website-Tiles-4-1024x1024.png\" alt=\"\" class=\"wp-image-21673\" srcset=\"https:\/\/drugpolicy.ca\/wp-content\/uploads\/2025\/11\/Website-Tiles-4-1024x1024.png 1024w, https:\/\/drugpolicy.ca\/wp-content\/uploads\/2025\/11\/Website-Tiles-4-300x300.png 300w, https:\/\/drugpolicy.ca\/wp-content\/uploads\/2025\/11\/Website-Tiles-4-150x150.png 150w, https:\/\/drugpolicy.ca\/wp-content\/uploads\/2025\/11\/Website-Tiles-4-768x768.png 768w, https:\/\/drugpolicy.ca\/wp-content\/uploads\/2025\/11\/Website-Tiles-4.png 1080w\" sizes=\"auto, (max-width: 1024px) 100vw, 1024px\" \/><\/a><\/figure>\n\n\n\n<h3 class=\"wp-block-heading has-barlow-condensed-font-family has-large-font-size\">Fronti\u00e8res, migrations et politique des drogues  <\/h3>\n\n\n\n<p class=\"has-small-font-size wp-block-paragraph\">Les politiques frontali\u00e8res fond\u00e9es sur la peur mettent en p\u00e9ril les droits de l&#8217;homme et les communaut\u00e9s marginalis\u00e9es.<\/p>\n\n\n\n<div class=\"wp-block-buttons is-layout-flex wp-block-buttons-is-layout-flex\">\n<div class=\"wp-block-button is-style-outline-sm is-style-outline-sm--5\"><a class=\"wp-block-button__link wp-element-button\" href=\"https:\/\/drugpolicy.ca\/fr\/nos-travaux\/frontieres-migrations-et-politique-des-drogues\/\">Lire la suite<\/a><\/div>\n<\/div>\n<\/div>\n\n\n\n<div class=\"wp-block-column is-layout-flow wp-block-column-is-layout-flow\">\n<figure class=\"wp-block-image size-large\"><a href=\"https:\/\/drugpolicy.ca\/fr\/nos-travaux\/le-traitement-des-dependances-en-contexte-principes-pour-un-systeme-de-soins-juste-accessible-et-volontaire\/\"><img loading=\"lazy\" decoding=\"async\" width=\"1080\" height=\"1080\" src=\"https:\/\/drugpolicy.ca\/wp-content\/uploads\/2025\/10\/4-1024x1024.png\" alt=\"\" class=\"wp-image-21555\" srcset=\"https:\/\/drugpolicy.ca\/wp-content\/uploads\/2025\/10\/4-1024x1024.png 1024w, https:\/\/drugpolicy.ca\/wp-content\/uploads\/2025\/10\/4-300x300.png 300w, https:\/\/drugpolicy.ca\/wp-content\/uploads\/2025\/10\/4-150x150.png 150w, https:\/\/drugpolicy.ca\/wp-content\/uploads\/2025\/10\/4-768x768.png 768w, https:\/\/drugpolicy.ca\/wp-content\/uploads\/2025\/10\/4.png 1080w\" sizes=\"auto, (max-width: 1080px) 100vw, 1080px\" \/><\/a><\/figure>\n\n\n\n<h3 class=\"wp-block-heading has-barlow-condensed-font-family has-large-font-size\">Traitement des addictions<\/h3>\n\n\n\n<p class=\"has-small-font-size wp-block-paragraph\">Principes pour un syst\u00e8me de soins accessibles, volontaires et \u00e9quitables.<\/p>\n\n\n\n<div class=\"wp-block-buttons is-layout-flex wp-block-buttons-is-layout-flex\">\n<div class=\"wp-block-button is-style-outline-sm is-style-outline-sm--6\"><a class=\"wp-block-button__link wp-element-button\" href=\"https:\/\/drugpolicy.ca\/fr\/nos-travaux\/le-traitement-des-dependances-en-contexte-principes-pour-un-systeme-de-soins-juste-accessible-et-volontaire\/\">Lire la suite<\/a><\/div>\n<\/div>\n<\/div>\n<\/div>\n\n<p class=\"wp-block-paragraph\"><\/p>\n","protected":false},"excerpt":{"rendered":"<p>Nous proposons des approches pratiques et fond\u00e9es sur des donn\u00e9es probantes pour les politiques en mati\u00e8re de drogues qui donnent la priorit\u00e9 \u00e0 la sant\u00e9, \u00e0 la s\u00e9curit\u00e9 et aux droits. Notre travail relie la recherche, les connaissances des communaut\u00e9s et des exp\u00e9riences v\u00e9cues, et l&#8217;expertise politique pour construire des syst\u00e8mes plus efficaces au Canada. [&hellip;]<\/p>\n","protected":false},"author":53,"featured_media":14069,"parent":0,"menu_order":0,"comment_status":"closed","ping_status":"closed","template":"","meta":{"_acf_changed":false,"_crdt_document":"","footnotes":""},"class_list":["post-22117","page","type-page","status-publish","has-post-thumbnail","hentry"],"acf":[],"mb":[],"yoast_head":"<!-- This site is optimized with the Yoast SEO plugin v27.3 - https:\/\/yoast.com\/product\/yoast-seo-wordpress\/ -->\n<title>Nos travaux - Canadian Drug Policy Coalition<\/title>\n<meta name=\"robots\" content=\"index, follow, max-snippet:-1, max-image-preview:large, max-video-preview:-1\" \/>\n<link rel=\"canonical\" href=\"https:\/\/drugpolicy.ca\/fr\/nos-travaux\/\" \/>\n<meta property=\"og:locale\" content=\"fr_FR\" \/>\n<meta property=\"og:type\" content=\"article\" \/>\n<meta property=\"og:title\" content=\"Nos travaux - Canadian Drug Policy Coalition\" \/>\n<meta property=\"og:description\" content=\"Nous proposons des approches pratiques et fond\u00e9es sur des donn\u00e9es probantes pour les politiques en mati\u00e8re de drogues qui donnent la priorit\u00e9 \u00e0 la sant\u00e9, \u00e0 la s\u00e9curit\u00e9 et aux droits. Notre travail relie la recherche, les connaissances des communaut\u00e9s et des exp\u00e9riences v\u00e9cues, et l&#8217;expertise politique pour construire des syst\u00e8mes plus efficaces au Canada. [&hellip;]\" \/>\n<meta property=\"og:url\" content=\"https:\/\/drugpolicy.ca\/fr\/nos-travaux\/\" \/>\n<meta property=\"og:site_name\" content=\"Canadian Drug Policy Coalition\" \/>\n<meta property=\"article:modified_time\" content=\"2026-02-17T16:26:49+00:00\" \/>\n<meta property=\"og:image\" content=\"https:\/\/drugpolicy.ca\/wp-content\/uploads\/2021\/01\/1-IMG_3628-scaled.jpg\" \/>\n\t<meta property=\"og:image:width\" content=\"2560\" \/>\n\t<meta property=\"og:image:height\" content=\"1707\" \/>\n\t<meta property=\"og:image:type\" content=\"image\/jpeg\" \/>\n<meta name=\"twitter:card\" content=\"summary_large_image\" \/>\n<meta name=\"twitter:label1\" content=\"Dur\u00e9e de lecture estim\u00e9e\" \/>\n\t<meta name=\"twitter:data1\" content=\"2 minutes\" \/>\n<script type=\"application\/ld+json\" class=\"yoast-schema-graph\">{\"@context\":\"https:\\\/\\\/schema.org\",\"@graph\":[{\"@type\":\"WebPage\",\"@id\":\"https:\\\/\\\/drugpolicy.ca\\\/fr\\\/nos-travaux\\\/\",\"url\":\"https:\\\/\\\/drugpolicy.ca\\\/fr\\\/nos-travaux\\\/\",\"name\":\"Nos travaux - Canadian Drug Policy Coalition\",\"isPartOf\":{\"@id\":\"https:\\\/\\\/www.drugpolicy.ca\\\/fr\\\/#website\"},\"primaryImageOfPage\":{\"@id\":\"https:\\\/\\\/drugpolicy.ca\\\/fr\\\/nos-travaux\\\/#primaryimage\"},\"image\":{\"@id\":\"https:\\\/\\\/drugpolicy.ca\\\/fr\\\/nos-travaux\\\/#primaryimage\"},\"thumbnailUrl\":\"https:\\\/\\\/drugpolicy.ca\\\/wp-content\\\/uploads\\\/2021\\\/01\\\/1-IMG_3628-scaled.jpg\",\"datePublished\":\"2026-01-19T20:45:29+00:00\",\"dateModified\":\"2026-02-17T16:26:49+00:00\",\"breadcrumb\":{\"@id\":\"https:\\\/\\\/drugpolicy.ca\\\/fr\\\/nos-travaux\\\/#breadcrumb\"},\"inLanguage\":\"fr-FR\",\"potentialAction\":[{\"@type\":\"ReadAction\",\"target\":[\"https:\\\/\\\/drugpolicy.ca\\\/fr\\\/nos-travaux\\\/\"]}]},{\"@type\":\"ImageObject\",\"inLanguage\":\"fr-FR\",\"@id\":\"https:\\\/\\\/drugpolicy.ca\\\/fr\\\/nos-travaux\\\/#primaryimage\",\"url\":\"https:\\\/\\\/drugpolicy.ca\\\/wp-content\\\/uploads\\\/2021\\\/01\\\/1-IMG_3628-scaled.jpg\",\"contentUrl\":\"https:\\\/\\\/drugpolicy.ca\\\/wp-content\\\/uploads\\\/2021\\\/01\\\/1-IMG_3628-scaled.jpg\",\"width\":2560,\"height\":1707,\"caption\":\"Vancouver, sans date\"},{\"@type\":\"BreadcrumbList\",\"@id\":\"https:\\\/\\\/drugpolicy.ca\\\/fr\\\/nos-travaux\\\/#breadcrumb\",\"itemListElement\":[{\"@type\":\"ListItem\",\"position\":1,\"name\":\"Home\",\"item\":\"https:\\\/\\\/mail.drugpolicy.ca\\\/fr\\\/\"},{\"@type\":\"ListItem\",\"position\":2,\"name\":\"Nos travaux\"}]},{\"@type\":\"WebSite\",\"@id\":\"https:\\\/\\\/www.drugpolicy.ca\\\/fr\\\/#website\",\"url\":\"https:\\\/\\\/www.drugpolicy.ca\\\/fr\\\/\",\"name\":\"Canadian Drug Policy Coalition\",\"description\":\"Change policy. Save lives.\",\"publisher\":{\"@id\":\"https:\\\/\\\/www.drugpolicy.ca\\\/fr\\\/#organization\"},\"potentialAction\":[{\"@type\":\"SearchAction\",\"target\":{\"@type\":\"EntryPoint\",\"urlTemplate\":\"https:\\\/\\\/www.drugpolicy.ca\\\/fr\\\/?s={search_term_string}\"},\"query-input\":{\"@type\":\"PropertyValueSpecification\",\"valueRequired\":true,\"valueName\":\"search_term_string\"}}],\"inLanguage\":\"fr-FR\"},{\"@type\":\"Organization\",\"@id\":\"https:\\\/\\\/www.drugpolicy.ca\\\/fr\\\/#organization\",\"name\":\"Canadian Drug Policy Coalition\",\"url\":\"https:\\\/\\\/www.drugpolicy.ca\\\/fr\\\/\",\"logo\":{\"@type\":\"ImageObject\",\"inLanguage\":\"fr-FR\",\"@id\":\"https:\\\/\\\/www.drugpolicy.ca\\\/fr\\\/#\\\/schema\\\/logo\\\/image\\\/\",\"url\":\"https:\\\/\\\/drugpolicy.ca\\\/wp-content\\\/uploads\\\/2019\\\/04\\\/CDPC-logo-white-on-red-150-dpi.jpg\",\"contentUrl\":\"https:\\\/\\\/drugpolicy.ca\\\/wp-content\\\/uploads\\\/2019\\\/04\\\/CDPC-logo-white-on-red-150-dpi.jpg\",\"width\":332,\"height\":333,\"caption\":\"Canadian Drug Policy Coalition\"},\"image\":{\"@id\":\"https:\\\/\\\/www.drugpolicy.ca\\\/fr\\\/#\\\/schema\\\/logo\\\/image\\\/\"}}]}<\/script>\n<!-- \/ Yoast SEO plugin. -->","yoast_head_json":{"title":"Nos travaux - Canadian Drug Policy Coalition","robots":{"index":"index","follow":"follow","max-snippet":"max-snippet:-1","max-image-preview":"max-image-preview:large","max-video-preview":"max-video-preview:-1"},"canonical":"https:\/\/drugpolicy.ca\/fr\/nos-travaux\/","og_locale":"fr_FR","og_type":"article","og_title":"Nos travaux - Canadian Drug Policy Coalition","og_description":"Nous proposons des approches pratiques et fond\u00e9es sur des donn\u00e9es probantes pour les politiques en mati\u00e8re de drogues qui donnent la priorit\u00e9 \u00e0 la sant\u00e9, \u00e0 la s\u00e9curit\u00e9 et aux droits. Notre travail relie la recherche, les connaissances des communaut\u00e9s et des exp\u00e9riences v\u00e9cues, et l&#8217;expertise politique pour construire des syst\u00e8mes plus efficaces au Canada. [&hellip;]","og_url":"https:\/\/drugpolicy.ca\/fr\/nos-travaux\/","og_site_name":"Canadian Drug Policy Coalition","article_modified_time":"2026-02-17T16:26:49+00:00","og_image":[{"width":2560,"height":1707,"url":"https:\/\/drugpolicy.ca\/wp-content\/uploads\/2021\/01\/1-IMG_3628-scaled.jpg","type":"image\/jpeg"}],"twitter_card":"summary_large_image","twitter_misc":{"Dur\u00e9e de lecture estim\u00e9e":"2 minutes"},"schema":{"@context":"https:\/\/schema.org","@graph":[{"@type":"WebPage","@id":"https:\/\/drugpolicy.ca\/fr\/nos-travaux\/","url":"https:\/\/drugpolicy.ca\/fr\/nos-travaux\/","name":"Nos travaux - Canadian Drug Policy Coalition","isPartOf":{"@id":"https:\/\/www.drugpolicy.ca\/fr\/#website"},"primaryImageOfPage":{"@id":"https:\/\/drugpolicy.ca\/fr\/nos-travaux\/#primaryimage"},"image":{"@id":"https:\/\/drugpolicy.ca\/fr\/nos-travaux\/#primaryimage"},"thumbnailUrl":"https:\/\/drugpolicy.ca\/wp-content\/uploads\/2021\/01\/1-IMG_3628-scaled.jpg","datePublished":"2026-01-19T20:45:29+00:00","dateModified":"2026-02-17T16:26:49+00:00","breadcrumb":{"@id":"https:\/\/drugpolicy.ca\/fr\/nos-travaux\/#breadcrumb"},"inLanguage":"fr-FR","potentialAction":[{"@type":"ReadAction","target":["https:\/\/drugpolicy.ca\/fr\/nos-travaux\/"]}]},{"@type":"ImageObject","inLanguage":"fr-FR","@id":"https:\/\/drugpolicy.ca\/fr\/nos-travaux\/#primaryimage","url":"https:\/\/drugpolicy.ca\/wp-content\/uploads\/2021\/01\/1-IMG_3628-scaled.jpg","contentUrl":"https:\/\/drugpolicy.ca\/wp-content\/uploads\/2021\/01\/1-IMG_3628-scaled.jpg","width":2560,"height":1707,"caption":"Vancouver, sans date"},{"@type":"BreadcrumbList","@id":"https:\/\/drugpolicy.ca\/fr\/nos-travaux\/#breadcrumb","itemListElement":[{"@type":"ListItem","position":1,"name":"Home","item":"https:\/\/mail.drugpolicy.ca\/fr\/"},{"@type":"ListItem","position":2,"name":"Nos travaux"}]},{"@type":"WebSite","@id":"https:\/\/www.drugpolicy.ca\/fr\/#website","url":"https:\/\/www.drugpolicy.ca\/fr\/","name":"Canadian Drug Policy Coalition","description":"Change policy. Save lives.","publisher":{"@id":"https:\/\/www.drugpolicy.ca\/fr\/#organization"},"potentialAction":[{"@type":"SearchAction","target":{"@type":"EntryPoint","urlTemplate":"https:\/\/www.drugpolicy.ca\/fr\/?s={search_term_string}"},"query-input":{"@type":"PropertyValueSpecification","valueRequired":true,"valueName":"search_term_string"}}],"inLanguage":"fr-FR"},{"@type":"Organization","@id":"https:\/\/www.drugpolicy.ca\/fr\/#organization","name":"Canadian Drug Policy Coalition","url":"https:\/\/www.drugpolicy.ca\/fr\/","logo":{"@type":"ImageObject","inLanguage":"fr-FR","@id":"https:\/\/www.drugpolicy.ca\/fr\/#\/schema\/logo\/image\/","url":"https:\/\/drugpolicy.ca\/wp-content\/uploads\/2019\/04\/CDPC-logo-white-on-red-150-dpi.jpg","contentUrl":"https:\/\/drugpolicy.ca\/wp-content\/uploads\/2019\/04\/CDPC-logo-white-on-red-150-dpi.jpg","width":332,"height":333,"caption":"Canadian Drug Policy Coalition"},"image":{"@id":"https:\/\/www.drugpolicy.ca\/fr\/#\/schema\/logo\/image\/"}}]}},"mfb_rest_fields":["title","yoast_head","yoast_head_json"],"_links":{"self":[{"href":"https:\/\/drugpolicy.ca\/fr\/wp-json\/wp\/v2\/pages\/22117","targetHints":{"allow":["GET"]}}],"collection":[{"href":"https:\/\/drugpolicy.ca\/fr\/wp-json\/wp\/v2\/pages"}],"about":[{"href":"https:\/\/drugpolicy.ca\/fr\/wp-json\/wp\/v2\/types\/page"}],"author":[{"embeddable":true,"href":"https:\/\/drugpolicy.ca\/fr\/wp-json\/wp\/v2\/users\/53"}],"replies":[{"embeddable":true,"href":"https:\/\/drugpolicy.ca\/fr\/wp-json\/wp\/v2\/comments?post=22117"}],"version-history":[{"count":10,"href":"https:\/\/drugpolicy.ca\/fr\/wp-json\/wp\/v2\/pages\/22117\/revisions"}],"predecessor-version":[{"id":22404,"href":"https:\/\/drugpolicy.ca\/fr\/wp-json\/wp\/v2\/pages\/22117\/revisions\/22404"}],"wp:featuredmedia":[{"embeddable":true,"href":"https:\/\/drugpolicy.ca\/fr\/wp-json\/wp\/v2\/media\/14069"}],"wp:attachment":[{"href":"https:\/\/drugpolicy.ca\/fr\/wp-json\/wp\/v2\/media?parent=22117"}],"curies":[{"name":"wp","href":"https:\/\/api.w.org\/{rel}","templated":true}]}}