{"id":22099,"date":"2026-01-19T12:34:08","date_gmt":"2026-01-19T20:34:08","guid":{"rendered":"https:\/\/drugpolicy.ca\/les-problemes\/les-droits-de-lhomme\/"},"modified":"2026-02-13T09:05:21","modified_gmt":"2026-02-13T17:05:21","slug":"les-droits-de-lhomme","status":"publish","type":"page","link":"https:\/\/drugpolicy.ca\/fr\/les-problemes\/les-droits-de-lhomme\/","title":{"rendered":"Les droits de l&#8217;homme"},"content":{"rendered":"\n<div class=\"wp-block-group alignwide is-layout-flow wp-block-group-is-layout-flow\">\n<div class=\"wp-block-columns is-layout-flex wp-container-core-columns-is-layout-794e3cfa wp-block-columns-is-layout-flex\">\n<div class=\"wp-block-column is-layout-flow wp-block-column-is-layout-flow\" style=\"flex-basis:60%\">\n<p class=\"wp-block-paragraph\">Nos lois et nos politiques en mati\u00e8re de drogues doivent respecter les droits fondamentaux de toutes les personnes.<\/p>\n<\/div>\n\n\n\n<div class=\"wp-block-column is-layout-flow wp-block-column-is-layout-flow\" style=\"flex-basis:40%\"><\/div>\n<\/div>\n<\/div>\n<figure style=\"aspect-ratio:21\/9; margin-top:var(--wp--preset--spacing--50);margin-bottom:var(--wp--preset--spacing--60);\" class=\"alignwide wp-block-post-featured-image\"><img loading=\"lazy\" decoding=\"async\" width=\"2240\" height=\"1260\" src=\"https:\/\/drugpolicy.ca\/wp-content\/uploads\/2025\/10\/banners-3.png\" class=\"attachment-post-thumbnail size-post-thumbnail wp-post-image\" alt=\"\" style=\"width:100%;height:100%;object-fit:cover;\" srcset=\"https:\/\/drugpolicy.ca\/wp-content\/uploads\/2025\/10\/banners-3.png 2240w, https:\/\/drugpolicy.ca\/wp-content\/uploads\/2025\/10\/banners-3-300x169.png 300w, https:\/\/drugpolicy.ca\/wp-content\/uploads\/2025\/10\/banners-3-1024x576.png 1024w, https:\/\/drugpolicy.ca\/wp-content\/uploads\/2025\/10\/banners-3-768x432.png 768w, https:\/\/drugpolicy.ca\/wp-content\/uploads\/2025\/10\/banners-3-1536x864.png 1536w, https:\/\/drugpolicy.ca\/wp-content\/uploads\/2025\/10\/banners-3-2048x1152.png 2048w\" sizes=\"auto, (max-width: 2240px) 100vw, 2240px\" \/><\/figure>\n<div class=\"wp-block-group has-global-padding is-layout-constrained wp-block-group-is-layout-constrained\" style=\"margin-top:var(--wp--preset--spacing--50);margin-bottom:var(--wp--preset--spacing--50)\">\n<p class=\"wp-block-paragraph\">Une approche de la politique antidrogue fond\u00e9e sur les droits de l&#8217;homme part du principe que tous les individus, y compris les consommateurs de drogues, ont des droits, notamment le droit \u00e0 l&#8217;autonomie, \u00e0 la dignit\u00e9, \u00e0 un niveau de vie ad\u00e9quat, \u00e0 la vie, \u00e0 la libert\u00e9 et \u00e0 la s\u00e9curit\u00e9 de la personne. Les gouvernements et les prestataires de services ont l&#8217;obligation de faire respecter ces droits.   <\/p>\n\n\n\n<p class=\"wp-block-paragraph\">Nos politiques actuelles en mati\u00e8re de drogues privent les gens de leurs droits humains, favorisent l&#8217;in\u00e9galit\u00e9 et la marginalisation et contribuent \u00e0 des cycles de pr\u00e9judice tels que la pauvret\u00e9 et le sans-abrisme.  <\/p>\n\n\n\n<p class=\"wp-block-paragraph\">Faire respecter les droits de l&#8217;homme par le biais de la politique antidrogue :  <\/p>\n\n\n\n<ul class=\"wp-block-list\">\n<li>Les personnes qui consomment des drogues ont un acc\u00e8s \u00e9quitable \u00e0 la sant\u00e9, ce qui inclut la <a href=\"https:\/\/drugpolicy.ca\/fr\/les-problemes\/reduction-des-mefaits\/\">r\u00e9duction des risques<\/a>, les soins primaires et d&#8217;urgence, et les services de traitement volontaire \u00e0 but non lucratif.  <\/li>\n<\/ul>\n\n\n\n<ul class=\"wp-block-list\">\n<li>Les personnes qui consomment des drogues ont acc\u00e8s aux conditions qui favorisent la sant\u00e9 &#8211; les d\u00e9terminants sociaux, \u00e9conomiques, juridiques et culturels de la sant\u00e9 &#8211; comme un logement s\u00fbr et abordable et la possibilit\u00e9 de vivre \u00e0 l&#8217;abri de la pauvret\u00e9.  <\/li>\n<\/ul>\n\n\n\n<p class=\"wp-block-paragraph\">Les personnes qui consomment des drogues ont le droit \u00e0 l&#8217;autonomie et \u00e0 une participation significative aux d\u00e9cisions en mati\u00e8re de soins de sant\u00e9 et \u00e0 la politique de sant\u00e9.  <\/p>\n\n\n\n<p class=\"wp-block-paragraph\"><strong>D\u00e9couvrez notre travail sur les droits de l&#8217;homme :<\/strong> <\/p>\n\n\n\n<ul class=\"wp-block-list\">\n<li><a href=\"https:\/\/drugpolicy.ca\/fr\/ressources\/guides-et-apprentissage\/politique-des-drogues-et-racisme\/\">Politique des drogues et racisme<\/a><\/li>\n\n\n\n<li><a href=\"https:\/\/drugpolicy.ca\/fr\/it-is-not-a-crime-to-save-a-life\/\"><em>Sauver une vie n&#8217;est pas un crime <\/em><\/a>Consid\u00e9rations juridiques pour les personnes qui soutiennent ou g\u00e8rent un site de pr\u00e9vention des surdoses en Ontario, 2025<\/li>\n\n\n\n<li><a href=\"https:\/\/www.drugpolicy.ca\/wp-content\/uploads\/2023\/07\/2023_Drug-Policy-and-Human-Rights-implications-in-Canada_UNOHCHR-submission.pdf\" target=\"_blank\" rel=\"noreferrer noopener\"><em>Politique des drogues et implications pour les droits de l&#8217;homme au Canada <\/em><\/a>Soumission du CDPC au Haut Commissaire des Nations Unies pour les droits de l&#8217;homme, 2023 <\/li>\n<\/ul>\n\n\n\n<p class=\"wp-block-paragraph\"><strong>Explorez les ressources externes :<\/strong> <\/p>\n\n\n\n<ul class=\"wp-block-list\">\n<li><a href=\"https:\/\/www.humanrights-drugpolicy.org\/\">Lignes directrices internationales sur les droits de l&#8217;homme et la politique en mati\u00e8re de drogues<\/a><\/li>\n\n\n\n<li><a href=\"https:\/\/hri.global\/topics\/drugs-and-human-rights\/\">Harm Reduction International : Droits de l&#8217;homme et politique des drogues<\/a><\/li>\n\n\n\n<li><a href=\"https:\/\/www.amnesty.org\/en\/wp-content\/uploads\/2024\/01\/IOR4074152023ENGLISH.pdf\" target=\"_blank\" rel=\"noreferrer noopener\">R\u00e9duction des risques et droit \u00e0 la sant\u00e9, Amnesty International 2023<\/a>  <\/li>\n<\/ul>\n<\/div>\n","protected":false},"excerpt":{"rendered":"<p>Nos lois et nos politiques en mati\u00e8re de drogues doivent respecter les droits fondamentaux de toutes les personnes. Une approche de la politique antidrogue fond\u00e9e sur les droits de l&#8217;homme part du principe que tous les individus, y compris les consommateurs de drogues, ont des droits, notamment le droit \u00e0 l&#8217;autonomie, \u00e0 la dignit\u00e9, \u00e0 [&hellip;]<\/p>\n","protected":false},"author":38,"featured_media":22098,"parent":22088,"menu_order":0,"comment_status":"closed","ping_status":"closed","template":"","meta":{"_acf_changed":false,"_crdt_document":"","footnotes":""},"class_list":["post-22099","page","type-page","status-publish","has-post-thumbnail","hentry"],"acf":[],"mb":[],"yoast_head":"<!-- This site is optimized with the Yoast SEO plugin v27.3 - https:\/\/yoast.com\/product\/yoast-seo-wordpress\/ -->\n<title>Les droits de l&#039;homme - Canadian Drug Policy Coalition<\/title>\n<meta name=\"robots\" content=\"index, follow, max-snippet:-1, max-image-preview:large, max-video-preview:-1\" \/>\n<link rel=\"canonical\" href=\"https:\/\/drugpolicy.ca\/fr\/les-problemes\/les-droits-de-lhomme\/\" \/>\n<meta property=\"og:locale\" content=\"fr_FR\" \/>\n<meta property=\"og:type\" content=\"article\" \/>\n<meta property=\"og:title\" content=\"Les droits de l&#039;homme - Canadian Drug Policy Coalition\" \/>\n<meta property=\"og:description\" content=\"Nos lois et nos politiques en mati\u00e8re de drogues doivent respecter les droits fondamentaux de toutes les personnes. Une approche de la politique antidrogue fond\u00e9e sur les droits de l&#8217;homme part du principe que tous les individus, y compris les consommateurs de drogues, ont des droits, notamment le droit \u00e0 l&#8217;autonomie, \u00e0 la dignit\u00e9, \u00e0 [&hellip;]\" \/>\n<meta property=\"og:url\" content=\"https:\/\/drugpolicy.ca\/fr\/les-problemes\/les-droits-de-lhomme\/\" \/>\n<meta property=\"og:site_name\" content=\"Canadian Drug Policy Coalition\" \/>\n<meta property=\"article:modified_time\" content=\"2026-02-13T17:05:21+00:00\" \/>\n<meta property=\"og:image\" content=\"https:\/\/drugpolicy.ca\/wp-content\/uploads\/2025\/10\/banners-3-1024x576.png\" \/>\n\t<meta property=\"og:image:width\" content=\"1024\" \/>\n\t<meta property=\"og:image:height\" content=\"576\" \/>\n\t<meta property=\"og:image:type\" content=\"image\/png\" \/>\n<meta name=\"twitter:card\" content=\"summary_large_image\" \/>\n<meta name=\"twitter:label1\" content=\"Dur\u00e9e de lecture estim\u00e9e\" \/>\n\t<meta name=\"twitter:data1\" content=\"2 minutes\" \/>\n<script type=\"application\/ld+json\" class=\"yoast-schema-graph\">{\"@context\":\"https:\\\/\\\/schema.org\",\"@graph\":[{\"@type\":\"WebPage\",\"@id\":\"https:\\\/\\\/drugpolicy.ca\\\/fr\\\/les-problemes\\\/les-droits-de-lhomme\\\/\",\"url\":\"https:\\\/\\\/drugpolicy.ca\\\/fr\\\/les-problemes\\\/les-droits-de-lhomme\\\/\",\"name\":\"Les droits de l'homme - Canadian Drug Policy Coalition\",\"isPartOf\":{\"@id\":\"https:\\\/\\\/www.drugpolicy.ca\\\/fr\\\/#website\"},\"primaryImageOfPage\":{\"@id\":\"https:\\\/\\\/drugpolicy.ca\\\/fr\\\/les-problemes\\\/les-droits-de-lhomme\\\/#primaryimage\"},\"image\":{\"@id\":\"https:\\\/\\\/drugpolicy.ca\\\/fr\\\/les-problemes\\\/les-droits-de-lhomme\\\/#primaryimage\"},\"thumbnailUrl\":\"https:\\\/\\\/drugpolicy.ca\\\/wp-content\\\/uploads\\\/2025\\\/10\\\/banners-3.png\",\"datePublished\":\"2026-01-19T20:34:08+00:00\",\"dateModified\":\"2026-02-13T17:05:21+00:00\",\"breadcrumb\":{\"@id\":\"https:\\\/\\\/drugpolicy.ca\\\/fr\\\/les-problemes\\\/les-droits-de-lhomme\\\/#breadcrumb\"},\"inLanguage\":\"fr-FR\",\"potentialAction\":[{\"@type\":\"ReadAction\",\"target\":[\"https:\\\/\\\/drugpolicy.ca\\\/fr\\\/les-problemes\\\/les-droits-de-lhomme\\\/\"]}]},{\"@type\":\"ImageObject\",\"inLanguage\":\"fr-FR\",\"@id\":\"https:\\\/\\\/drugpolicy.ca\\\/fr\\\/les-problemes\\\/les-droits-de-lhomme\\\/#primaryimage\",\"url\":\"https:\\\/\\\/drugpolicy.ca\\\/wp-content\\\/uploads\\\/2025\\\/10\\\/banners-3.png\",\"contentUrl\":\"https:\\\/\\\/drugpolicy.ca\\\/wp-content\\\/uploads\\\/2025\\\/10\\\/banners-3.png\",\"width\":2240,\"height\":1260},{\"@type\":\"BreadcrumbList\",\"@id\":\"https:\\\/\\\/drugpolicy.ca\\\/fr\\\/les-problemes\\\/les-droits-de-lhomme\\\/#breadcrumb\",\"itemListElement\":[{\"@type\":\"ListItem\",\"position\":1,\"name\":\"Home\",\"item\":\"https:\\\/\\\/www.canadiandrugpolicy.ca\\\/fr\\\/\"},{\"@type\":\"ListItem\",\"position\":2,\"name\":\"Les probl\u00e8mes\",\"item\":\"https:\\\/\\\/drugpolicy.ca\\\/fr\\\/les-problemes\\\/\"},{\"@type\":\"ListItem\",\"position\":3,\"name\":\"Les droits de l&#8217;homme\"}]},{\"@type\":\"WebSite\",\"@id\":\"https:\\\/\\\/www.drugpolicy.ca\\\/fr\\\/#website\",\"url\":\"https:\\\/\\\/www.drugpolicy.ca\\\/fr\\\/\",\"name\":\"Canadian Drug Policy Coalition\",\"description\":\"Change policy. Save lives.\",\"publisher\":{\"@id\":\"https:\\\/\\\/www.drugpolicy.ca\\\/fr\\\/#organization\"},\"potentialAction\":[{\"@type\":\"SearchAction\",\"target\":{\"@type\":\"EntryPoint\",\"urlTemplate\":\"https:\\\/\\\/www.drugpolicy.ca\\\/fr\\\/?s={search_term_string}\"},\"query-input\":{\"@type\":\"PropertyValueSpecification\",\"valueRequired\":true,\"valueName\":\"search_term_string\"}}],\"inLanguage\":\"fr-FR\"},{\"@type\":\"Organization\",\"@id\":\"https:\\\/\\\/www.drugpolicy.ca\\\/fr\\\/#organization\",\"name\":\"Canadian Drug Policy Coalition\",\"url\":\"https:\\\/\\\/www.drugpolicy.ca\\\/fr\\\/\",\"logo\":{\"@type\":\"ImageObject\",\"inLanguage\":\"fr-FR\",\"@id\":\"https:\\\/\\\/www.drugpolicy.ca\\\/fr\\\/#\\\/schema\\\/logo\\\/image\\\/\",\"url\":\"https:\\\/\\\/drugpolicy.ca\\\/wp-content\\\/uploads\\\/2019\\\/04\\\/CDPC-logo-white-on-red-150-dpi.jpg\",\"contentUrl\":\"https:\\\/\\\/drugpolicy.ca\\\/wp-content\\\/uploads\\\/2019\\\/04\\\/CDPC-logo-white-on-red-150-dpi.jpg\",\"width\":332,\"height\":333,\"caption\":\"Canadian Drug Policy Coalition\"},\"image\":{\"@id\":\"https:\\\/\\\/www.drugpolicy.ca\\\/fr\\\/#\\\/schema\\\/logo\\\/image\\\/\"}}]}<\/script>\n<!-- \/ Yoast SEO plugin. -->","yoast_head_json":{"title":"Les droits de l'homme - Canadian Drug Policy Coalition","robots":{"index":"index","follow":"follow","max-snippet":"max-snippet:-1","max-image-preview":"max-image-preview:large","max-video-preview":"max-video-preview:-1"},"canonical":"https:\/\/drugpolicy.ca\/fr\/les-problemes\/les-droits-de-lhomme\/","og_locale":"fr_FR","og_type":"article","og_title":"Les droits de l'homme - Canadian Drug Policy Coalition","og_description":"Nos lois et nos politiques en mati\u00e8re de drogues doivent respecter les droits fondamentaux de toutes les personnes. Une approche de la politique antidrogue fond\u00e9e sur les droits de l&#8217;homme part du principe que tous les individus, y compris les consommateurs de drogues, ont des droits, notamment le droit \u00e0 l&#8217;autonomie, \u00e0 la dignit\u00e9, \u00e0 [&hellip;]","og_url":"https:\/\/drugpolicy.ca\/fr\/les-problemes\/les-droits-de-lhomme\/","og_site_name":"Canadian Drug Policy Coalition","article_modified_time":"2026-02-13T17:05:21+00:00","og_image":[{"width":1024,"height":576,"url":"https:\/\/drugpolicy.ca\/wp-content\/uploads\/2025\/10\/banners-3-1024x576.png","type":"image\/png"}],"twitter_card":"summary_large_image","twitter_misc":{"Dur\u00e9e de lecture estim\u00e9e":"2 minutes"},"schema":{"@context":"https:\/\/schema.org","@graph":[{"@type":"WebPage","@id":"https:\/\/drugpolicy.ca\/fr\/les-problemes\/les-droits-de-lhomme\/","url":"https:\/\/drugpolicy.ca\/fr\/les-problemes\/les-droits-de-lhomme\/","name":"Les droits de l'homme - Canadian Drug Policy Coalition","isPartOf":{"@id":"https:\/\/www.drugpolicy.ca\/fr\/#website"},"primaryImageOfPage":{"@id":"https:\/\/drugpolicy.ca\/fr\/les-problemes\/les-droits-de-lhomme\/#primaryimage"},"image":{"@id":"https:\/\/drugpolicy.ca\/fr\/les-problemes\/les-droits-de-lhomme\/#primaryimage"},"thumbnailUrl":"https:\/\/drugpolicy.ca\/wp-content\/uploads\/2025\/10\/banners-3.png","datePublished":"2026-01-19T20:34:08+00:00","dateModified":"2026-02-13T17:05:21+00:00","breadcrumb":{"@id":"https:\/\/drugpolicy.ca\/fr\/les-problemes\/les-droits-de-lhomme\/#breadcrumb"},"inLanguage":"fr-FR","potentialAction":[{"@type":"ReadAction","target":["https:\/\/drugpolicy.ca\/fr\/les-problemes\/les-droits-de-lhomme\/"]}]},{"@type":"ImageObject","inLanguage":"fr-FR","@id":"https:\/\/drugpolicy.ca\/fr\/les-problemes\/les-droits-de-lhomme\/#primaryimage","url":"https:\/\/drugpolicy.ca\/wp-content\/uploads\/2025\/10\/banners-3.png","contentUrl":"https:\/\/drugpolicy.ca\/wp-content\/uploads\/2025\/10\/banners-3.png","width":2240,"height":1260},{"@type":"BreadcrumbList","@id":"https:\/\/drugpolicy.ca\/fr\/les-problemes\/les-droits-de-lhomme\/#breadcrumb","itemListElement":[{"@type":"ListItem","position":1,"name":"Home","item":"https:\/\/www.canadiandrugpolicy.ca\/fr\/"},{"@type":"ListItem","position":2,"name":"Les probl\u00e8mes","item":"https:\/\/drugpolicy.ca\/fr\/les-problemes\/"},{"@type":"ListItem","position":3,"name":"Les droits de l&#8217;homme"}]},{"@type":"WebSite","@id":"https:\/\/www.drugpolicy.ca\/fr\/#website","url":"https:\/\/www.drugpolicy.ca\/fr\/","name":"Canadian Drug Policy Coalition","description":"Change policy. Save lives.","publisher":{"@id":"https:\/\/www.drugpolicy.ca\/fr\/#organization"},"potentialAction":[{"@type":"SearchAction","target":{"@type":"EntryPoint","urlTemplate":"https:\/\/www.drugpolicy.ca\/fr\/?s={search_term_string}"},"query-input":{"@type":"PropertyValueSpecification","valueRequired":true,"valueName":"search_term_string"}}],"inLanguage":"fr-FR"},{"@type":"Organization","@id":"https:\/\/www.drugpolicy.ca\/fr\/#organization","name":"Canadian Drug Policy Coalition","url":"https:\/\/www.drugpolicy.ca\/fr\/","logo":{"@type":"ImageObject","inLanguage":"fr-FR","@id":"https:\/\/www.drugpolicy.ca\/fr\/#\/schema\/logo\/image\/","url":"https:\/\/drugpolicy.ca\/wp-content\/uploads\/2019\/04\/CDPC-logo-white-on-red-150-dpi.jpg","contentUrl":"https:\/\/drugpolicy.ca\/wp-content\/uploads\/2019\/04\/CDPC-logo-white-on-red-150-dpi.jpg","width":332,"height":333,"caption":"Canadian Drug Policy Coalition"},"image":{"@id":"https:\/\/www.drugpolicy.ca\/fr\/#\/schema\/logo\/image\/"}}]}},"mfb_rest_fields":["title","yoast_head","yoast_head_json"],"_links":{"self":[{"href":"https:\/\/drugpolicy.ca\/fr\/wp-json\/wp\/v2\/pages\/22099","targetHints":{"allow":["GET"]}}],"collection":[{"href":"https:\/\/drugpolicy.ca\/fr\/wp-json\/wp\/v2\/pages"}],"about":[{"href":"https:\/\/drugpolicy.ca\/fr\/wp-json\/wp\/v2\/types\/page"}],"author":[{"embeddable":true,"href":"https:\/\/drugpolicy.ca\/fr\/wp-json\/wp\/v2\/users\/38"}],"replies":[{"embeddable":true,"href":"https:\/\/drugpolicy.ca\/fr\/wp-json\/wp\/v2\/comments?post=22099"}],"version-history":[{"count":3,"href":"https:\/\/drugpolicy.ca\/fr\/wp-json\/wp\/v2\/pages\/22099\/revisions"}],"predecessor-version":[{"id":22377,"href":"https:\/\/drugpolicy.ca\/fr\/wp-json\/wp\/v2\/pages\/22099\/revisions\/22377"}],"up":[{"embeddable":true,"href":"https:\/\/drugpolicy.ca\/fr\/wp-json\/wp\/v2\/pages\/22088"}],"wp:featuredmedia":[{"embeddable":true,"href":"https:\/\/drugpolicy.ca\/fr\/wp-json\/wp\/v2\/media\/22098"}],"wp:attachment":[{"href":"https:\/\/drugpolicy.ca\/fr\/wp-json\/wp\/v2\/media?parent=22099"}],"curies":[{"name":"wp","href":"https:\/\/api.w.org\/{rel}","templated":true}]}}