{"id":22094,"date":"2026-01-19T12:33:11","date_gmt":"2026-01-19T20:33:11","guid":{"rendered":"https:\/\/drugpolicy.ca\/les-problemes\/la-decriminalisation\/"},"modified":"2026-01-19T12:33:13","modified_gmt":"2026-01-19T20:33:13","slug":"la-decriminalisation","status":"publish","type":"page","link":"https:\/\/drugpolicy.ca\/fr\/les-problemes\/la-decriminalisation\/","title":{"rendered":"La d\u00e9criminalisation"},"content":{"rendered":"\n<div class=\"wp-block-group alignwide is-layout-flow wp-block-group-is-layout-flow\">\n<div class=\"wp-block-columns is-layout-flex wp-container-core-columns-is-layout-794e3cfa wp-block-columns-is-layout-flex\">\n<div class=\"wp-block-column is-layout-flow wp-block-column-is-layout-flow\" style=\"flex-basis:60%\">\n<p class=\"wp-block-paragraph\">En supprimant les sanctions p\u00e9nales pour usage personnel de drogues, nous pourrions favoriser l&#8217;acc\u00e8s aux soins, prendre des mesures pour r\u00e9duire la stigmatisation et favoriser le bien-\u00eatre de tous.  <\/p>\n<\/div>\n\n\n\n<div class=\"wp-block-column is-layout-flow wp-block-column-is-layout-flow\" style=\"flex-basis:40%\"><\/div>\n<\/div>\n<\/div>\n<figure style=\"aspect-ratio:21\/9; margin-top:var(--wp--preset--spacing--50);margin-bottom:var(--wp--preset--spacing--60);\" class=\"alignwide wp-block-post-featured-image\"><img loading=\"lazy\" decoding=\"async\" width=\"2240\" height=\"1260\" src=\"https:\/\/drugpolicy.ca\/wp-content\/uploads\/2025\/10\/banners-5.png\" class=\"attachment-post-thumbnail size-post-thumbnail wp-post-image\" alt=\"\" style=\"width:100%;height:100%;object-fit:cover;\" srcset=\"https:\/\/drugpolicy.ca\/wp-content\/uploads\/2025\/10\/banners-5.png 2240w, https:\/\/drugpolicy.ca\/wp-content\/uploads\/2025\/10\/banners-5-300x169.png 300w, https:\/\/drugpolicy.ca\/wp-content\/uploads\/2025\/10\/banners-5-1024x576.png 1024w, https:\/\/drugpolicy.ca\/wp-content\/uploads\/2025\/10\/banners-5-768x432.png 768w, https:\/\/drugpolicy.ca\/wp-content\/uploads\/2025\/10\/banners-5-1536x864.png 1536w, https:\/\/drugpolicy.ca\/wp-content\/uploads\/2025\/10\/banners-5-2048x1152.png 2048w\" sizes=\"auto, (max-width: 2240px) 100vw, 2240px\" \/><\/figure>\n<div class=\"wp-block-group is-nowrap is-layout-flex wp-container-core-group-is-layout-f1fe02fc wp-block-group-is-layout-flex\">\n<div class=\"wp-block-group has-global-padding is-layout-constrained wp-block-group-is-layout-constrained\" style=\"margin-top:var(--wp--preset--spacing--50);margin-bottom:var(--wp--preset--spacing--50)\">\n<p class=\"wp-block-paragraph\">La d\u00e9criminalisation consiste \u00e0 remplacer les sanctions p\u00e9nales (comme l&#8217;incarc\u00e9ration) pour la possession de drogues actuellement ill\u00e9gales par des sanctions non p\u00e9nales. Si elle est correctement mise en \u0153uvre, la d\u00e9criminalisation minimise les interactions entre les personnes qui consomment des drogues et les services de police de rue. C&#8217;est important parce que la criminalisation, et l&#8217;interaction avec le syst\u00e8me juridique p\u00e9nal qu&#8217;elle entra\u00eene, soumet des personnes non violentes, par ailleurs respectueuses de la loi, \u00e0 des pr\u00e9judices importants.    <\/p>\n\n\n\n<p class=\"wp-block-paragraph\">L&#8217;interaction avec le syst\u00e8me p\u00e9nal et juridique &#8211; par exemple, l&#8217;arrestation ou la condamnation \u00e0 une peine de prison pour possession d&#8217;une petite quantit\u00e9 de drogue ill\u00e9gale &#8211; est fortement associ\u00e9e \u00e0 des effets n\u00e9gatifs, notamment la perte d&#8217;emploi et de logement, le risque accru d&#8217;overdose \u00e0 la lib\u00e9ration en cas d&#8217;incarc\u00e9ration, et l&#8217;implication du minist\u00e8re pour les parents conduisant \u00e0 l&#8217;appr\u00e9hension de l&#8217;enfant.  <\/p>\n<\/div>\n<\/div>\n\n<div class=\"wp-block-group alignfull is-style-section-5 has-global-padding is-layout-constrained wp-container-core-group-is-layout-de917e1e wp-block-group-is-layout-constrained is-style-section-5--1\" style=\"min-height:0vh;margin-top:0;margin-bottom:0;padding-top:var(--wp--preset--spacing--70);padding-right:var(--wp--preset--spacing--40);padding-bottom:var(--wp--preset--spacing--70);padding-left:var(--wp--preset--spacing--40)\">\n<div class=\"wp-block-group has-global-padding is-layout-constrained wp-container-core-group-is-layout-eb970f9a wp-block-group-is-layout-constrained\">\n<h2 class=\"wp-block-heading has-text-align-center has-xx-large-font-size\" style=\"margin-right:0;margin-left:0;padding-right:0;padding-left:0\">La d\u00e9criminalisation bien faite<\/h2>\n\n\n\n<p class=\"has-text-align-center wp-block-paragraph\">Une politique des drogues fond\u00e9e sur les droits<\/p>\n\n\n\n<div class=\"wp-block-buttons is-content-justification-center is-layout-flex wp-container-core-buttons-is-layout-35f06ea7 wp-block-buttons-is-layout-flex\">\n<div class=\"wp-block-button\"><a class=\"wp-block-button__link wp-element-button\" href=\"https:\/\/drugpolicy.ca\/wp-content\/uploads\/2021\/12\/EN-PTL-Decrim.pdf\">Lire la suite<\/a><\/div>\n<\/div>\n<\/div>\n<\/div>\n\n<p class=\"wp-block-paragraph\">La d\u00e9criminalisation pr\u00e9sente des avantages, des inconv\u00e9nients et des limites importantes. Il est prouv\u00e9 qu&#8217;il s&#8217;agit d&#8217;un cadre efficace pour encourager l&#8217;utilisation des services sociaux et de sant\u00e9 par les personnes qui consomment des drogues et pour r\u00e9duire la criminalit\u00e9 et les troubles sociaux, les d\u00e9chets li\u00e9s \u00e0 la drogue, la consommation de drogues en public et l&#8217;ensemble des charges li\u00e9es \u00e0 la drogue. <sup data-fn=\"1904937e-aba4-463f-8ab3-98ab8789a9a0\" class=\"fn\"><a id=\"1904937e-aba4-463f-8ab3-98ab8789a9a0-link\" href=\"#1904937e-aba4-463f-8ab3-98ab8789a9a0\">1<\/a><\/sup>  <\/p>\n\n<p class=\"wp-block-paragraph\">Cependant, la d\u00e9criminalisation est limit\u00e9e dans son potentiel de r\u00e9duction des m\u00e9faits de notre politique actuelle en mati\u00e8re de drogues, parce qu&#8217;elle ne change pas la nature non r\u00e9glement\u00e9e de l&#8217;approvisionnement en drogues. Cela signifie que m\u00eame en cas de d\u00e9criminalisation, les personnes qui consomment des drogues ill\u00e9gales continuent d&#8217;avoir acc\u00e8s \u00e0 l&#8217;offre de drogues volatiles, impr\u00e9visibles et frelat\u00e9es et, de ce fait, restent expos\u00e9es au risque d&#8217;overdose accidentelle et\/ou de d\u00e9c\u00e8s.   <\/p>\n\n<p class=\"wp-block-paragraph\">En outre, les sanctions non p\u00e9nales qui remplacent souvent les sanctions p\u00e9nales, parfois connues sous le nom de m\u00e9canismes de &#8220;d\u00e9judiciarisation&#8221;, continuent g\u00e9n\u00e9ralement \u00e0 causer des dommages importants. Ces sanctions non p\u00e9nales peuvent encore renforcer la violence, la stigmatisation, le d\u00e9placement et la discrimination dont sont victimes de nombreuses personnes qui consomment des drogues, en particulier celles qui sont structurellement marginalis\u00e9es en raison de leur pauvret\u00e9, de leur race et de leur situation en mati\u00e8re de logement. Et comme la police est toujours oblig\u00e9e de fouiller et de d\u00e9tenir les personnes soup\u00e7onn\u00e9es de poss\u00e9der des drogues, de nombreuses personnes prises en flagrant d\u00e9lit de possession de drogues sont encore maltrait\u00e9es, cette fois-ci &#8220;officieusement&#8221;, et\/ou oblig\u00e9es de s&#8217;engager dans le syst\u00e8me m\u00e9dical, y compris par le biais d&#8217;un traitement forc\u00e9 potentiellement nuisible, au lieu d&#8217;\u00eatre incarc\u00e9r\u00e9es.  <sup data-fn=\"9d924375-737b-4169-bcf5-af07cb977643\" class=\"fn\"><a href=\"#9d924375-737b-4169-bcf5-af07cb977643\" id=\"9d924375-737b-4169-bcf5-af07cb977643-link\">2<\/a><\/sup> <\/p>\n\n<h2 class=\"wp-block-heading\">R\u00e9sultats de nos politiques actuelles en mati\u00e8re de drogues  <\/h2>\n\n<figure class=\"wp-block-embed is-type-video is-provider-youtube wp-block-embed-youtube wp-embed-aspect-16-9 wp-has-aspect-ratio\"><div class=\"wp-block-embed__wrapper\">\n<iframe loading=\"lazy\" title=\"Outcomes of our Current Drug Policies\" width=\"500\" height=\"281\" src=\"https:\/\/www.youtube.com\/embed\/MdyDCTgi28Q?feature=oembed\" frameborder=\"0\" allow=\"accelerometer; autoplay; clipboard-write; encrypted-media; gyroscope; picture-in-picture; web-share\" referrerpolicy=\"strict-origin-when-cross-origin\" allowfullscreen><\/iframe>\n<\/div><\/figure>\n\n<p class=\"wp-block-paragraph\"><strong>Explorer les articles connexes<\/strong> <\/p>\n\n<ul class=\"wp-block-list\">\n<li><a href=\"https:\/\/drugpolicy.ca\/about\/publication\/decriminalization_in_britishcolumbia_canada_cdpc_at_cnd67-2\/\" target=\"_blank\" rel=\"noreferrer noopener\">67\u00e8me session de la Commission des stup\u00e9fiants : La d\u00e9criminalisation en tant qu&#8217;approche de la politique des drogues fond\u00e9e sur la sant\u00e9 publique et les droits de l&#8217;homme<\/a><\/li>\n\n\n\n<li><a href=\"https:\/\/drugpolicy.ca\/b-c-s-decriminalization-pilot-and-vpd-drug-seizures\/\" target=\"_blank\" rel=\"noreferrer noopener\">Le projet pilote de d\u00e9criminalisation de la C.-B. et les saisies de drogues du VPD<\/a><\/li>\n\n\n\n<li><a href=\"https:\/\/drugpolicy.ca\/one-year-of-decriminalization-in-bc-whats-really-going-on\/\">Un an de d\u00e9criminalisation en Colombie-Britannique : Que se passe-t-il vraiment ?  <\/a><\/li>\n<\/ul>\n\n<p class=\"wp-block-paragraph\">_____________<\/p>\n\n<p class=\"wp-block-paragraph\"><\/p>\n<ol class=\"wp-block-footnotes\"><li id=\"1904937e-aba4-463f-8ab3-98ab8789a9a0\">Juin 2018. Jesseman, R., &amp; Payer, D. &#8220;Decriminalization : Options et donn\u00e9es probantes&#8221;. Centre canadien sur les d\u00e9pendances et l&#8217;usage de substances. URL<a href=\"https:\/\/www.ccsa.ca\/sites\/default\/files\/2019-04\/CCSA-Decriminalization-Controlled-Substances-Policy-Brief-2018-en.pdf\" target=\"_blank\" rel=\"noreferrer noopener\">: https:\/\/www.ccsa.ca\/sites\/default\/files\/2019-04\/CCSA-Decriminalization-Controlled-Substances-Policy-Brief-2018-en.pdf<\/a>     <a href=\"#1904937e-aba4-463f-8ab3-98ab8789a9a0-link\" aria-label=\"Jump to footnote reference 1\">\u21a9\ufe0e<\/a><\/li><li id=\"9d924375-737b-4169-bcf5-af07cb977643\">Sept. 2018. Levy, J. &#8220;Is Decriminalisation Enough ? Drug User Community Voices from Portugal&#8221;. R\u00e9seau international des personnes qui consomment des drogues. URL<a href=\"https:\/\/www.inpud.net\/sites\/default\/files\/Portugal_decriminalisation_final_online%20version%20-%20RevisedDec2018.pdf\" target=\"_blank\" rel=\"noreferrer noopener\">: https:\/\/www.inpud.net\/sites\/default\/files\/Portugal_decriminalisation_final_online%20version%20-%20RevisedDec2018.pdf<\/a>     <a href=\"#9d924375-737b-4169-bcf5-af07cb977643-link\" aria-label=\"Jump to footnote reference 2\">\u21a9\ufe0e<\/a><\/li><\/ol>\n<div style=\"height:100px\" aria-hidden=\"true\" class=\"wp-block-spacer\"><\/div>\n","protected":false},"excerpt":{"rendered":"<p>En supprimant les sanctions p\u00e9nales pour usage personnel de drogues, nous pourrions favoriser l&#8217;acc\u00e8s aux soins, prendre des mesures pour r\u00e9duire la stigmatisation et favoriser le bien-\u00eatre de tous. La d\u00e9criminalisation consiste \u00e0 remplacer les sanctions p\u00e9nales (comme l&#8217;incarc\u00e9ration) pour la possession de drogues actuellement ill\u00e9gales par des sanctions non p\u00e9nales. Si elle est correctement [&hellip;]<\/p>\n","protected":false},"author":53,"featured_media":22093,"parent":22088,"menu_order":0,"comment_status":"closed","ping_status":"closed","template":"","meta":{"_acf_changed":false,"_crdt_document":"","footnotes":"[{\"id\":\"1904937e-aba4-463f-8ab3-98ab8789a9a0\",\"content\":\"Juin 2018. Jesseman, R., &amp; Payer, D. \\\"Decriminalization : Options et donn\\u00e9es probantes\\\". Centre canadien sur les d\\u00e9pendances et l'usage de substances. URL<a href=\\\"https:\\\/\\\/www.ccsa.ca\\\/sites\\\/default\\\/files\\\/2019-04\\\/CCSA-Decriminalization-Controlled-Substances-Policy-Brief-2018-en.pdf\\\" target=\\\"_blank\\\" rel=\\\"noreferrer noopener\\\">: https:\\\/\\\/www.ccsa.ca\\\/sites\\\/default\\\/files\\\/2019-04\\\/CCSA-Decriminalization-Controlled-Substances-Policy-Brief-2018-en.pdf<\\\/a>    \"},{\"id\":\"9d924375-737b-4169-bcf5-af07cb977643\",\"content\":\"Sept. 2018. Levy, J. \\\"Is Decriminalisation Enough ? Drug User Community Voices from Portugal\\\". R\\u00e9seau international des personnes qui consomment des drogues. URL<a href=\\\"https:\\\/\\\/www.inpud.net\\\/sites\\\/default\\\/files\\\/Portugal_decriminalisation_final_online%20version%20-%20RevisedDec2018.pdf\\\" target=\\\"_blank\\\" rel=\\\"noreferrer noopener\\\">: https:\\\/\\\/www.inpud.net\\\/sites\\\/default\\\/files\\\/Portugal_decriminalisation_final_online%20version%20-%20RevisedDec2018.pdf<\\\/a>    \"}]"},"class_list":["post-22094","page","type-page","status-publish","has-post-thumbnail","hentry"],"acf":[],"mb":[],"yoast_head":"<!-- This site is optimized with the Yoast SEO plugin v27.3 - https:\/\/yoast.com\/product\/yoast-seo-wordpress\/ -->\n<title>La d\u00e9criminalisation - Canadian Drug Policy Coalition<\/title>\n<meta name=\"robots\" content=\"index, follow, max-snippet:-1, max-image-preview:large, max-video-preview:-1\" \/>\n<link rel=\"canonical\" href=\"https:\/\/drugpolicy.ca\/fr\/les-problemes\/la-decriminalisation\/\" \/>\n<meta property=\"og:locale\" content=\"fr_FR\" \/>\n<meta property=\"og:type\" content=\"article\" \/>\n<meta property=\"og:title\" content=\"La d\u00e9criminalisation - Canadian Drug Policy Coalition\" \/>\n<meta property=\"og:description\" content=\"En supprimant les sanctions p\u00e9nales pour usage personnel de drogues, nous pourrions favoriser l&#8217;acc\u00e8s aux soins, prendre des mesures pour r\u00e9duire la stigmatisation et favoriser le bien-\u00eatre de tous. La d\u00e9criminalisation consiste \u00e0 remplacer les sanctions p\u00e9nales (comme l&#8217;incarc\u00e9ration) pour la possession de drogues actuellement ill\u00e9gales par des sanctions non p\u00e9nales. Si elle est correctement [&hellip;]\" \/>\n<meta property=\"og:url\" content=\"https:\/\/drugpolicy.ca\/fr\/les-problemes\/la-decriminalisation\/\" \/>\n<meta property=\"og:site_name\" content=\"Canadian Drug Policy Coalition\" \/>\n<meta property=\"article:modified_time\" content=\"2026-01-19T20:33:13+00:00\" \/>\n<meta property=\"og:image\" content=\"https:\/\/drugpolicy.ca\/wp-content\/uploads\/2025\/10\/banners-5-1024x576.png\" \/>\n\t<meta property=\"og:image:width\" content=\"1024\" \/>\n\t<meta property=\"og:image:height\" content=\"576\" \/>\n\t<meta property=\"og:image:type\" content=\"image\/png\" \/>\n<meta name=\"twitter:card\" content=\"summary_large_image\" \/>\n<meta name=\"twitter:label1\" content=\"Dur\u00e9e de lecture estim\u00e9e\" \/>\n\t<meta name=\"twitter:data1\" content=\"3 minutes\" \/>\n<script type=\"application\/ld+json\" class=\"yoast-schema-graph\">{\"@context\":\"https:\\\/\\\/schema.org\",\"@graph\":[{\"@type\":\"WebPage\",\"@id\":\"https:\\\/\\\/drugpolicy.ca\\\/fr\\\/les-problemes\\\/la-decriminalisation\\\/\",\"url\":\"https:\\\/\\\/drugpolicy.ca\\\/fr\\\/les-problemes\\\/la-decriminalisation\\\/\",\"name\":\"La d\u00e9criminalisation - Canadian Drug Policy Coalition\",\"isPartOf\":{\"@id\":\"https:\\\/\\\/www.drugpolicy.ca\\\/fr\\\/#website\"},\"primaryImageOfPage\":{\"@id\":\"https:\\\/\\\/drugpolicy.ca\\\/fr\\\/les-problemes\\\/la-decriminalisation\\\/#primaryimage\"},\"image\":{\"@id\":\"https:\\\/\\\/drugpolicy.ca\\\/fr\\\/les-problemes\\\/la-decriminalisation\\\/#primaryimage\"},\"thumbnailUrl\":\"https:\\\/\\\/drugpolicy.ca\\\/wp-content\\\/uploads\\\/2025\\\/10\\\/banners-5.png\",\"datePublished\":\"2026-01-19T20:33:11+00:00\",\"dateModified\":\"2026-01-19T20:33:13+00:00\",\"breadcrumb\":{\"@id\":\"https:\\\/\\\/drugpolicy.ca\\\/fr\\\/les-problemes\\\/la-decriminalisation\\\/#breadcrumb\"},\"inLanguage\":\"fr-FR\",\"potentialAction\":[{\"@type\":\"ReadAction\",\"target\":[\"https:\\\/\\\/drugpolicy.ca\\\/fr\\\/les-problemes\\\/la-decriminalisation\\\/\"]}]},{\"@type\":\"ImageObject\",\"inLanguage\":\"fr-FR\",\"@id\":\"https:\\\/\\\/drugpolicy.ca\\\/fr\\\/les-problemes\\\/la-decriminalisation\\\/#primaryimage\",\"url\":\"https:\\\/\\\/drugpolicy.ca\\\/wp-content\\\/uploads\\\/2025\\\/10\\\/banners-5.png\",\"contentUrl\":\"https:\\\/\\\/drugpolicy.ca\\\/wp-content\\\/uploads\\\/2025\\\/10\\\/banners-5.png\",\"width\":2240,\"height\":1260},{\"@type\":\"BreadcrumbList\",\"@id\":\"https:\\\/\\\/drugpolicy.ca\\\/fr\\\/les-problemes\\\/la-decriminalisation\\\/#breadcrumb\",\"itemListElement\":[{\"@type\":\"ListItem\",\"position\":1,\"name\":\"Home\",\"item\":\"https:\\\/\\\/www.canadiandrugpolicy.ca\\\/fr\\\/\"},{\"@type\":\"ListItem\",\"position\":2,\"name\":\"Les probl\u00e8mes\",\"item\":\"https:\\\/\\\/drugpolicy.ca\\\/fr\\\/les-problemes\\\/\"},{\"@type\":\"ListItem\",\"position\":3,\"name\":\"La d\u00e9criminalisation\"}]},{\"@type\":\"WebSite\",\"@id\":\"https:\\\/\\\/www.drugpolicy.ca\\\/fr\\\/#website\",\"url\":\"https:\\\/\\\/www.drugpolicy.ca\\\/fr\\\/\",\"name\":\"Canadian Drug Policy Coalition\",\"description\":\"Change policy. Save lives.\",\"publisher\":{\"@id\":\"https:\\\/\\\/www.drugpolicy.ca\\\/fr\\\/#organization\"},\"potentialAction\":[{\"@type\":\"SearchAction\",\"target\":{\"@type\":\"EntryPoint\",\"urlTemplate\":\"https:\\\/\\\/www.drugpolicy.ca\\\/fr\\\/?s={search_term_string}\"},\"query-input\":{\"@type\":\"PropertyValueSpecification\",\"valueRequired\":true,\"valueName\":\"search_term_string\"}}],\"inLanguage\":\"fr-FR\"},{\"@type\":\"Organization\",\"@id\":\"https:\\\/\\\/www.drugpolicy.ca\\\/fr\\\/#organization\",\"name\":\"Canadian Drug Policy Coalition\",\"url\":\"https:\\\/\\\/www.drugpolicy.ca\\\/fr\\\/\",\"logo\":{\"@type\":\"ImageObject\",\"inLanguage\":\"fr-FR\",\"@id\":\"https:\\\/\\\/www.drugpolicy.ca\\\/fr\\\/#\\\/schema\\\/logo\\\/image\\\/\",\"url\":\"https:\\\/\\\/drugpolicy.ca\\\/wp-content\\\/uploads\\\/2019\\\/04\\\/CDPC-logo-white-on-red-150-dpi.jpg\",\"contentUrl\":\"https:\\\/\\\/drugpolicy.ca\\\/wp-content\\\/uploads\\\/2019\\\/04\\\/CDPC-logo-white-on-red-150-dpi.jpg\",\"width\":332,\"height\":333,\"caption\":\"Canadian Drug Policy Coalition\"},\"image\":{\"@id\":\"https:\\\/\\\/www.drugpolicy.ca\\\/fr\\\/#\\\/schema\\\/logo\\\/image\\\/\"}}]}<\/script>\n<!-- \/ Yoast SEO plugin. -->","yoast_head_json":{"title":"La d\u00e9criminalisation - Canadian Drug Policy Coalition","robots":{"index":"index","follow":"follow","max-snippet":"max-snippet:-1","max-image-preview":"max-image-preview:large","max-video-preview":"max-video-preview:-1"},"canonical":"https:\/\/drugpolicy.ca\/fr\/les-problemes\/la-decriminalisation\/","og_locale":"fr_FR","og_type":"article","og_title":"La d\u00e9criminalisation - Canadian Drug Policy Coalition","og_description":"En supprimant les sanctions p\u00e9nales pour usage personnel de drogues, nous pourrions favoriser l&#8217;acc\u00e8s aux soins, prendre des mesures pour r\u00e9duire la stigmatisation et favoriser le bien-\u00eatre de tous. La d\u00e9criminalisation consiste \u00e0 remplacer les sanctions p\u00e9nales (comme l&#8217;incarc\u00e9ration) pour la possession de drogues actuellement ill\u00e9gales par des sanctions non p\u00e9nales. Si elle est correctement [&hellip;]","og_url":"https:\/\/drugpolicy.ca\/fr\/les-problemes\/la-decriminalisation\/","og_site_name":"Canadian Drug Policy Coalition","article_modified_time":"2026-01-19T20:33:13+00:00","og_image":[{"width":1024,"height":576,"url":"https:\/\/drugpolicy.ca\/wp-content\/uploads\/2025\/10\/banners-5-1024x576.png","type":"image\/png"}],"twitter_card":"summary_large_image","twitter_misc":{"Dur\u00e9e de lecture estim\u00e9e":"3 minutes"},"schema":{"@context":"https:\/\/schema.org","@graph":[{"@type":"WebPage","@id":"https:\/\/drugpolicy.ca\/fr\/les-problemes\/la-decriminalisation\/","url":"https:\/\/drugpolicy.ca\/fr\/les-problemes\/la-decriminalisation\/","name":"La d\u00e9criminalisation - Canadian Drug Policy Coalition","isPartOf":{"@id":"https:\/\/www.drugpolicy.ca\/fr\/#website"},"primaryImageOfPage":{"@id":"https:\/\/drugpolicy.ca\/fr\/les-problemes\/la-decriminalisation\/#primaryimage"},"image":{"@id":"https:\/\/drugpolicy.ca\/fr\/les-problemes\/la-decriminalisation\/#primaryimage"},"thumbnailUrl":"https:\/\/drugpolicy.ca\/wp-content\/uploads\/2025\/10\/banners-5.png","datePublished":"2026-01-19T20:33:11+00:00","dateModified":"2026-01-19T20:33:13+00:00","breadcrumb":{"@id":"https:\/\/drugpolicy.ca\/fr\/les-problemes\/la-decriminalisation\/#breadcrumb"},"inLanguage":"fr-FR","potentialAction":[{"@type":"ReadAction","target":["https:\/\/drugpolicy.ca\/fr\/les-problemes\/la-decriminalisation\/"]}]},{"@type":"ImageObject","inLanguage":"fr-FR","@id":"https:\/\/drugpolicy.ca\/fr\/les-problemes\/la-decriminalisation\/#primaryimage","url":"https:\/\/drugpolicy.ca\/wp-content\/uploads\/2025\/10\/banners-5.png","contentUrl":"https:\/\/drugpolicy.ca\/wp-content\/uploads\/2025\/10\/banners-5.png","width":2240,"height":1260},{"@type":"BreadcrumbList","@id":"https:\/\/drugpolicy.ca\/fr\/les-problemes\/la-decriminalisation\/#breadcrumb","itemListElement":[{"@type":"ListItem","position":1,"name":"Home","item":"https:\/\/www.canadiandrugpolicy.ca\/fr\/"},{"@type":"ListItem","position":2,"name":"Les probl\u00e8mes","item":"https:\/\/drugpolicy.ca\/fr\/les-problemes\/"},{"@type":"ListItem","position":3,"name":"La d\u00e9criminalisation"}]},{"@type":"WebSite","@id":"https:\/\/www.drugpolicy.ca\/fr\/#website","url":"https:\/\/www.drugpolicy.ca\/fr\/","name":"Canadian Drug Policy Coalition","description":"Change policy. Save lives.","publisher":{"@id":"https:\/\/www.drugpolicy.ca\/fr\/#organization"},"potentialAction":[{"@type":"SearchAction","target":{"@type":"EntryPoint","urlTemplate":"https:\/\/www.drugpolicy.ca\/fr\/?s={search_term_string}"},"query-input":{"@type":"PropertyValueSpecification","valueRequired":true,"valueName":"search_term_string"}}],"inLanguage":"fr-FR"},{"@type":"Organization","@id":"https:\/\/www.drugpolicy.ca\/fr\/#organization","name":"Canadian Drug Policy Coalition","url":"https:\/\/www.drugpolicy.ca\/fr\/","logo":{"@type":"ImageObject","inLanguage":"fr-FR","@id":"https:\/\/www.drugpolicy.ca\/fr\/#\/schema\/logo\/image\/","url":"https:\/\/drugpolicy.ca\/wp-content\/uploads\/2019\/04\/CDPC-logo-white-on-red-150-dpi.jpg","contentUrl":"https:\/\/drugpolicy.ca\/wp-content\/uploads\/2019\/04\/CDPC-logo-white-on-red-150-dpi.jpg","width":332,"height":333,"caption":"Canadian Drug Policy Coalition"},"image":{"@id":"https:\/\/www.drugpolicy.ca\/fr\/#\/schema\/logo\/image\/"}}]}},"mfb_rest_fields":["title","yoast_head","yoast_head_json"],"_links":{"self":[{"href":"https:\/\/drugpolicy.ca\/fr\/wp-json\/wp\/v2\/pages\/22094","targetHints":{"allow":["GET"]}}],"collection":[{"href":"https:\/\/drugpolicy.ca\/fr\/wp-json\/wp\/v2\/pages"}],"about":[{"href":"https:\/\/drugpolicy.ca\/fr\/wp-json\/wp\/v2\/types\/page"}],"author":[{"embeddable":true,"href":"https:\/\/drugpolicy.ca\/fr\/wp-json\/wp\/v2\/users\/53"}],"replies":[{"embeddable":true,"href":"https:\/\/drugpolicy.ca\/fr\/wp-json\/wp\/v2\/comments?post=22094"}],"version-history":[{"count":1,"href":"https:\/\/drugpolicy.ca\/fr\/wp-json\/wp\/v2\/pages\/22094\/revisions"}],"predecessor-version":[{"id":22095,"href":"https:\/\/drugpolicy.ca\/fr\/wp-json\/wp\/v2\/pages\/22094\/revisions\/22095"}],"up":[{"embeddable":true,"href":"https:\/\/drugpolicy.ca\/fr\/wp-json\/wp\/v2\/pages\/22088"}],"wp:featuredmedia":[{"embeddable":true,"href":"https:\/\/drugpolicy.ca\/fr\/wp-json\/wp\/v2\/media\/22093"}],"wp:attachment":[{"href":"https:\/\/drugpolicy.ca\/fr\/wp-json\/wp\/v2\/media?parent=22094"}],"curies":[{"name":"wp","href":"https:\/\/api.w.org\/{rel}","templated":true}]}}