{"id":22047,"date":"2026-01-19T11:38:42","date_gmt":"2026-01-19T19:38:42","guid":{"rendered":"https:\/\/drugpolicy.ca\/about-us\/careers\/"},"modified":"2026-01-19T11:38:44","modified_gmt":"2026-01-19T19:38:44","slug":"careers","status":"publish","type":"page","link":"https:\/\/drugpolicy.ca\/fr\/about-us\/careers\/","title":{"rendered":"Careers"},"content":{"rendered":"\n<div class=\"wp-block-group alignwide is-layout-flow wp-block-group-is-layout-flow\">\n<div class=\"wp-block-columns is-layout-flex wp-container-core-columns-is-layout-794e3cfa wp-block-columns-is-layout-flex\">\n<div class=\"wp-block-column is-layout-flow wp-block-column-is-layout-flow\" style=\"flex-basis:40%\"><\/div>\n<\/div>\n<\/div>\n<figure style=\"aspect-ratio:21\/9; margin-top:var(--wp--preset--spacing--50);margin-bottom:var(--wp--preset--spacing--60);\" class=\"alignwide wp-block-post-featured-image\"><img loading=\"lazy\" decoding=\"async\" width=\"2240\" height=\"1260\" src=\"https:\/\/drugpolicy.ca\/wp-content\/uploads\/2025\/10\/banners-4.png\" class=\"attachment-post-thumbnail size-post-thumbnail wp-post-image\" alt=\"\" style=\"width:100%;height:100%;object-fit:cover;\" srcset=\"https:\/\/drugpolicy.ca\/wp-content\/uploads\/2025\/10\/banners-4.png 2240w, https:\/\/drugpolicy.ca\/wp-content\/uploads\/2025\/10\/banners-4-300x169.png 300w, https:\/\/drugpolicy.ca\/wp-content\/uploads\/2025\/10\/banners-4-1024x576.png 1024w, https:\/\/drugpolicy.ca\/wp-content\/uploads\/2025\/10\/banners-4-768x432.png 768w, https:\/\/drugpolicy.ca\/wp-content\/uploads\/2025\/10\/banners-4-1536x864.png 1536w, https:\/\/drugpolicy.ca\/wp-content\/uploads\/2025\/10\/banners-4-2048x1152.png 2048w\" sizes=\"auto, (max-width: 2240px) 100vw, 2240px\" \/><\/figure>\n<div class=\"wp-block-group has-global-padding is-layout-constrained wp-block-group-is-layout-constrained\" style=\"margin-top:var(--wp--preset--spacing--50);margin-bottom:var(--wp--preset--spacing--50);padding-bottom:var(--wp--preset--spacing--40)\">\n<div class=\"wp-block-group has-global-padding is-layout-constrained wp-block-group-is-layout-constrained\">\n<h2 class=\"wp-block-heading\" style=\"margin-bottom:var(--wp--preset--spacing--50)\">Carri\u00e8res \u00e0 la Coalition canadienne des politiques sur les drogues<\/h2>\n\n\n\n<p class=\"wp-block-paragraph\">La Coalition canadienne des politiques sur les drogues travaille, par l&#8217;interm\u00e9diaire de son personnel, \u00e0 la construction d&#8217;un monde o\u00f9 toutes les personnes peuvent conna\u00eetre le bien-\u00eatre et la s\u00e9curit\u00e9, quelle que soit leur relation avec les drogues. Nous cherchons \u00e0 recruter des personnes passionn\u00e9es, engag\u00e9es et comp\u00e9tentes. Nous appr\u00e9cions l&#8217;exp\u00e9rience acquise au cours de la vie, du travail ou de l&#8217;\u00e9ducation formelle.   <\/p>\n\n\n\n<p class=\"wp-block-paragraph\">Depuis 2010, nous sommes \u00e0 l&#8217;avant-garde de la r\u00e9forme des politiques en mati\u00e8re de drogues, tant au niveau national qu&#8217;international. Nous collaborons avec plus de 100 organisations et 7 000 personnes passionn\u00e9es qui se consacrent \u00e0 la d\u00e9fense d&#8217;une politique des drogues qui donne la priorit\u00e9 \u00e0 la sant\u00e9 publique, respecte les droits de l&#8217;homme et fait activement entendre la voix des personnes qui consomment des drogues et de celles qui ont \u00e9t\u00e9 l\u00e9s\u00e9es et marginalis\u00e9es par la criminalisation.   <\/p>\n\n\n\n<p class=\"wp-block-paragraph\">Le CCPD est une organisation \u00e0 but non lucratif affili\u00e9e \u00e0 la facult\u00e9 des sciences de la sant\u00e9 de l&#8217;universit\u00e9 SFU, dont le personnel travaille \u00e0 distance dans des communaut\u00e9s de tout le pays. <\/p>\n<\/div>\n\n\n\n<div style=\"height:58px\" aria-hidden=\"true\" class=\"wp-block-spacer\"><\/div>\n\n\n\n<div class=\"wp-block-group has-global-padding is-layout-constrained wp-block-group-is-layout-constrained\">\n<h2 class=\"wp-block-heading\" style=\"margin-bottom:var(--wp--preset--spacing--50)\">Postes \u00e0 pourvoir<\/h2>\n\n\n\n<p class=\"wp-block-paragraph\" style=\"border-bottom-color:var(--wp--preset--color--accent-6);border-bottom-width:1px;margin-bottom:var(--wp--preset--spacing--30);padding-bottom:var(--wp--preset--spacing--30)\">Nous n&#8217;avons actuellement aucun poste \u00e0 pourvoir.  <\/p>\n<\/div>\n<\/div>\n","protected":false},"excerpt":{"rendered":"<p>Carri\u00e8res \u00e0 la Coalition canadienne des politiques sur les drogues La Coalition canadienne des politiques sur les drogues travaille, par l&#8217;interm\u00e9diaire de son personnel, \u00e0 la construction d&#8217;un monde o\u00f9 toutes les personnes peuvent conna\u00eetre le bien-\u00eatre et la s\u00e9curit\u00e9, quelle que soit leur relation avec les drogues. Nous cherchons \u00e0 recruter des personnes passionn\u00e9es, [&hellip;]<\/p>\n","protected":false},"author":53,"featured_media":22046,"parent":22044,"menu_order":0,"comment_status":"closed","ping_status":"closed","template":"","meta":{"_acf_changed":false,"_crdt_document":"","footnotes":""},"class_list":["post-22047","page","type-page","status-publish","has-post-thumbnail","hentry"],"acf":[],"mb":[],"yoast_head":"<!-- This site is optimized with the Yoast SEO plugin v27.3 - https:\/\/yoast.com\/product\/yoast-seo-wordpress\/ -->\n<title>Careers - Canadian Drug Policy Coalition<\/title>\n<meta name=\"robots\" content=\"index, follow, max-snippet:-1, max-image-preview:large, max-video-preview:-1\" \/>\n<link rel=\"canonical\" href=\"https:\/\/drugpolicy.ca\/fr\/about-us\/careers\/\" \/>\n<meta property=\"og:locale\" content=\"fr_FR\" \/>\n<meta property=\"og:type\" content=\"article\" \/>\n<meta property=\"og:title\" content=\"Careers - Canadian Drug Policy Coalition\" \/>\n<meta property=\"og:description\" content=\"Carri\u00e8res \u00e0 la Coalition canadienne des politiques sur les drogues La Coalition canadienne des politiques sur les drogues travaille, par l&#8217;interm\u00e9diaire de son personnel, \u00e0 la construction d&#8217;un monde o\u00f9 toutes les personnes peuvent conna\u00eetre le bien-\u00eatre et la s\u00e9curit\u00e9, quelle que soit leur relation avec les drogues. Nous cherchons \u00e0 recruter des personnes passionn\u00e9es, [&hellip;]\" \/>\n<meta property=\"og:url\" content=\"https:\/\/drugpolicy.ca\/fr\/about-us\/careers\/\" \/>\n<meta property=\"og:site_name\" content=\"Canadian Drug Policy Coalition\" \/>\n<meta property=\"article:modified_time\" content=\"2026-01-19T19:38:44+00:00\" \/>\n<meta property=\"og:image\" content=\"https:\/\/drugpolicy.ca\/wp-content\/uploads\/2025\/10\/banners-4-1024x576.png\" \/>\n\t<meta property=\"og:image:width\" content=\"1024\" \/>\n\t<meta property=\"og:image:height\" content=\"576\" \/>\n\t<meta property=\"og:image:type\" content=\"image\/png\" \/>\n<meta name=\"twitter:card\" content=\"summary_large_image\" \/>\n<meta name=\"twitter:label1\" content=\"Dur\u00e9e de lecture estim\u00e9e\" \/>\n\t<meta name=\"twitter:data1\" content=\"1 minute\" \/>\n<script type=\"application\/ld+json\" class=\"yoast-schema-graph\">{\"@context\":\"https:\\\/\\\/schema.org\",\"@graph\":[{\"@type\":\"WebPage\",\"@id\":\"https:\\\/\\\/drugpolicy.ca\\\/fr\\\/about-us\\\/careers\\\/\",\"url\":\"https:\\\/\\\/drugpolicy.ca\\\/fr\\\/about-us\\\/careers\\\/\",\"name\":\"Careers - Canadian Drug Policy Coalition\",\"isPartOf\":{\"@id\":\"https:\\\/\\\/drugpolicy.ca\\\/fr\\\/#website\"},\"primaryImageOfPage\":{\"@id\":\"https:\\\/\\\/drugpolicy.ca\\\/fr\\\/about-us\\\/careers\\\/#primaryimage\"},\"image\":{\"@id\":\"https:\\\/\\\/drugpolicy.ca\\\/fr\\\/about-us\\\/careers\\\/#primaryimage\"},\"thumbnailUrl\":\"https:\\\/\\\/drugpolicy.ca\\\/wp-content\\\/uploads\\\/2025\\\/10\\\/banners-4.png\",\"datePublished\":\"2026-01-19T19:38:42+00:00\",\"dateModified\":\"2026-01-19T19:38:44+00:00\",\"breadcrumb\":{\"@id\":\"https:\\\/\\\/drugpolicy.ca\\\/fr\\\/about-us\\\/careers\\\/#breadcrumb\"},\"inLanguage\":\"fr-FR\",\"potentialAction\":[{\"@type\":\"ReadAction\",\"target\":[\"https:\\\/\\\/drugpolicy.ca\\\/fr\\\/about-us\\\/careers\\\/\"]}]},{\"@type\":\"ImageObject\",\"inLanguage\":\"fr-FR\",\"@id\":\"https:\\\/\\\/drugpolicy.ca\\\/fr\\\/about-us\\\/careers\\\/#primaryimage\",\"url\":\"https:\\\/\\\/drugpolicy.ca\\\/wp-content\\\/uploads\\\/2025\\\/10\\\/banners-4.png\",\"contentUrl\":\"https:\\\/\\\/drugpolicy.ca\\\/wp-content\\\/uploads\\\/2025\\\/10\\\/banners-4.png\",\"width\":2240,\"height\":1260},{\"@type\":\"BreadcrumbList\",\"@id\":\"https:\\\/\\\/drugpolicy.ca\\\/fr\\\/about-us\\\/careers\\\/#breadcrumb\",\"itemListElement\":[{\"@type\":\"ListItem\",\"position\":1,\"name\":\"Home\",\"item\":\"https:\\\/\\\/drugpolicy.ca\\\/fr\\\/\"},{\"@type\":\"ListItem\",\"position\":2,\"name\":\"About Us\",\"item\":\"https:\\\/\\\/mail.canadiandrugpolicy.ca\\\/fr\\\/about-us\\\/\"},{\"@type\":\"ListItem\",\"position\":3,\"name\":\"Careers\"}]},{\"@type\":\"WebSite\",\"@id\":\"https:\\\/\\\/drugpolicy.ca\\\/fr\\\/#website\",\"url\":\"https:\\\/\\\/drugpolicy.ca\\\/fr\\\/\",\"name\":\"Canadian Drug Policy Coalition\",\"description\":\"Change policy. Save lives.\",\"publisher\":{\"@id\":\"https:\\\/\\\/drugpolicy.ca\\\/fr\\\/#organization\"},\"potentialAction\":[{\"@type\":\"SearchAction\",\"target\":{\"@type\":\"EntryPoint\",\"urlTemplate\":\"https:\\\/\\\/drugpolicy.ca\\\/fr\\\/?s={search_term_string}\"},\"query-input\":{\"@type\":\"PropertyValueSpecification\",\"valueRequired\":true,\"valueName\":\"search_term_string\"}}],\"inLanguage\":\"fr-FR\"},{\"@type\":\"Organization\",\"@id\":\"https:\\\/\\\/drugpolicy.ca\\\/fr\\\/#organization\",\"name\":\"Canadian Drug Policy Coalition\",\"url\":\"https:\\\/\\\/drugpolicy.ca\\\/fr\\\/\",\"logo\":{\"@type\":\"ImageObject\",\"inLanguage\":\"fr-FR\",\"@id\":\"https:\\\/\\\/drugpolicy.ca\\\/fr\\\/#\\\/schema\\\/logo\\\/image\\\/\",\"url\":\"https:\\\/\\\/drugpolicy.ca\\\/wp-content\\\/uploads\\\/2019\\\/04\\\/CDPC-logo-white-on-red-150-dpi.jpg\",\"contentUrl\":\"https:\\\/\\\/drugpolicy.ca\\\/wp-content\\\/uploads\\\/2019\\\/04\\\/CDPC-logo-white-on-red-150-dpi.jpg\",\"width\":332,\"height\":333,\"caption\":\"Canadian Drug Policy Coalition\"},\"image\":{\"@id\":\"https:\\\/\\\/drugpolicy.ca\\\/fr\\\/#\\\/schema\\\/logo\\\/image\\\/\"}}]}<\/script>\n<!-- \/ Yoast SEO plugin. -->","yoast_head_json":{"title":"Careers - Canadian Drug Policy Coalition","robots":{"index":"index","follow":"follow","max-snippet":"max-snippet:-1","max-image-preview":"max-image-preview:large","max-video-preview":"max-video-preview:-1"},"canonical":"https:\/\/drugpolicy.ca\/fr\/about-us\/careers\/","og_locale":"fr_FR","og_type":"article","og_title":"Careers - Canadian Drug Policy Coalition","og_description":"Carri\u00e8res \u00e0 la Coalition canadienne des politiques sur les drogues La Coalition canadienne des politiques sur les drogues travaille, par l&#8217;interm\u00e9diaire de son personnel, \u00e0 la construction d&#8217;un monde o\u00f9 toutes les personnes peuvent conna\u00eetre le bien-\u00eatre et la s\u00e9curit\u00e9, quelle que soit leur relation avec les drogues. Nous cherchons \u00e0 recruter des personnes passionn\u00e9es, [&hellip;]","og_url":"https:\/\/drugpolicy.ca\/fr\/about-us\/careers\/","og_site_name":"Canadian Drug Policy Coalition","article_modified_time":"2026-01-19T19:38:44+00:00","og_image":[{"width":1024,"height":576,"url":"https:\/\/drugpolicy.ca\/wp-content\/uploads\/2025\/10\/banners-4-1024x576.png","type":"image\/png"}],"twitter_card":"summary_large_image","twitter_misc":{"Dur\u00e9e de lecture estim\u00e9e":"1 minute"},"schema":{"@context":"https:\/\/schema.org","@graph":[{"@type":"WebPage","@id":"https:\/\/drugpolicy.ca\/fr\/about-us\/careers\/","url":"https:\/\/drugpolicy.ca\/fr\/about-us\/careers\/","name":"Careers - Canadian Drug Policy Coalition","isPartOf":{"@id":"https:\/\/drugpolicy.ca\/fr\/#website"},"primaryImageOfPage":{"@id":"https:\/\/drugpolicy.ca\/fr\/about-us\/careers\/#primaryimage"},"image":{"@id":"https:\/\/drugpolicy.ca\/fr\/about-us\/careers\/#primaryimage"},"thumbnailUrl":"https:\/\/drugpolicy.ca\/wp-content\/uploads\/2025\/10\/banners-4.png","datePublished":"2026-01-19T19:38:42+00:00","dateModified":"2026-01-19T19:38:44+00:00","breadcrumb":{"@id":"https:\/\/drugpolicy.ca\/fr\/about-us\/careers\/#breadcrumb"},"inLanguage":"fr-FR","potentialAction":[{"@type":"ReadAction","target":["https:\/\/drugpolicy.ca\/fr\/about-us\/careers\/"]}]},{"@type":"ImageObject","inLanguage":"fr-FR","@id":"https:\/\/drugpolicy.ca\/fr\/about-us\/careers\/#primaryimage","url":"https:\/\/drugpolicy.ca\/wp-content\/uploads\/2025\/10\/banners-4.png","contentUrl":"https:\/\/drugpolicy.ca\/wp-content\/uploads\/2025\/10\/banners-4.png","width":2240,"height":1260},{"@type":"BreadcrumbList","@id":"https:\/\/drugpolicy.ca\/fr\/about-us\/careers\/#breadcrumb","itemListElement":[{"@type":"ListItem","position":1,"name":"Home","item":"https:\/\/drugpolicy.ca\/fr\/"},{"@type":"ListItem","position":2,"name":"About Us","item":"https:\/\/mail.canadiandrugpolicy.ca\/fr\/about-us\/"},{"@type":"ListItem","position":3,"name":"Careers"}]},{"@type":"WebSite","@id":"https:\/\/drugpolicy.ca\/fr\/#website","url":"https:\/\/drugpolicy.ca\/fr\/","name":"Canadian Drug Policy Coalition","description":"Change policy. Save lives.","publisher":{"@id":"https:\/\/drugpolicy.ca\/fr\/#organization"},"potentialAction":[{"@type":"SearchAction","target":{"@type":"EntryPoint","urlTemplate":"https:\/\/drugpolicy.ca\/fr\/?s={search_term_string}"},"query-input":{"@type":"PropertyValueSpecification","valueRequired":true,"valueName":"search_term_string"}}],"inLanguage":"fr-FR"},{"@type":"Organization","@id":"https:\/\/drugpolicy.ca\/fr\/#organization","name":"Canadian Drug Policy Coalition","url":"https:\/\/drugpolicy.ca\/fr\/","logo":{"@type":"ImageObject","inLanguage":"fr-FR","@id":"https:\/\/drugpolicy.ca\/fr\/#\/schema\/logo\/image\/","url":"https:\/\/drugpolicy.ca\/wp-content\/uploads\/2019\/04\/CDPC-logo-white-on-red-150-dpi.jpg","contentUrl":"https:\/\/drugpolicy.ca\/wp-content\/uploads\/2019\/04\/CDPC-logo-white-on-red-150-dpi.jpg","width":332,"height":333,"caption":"Canadian Drug Policy Coalition"},"image":{"@id":"https:\/\/drugpolicy.ca\/fr\/#\/schema\/logo\/image\/"}}]}},"mfb_rest_fields":["title","yoast_head","yoast_head_json"],"_links":{"self":[{"href":"https:\/\/drugpolicy.ca\/fr\/wp-json\/wp\/v2\/pages\/22047","targetHints":{"allow":["GET"]}}],"collection":[{"href":"https:\/\/drugpolicy.ca\/fr\/wp-json\/wp\/v2\/pages"}],"about":[{"href":"https:\/\/drugpolicy.ca\/fr\/wp-json\/wp\/v2\/types\/page"}],"author":[{"embeddable":true,"href":"https:\/\/drugpolicy.ca\/fr\/wp-json\/wp\/v2\/users\/53"}],"replies":[{"embeddable":true,"href":"https:\/\/drugpolicy.ca\/fr\/wp-json\/wp\/v2\/comments?post=22047"}],"version-history":[{"count":1,"href":"https:\/\/drugpolicy.ca\/fr\/wp-json\/wp\/v2\/pages\/22047\/revisions"}],"predecessor-version":[{"id":22048,"href":"https:\/\/drugpolicy.ca\/fr\/wp-json\/wp\/v2\/pages\/22047\/revisions\/22048"}],"up":[{"embeddable":true,"href":"https:\/\/drugpolicy.ca\/fr\/wp-json\/wp\/v2\/pages\/22044"}],"wp:featuredmedia":[{"embeddable":true,"href":"https:\/\/drugpolicy.ca\/fr\/wp-json\/wp\/v2\/media\/22046"}],"wp:attachment":[{"href":"https:\/\/drugpolicy.ca\/fr\/wp-json\/wp\/v2\/media?parent=22047"}],"curies":[{"name":"wp","href":"https:\/\/api.w.org\/{rel}","templated":true}]}}