{"id":22044,"date":"2026-01-19T11:35:48","date_gmt":"2026-01-19T19:35:48","guid":{"rendered":"https:\/\/drugpolicy.ca\/about-us\/"},"modified":"2026-03-20T12:41:53","modified_gmt":"2026-03-20T19:41:53","slug":"about-us","status":"publish","type":"page","link":"https:\/\/drugpolicy.ca\/fr\/about-us\/","title":{"rendered":"About Us"},"content":{"rendered":"\n<div class=\"wp-block-group alignfull is-style-default has-global-padding is-layout-constrained wp-block-group-is-layout-constrained\" style=\"margin-top:0;margin-bottom:0;padding-top:0;padding-bottom:var(--wp--preset--spacing--40)\">\n<div class=\"wp-block-columns alignwide is-layout-flex wp-container-core-columns-is-layout-633b684a wp-block-columns-is-layout-flex\">\n<div class=\"wp-block-column is-layout-flow wp-block-column-is-layout-flow\" style=\"flex-basis:40%\"><\/div>\n<\/div>\n<\/div>\n\n\n\n<div class=\"wp-block-group alignwide has-global-padding is-layout-constrained wp-block-group-is-layout-constrained\">\n<div class=\"wp-block-cover alignfull is-light has-custom-content-position is-position-bottom-center\" style=\"margin-top:0;margin-bottom:0;padding-top:var(--wp--preset--spacing--50);padding-right:var(--wp--preset--spacing--50);padding-bottom:var(--wp--preset--spacing--50);padding-left:var(--wp--preset--spacing--50);min-height:840px;aspect-ratio:unset;\"><img loading=\"lazy\" decoding=\"async\" width=\"1024\" height=\"441\" class=\"wp-block-cover__image-background wp-image-20491 size-large\" alt=\"Drug Peace\" src=\"https:\/\/drugpolicy.ca\/wp-content\/uploads\/2025\/08\/Drug-peace-1024x441.png\" data-object-fit=\"cover\" srcset=\"https:\/\/drugpolicy.ca\/wp-content\/uploads\/2025\/08\/Drug-peace-1024x441.png 1024w, https:\/\/drugpolicy.ca\/wp-content\/uploads\/2025\/08\/Drug-peace-300x129.png 300w, https:\/\/drugpolicy.ca\/wp-content\/uploads\/2025\/08\/Drug-peace-768x331.png 768w, https:\/\/drugpolicy.ca\/wp-content\/uploads\/2025\/08\/Drug-peace-1536x662.png 1536w, https:\/\/drugpolicy.ca\/wp-content\/uploads\/2025\/08\/Drug-peace-2048x883.png 2048w\" sizes=\"auto, (max-width: 1024px) 100vw, 1024px\" \/><span aria-hidden=\"true\" class=\"wp-block-cover__background has-background-dim-10 has-background-dim\"><\/span><div class=\"wp-block-cover__inner-container has-global-padding is-layout-constrained wp-container-core-cover-is-layout-318f34f0 wp-block-cover-is-layout-constrained\">\n<p class=\"has-text-align-center has-large-font-size wp-block-paragraph\"><\/p>\n<\/div><\/div>\n<\/div>\n\n\n\n<div class=\"wp-block-group has-global-padding is-layout-constrained wp-block-group-is-layout-constrained\" style=\"padding-top:var(--wp--preset--spacing--50);padding-bottom:var(--wp--preset--spacing--50)\">\n<p class=\"wp-block-paragraph\">Fond\u00e9e en 2010, la<a href=\"https:\/\/candrugpolicy.nationbuilder.com\/r?u=M0GxYdL3S-y16enkfHP0wWOubqVfLo4uvBHYhZzpzZVdEj4rY1gEiv4LSwFYLTtc&amp;e=455e64dc0d4faca49920f7512fbbe6cc&amp;utm_source=candrugpolicy&amp;utm_medium=email&amp;utm_campaign=media_advisory_20240301_on_cts&amp;n=4&amp;test_email=1\" target=\"_blank\" rel=\"noreferrer noopener\"> Coalition canadienne des politiques sur les drogues<\/a> travaille en partenariat avec plus de 100 organisations et 7000 personnes \u00e0 travers le Canada et \u00e0 l&#8217;\u00e9tranger pour promouvoir une politique sur les drogues fond\u00e9e sur des donn\u00e9es probantes, guid\u00e9e par des principes de sant\u00e9 publique, respectueuse des droits de l&#8217;homme de tous, et cherchant \u00e0 inclure les personnes qui consomment des drogues et celles qui ont souffert de la guerre contre les drogues dans l&#8217;\u00e9volution vers des communaut\u00e9s o\u00f9 tout le monde peut acc\u00e9der \u00e0 la s\u00e9curit\u00e9 et au bien-\u00eatre. <\/p>\n\n\n\n<p class=\"wp-block-paragraph\">D\u00e9couvrez notre <a href=\"https:\/\/drugpolicy.ca\/fr\/about-us\/mission-valeurs\/\">mission et nos valeurs<\/a>, <a href=\"https:\/\/drugpolicy.ca\/fr\/about-us\/notre-equipe\/\">rencontrez notre \u00e9quipe<\/a>, explorez les <a href=\"https:\/\/drugpolicy.ca\/fr\/about-us\/careers\/\">possibilit\u00e9s de carri\u00e8re<\/a> ou <a href=\"https:\/\/drugpolicy.ca\/fr\/about-us\/contactez-nous\/\">contactez-nous<\/a> pour vous mettre en relation.  <\/p>\n<\/div>\n\n\n\n<div class=\"wp-block-group alignfull is-style-section-5 has-global-padding is-layout-constrained wp-block-group-is-layout-constrained is-style-section-5--1\" style=\"margin-top:0;margin-bottom:0;padding-top:var(--wp--preset--spacing--50);padding-bottom:var(--wp--preset--spacing--50)\">\n<div class=\"wp-block-columns alignwide is-layout-flex wp-container-core-columns-is-layout-ca2dd60b wp-block-columns-is-layout-flex\">\n<div class=\"wp-block-column is-vertically-aligned-center is-layout-flow wp-block-column-is-layout-flow\" style=\"flex-basis:50%\">\n<h2 class=\"wp-block-heading\">Notre \u00e9quipe<br><br> <br> <br><\/h2>\n\n\n\n<p class=\"wp-block-paragraph\">Faites connaissance avec les personnes qui se cachent derri\u00e8re notre travail.<\/p>\n\n\n\n<div class=\"wp-block-buttons is-layout-flex wp-block-buttons-is-layout-flex\">\n<div class=\"wp-block-button\"><a class=\"wp-block-button__link wp-element-button\" href=\"https:\/\/drugpolicy.ca\/fr\/about-us\/notre-equipe\/\">En savoir plus<\/a><\/div>\n<\/div>\n<\/div>\n\n\n\n<div class=\"wp-block-column is-vertically-aligned-center is-layout-flow wp-block-column-is-layout-flow\" style=\"flex-basis:50%\">\n<figure class=\"wp-block-image size-full\"><a href=\"https:\/\/drugpolicy.ca\/wp-content\/uploads\/2025\/10\/16.png\"><img loading=\"lazy\" decoding=\"async\" width=\"1080\" height=\"1080\" src=\"https:\/\/drugpolicy.ca\/wp-content\/uploads\/2025\/10\/16.png\" alt=\"\" class=\"wp-image-21324\" style=\"aspect-ratio:1;object-fit:cover\" srcset=\"https:\/\/drugpolicy.ca\/wp-content\/uploads\/2025\/10\/16.png 1080w, https:\/\/drugpolicy.ca\/wp-content\/uploads\/2025\/10\/16-300x300.png 300w, https:\/\/drugpolicy.ca\/wp-content\/uploads\/2025\/10\/16-1024x1024.png 1024w, https:\/\/drugpolicy.ca\/wp-content\/uploads\/2025\/10\/16-150x150.png 150w, https:\/\/drugpolicy.ca\/wp-content\/uploads\/2025\/10\/16-768x768.png 768w\" sizes=\"auto, (max-width: 1080px) 100vw, 1080px\" \/><\/a><\/figure>\n<\/div>\n<\/div>\n<\/div>\n\n\n\n<div class=\"wp-block-group alignfull has-global-padding is-layout-constrained wp-block-group-is-layout-constrained\">\n<div class=\"wp-block-group alignfull has-global-padding is-layout-constrained wp-block-group-is-layout-constrained\" style=\"margin-top:0;margin-bottom:0;padding-top:var(--wp--preset--spacing--50);padding-bottom:var(--wp--preset--spacing--50)\">\n<div class=\"wp-block-columns alignwide is-layout-flex wp-container-core-columns-is-layout-b7f6f8cb wp-block-columns-is-layout-flex\">\n<div class=\"wp-block-column is-layout-flow wp-block-column-is-layout-flow\" style=\"flex-basis:56%\">\n<figure class=\"wp-block-image size-full\"><a href=\"https:\/\/drugpolicy.ca\/wp-content\/uploads\/2025\/10\/contact-us.png\"><img loading=\"lazy\" decoding=\"async\" width=\"1080\" height=\"1080\" src=\"https:\/\/drugpolicy.ca\/wp-content\/uploads\/2025\/10\/contact-us.png\" alt=\"\" class=\"wp-image-21280\" style=\"aspect-ratio:1;object-fit:cover\" srcset=\"https:\/\/drugpolicy.ca\/wp-content\/uploads\/2025\/10\/contact-us.png 1080w, https:\/\/drugpolicy.ca\/wp-content\/uploads\/2025\/10\/contact-us-300x300.png 300w, https:\/\/drugpolicy.ca\/wp-content\/uploads\/2025\/10\/contact-us-1024x1024.png 1024w, https:\/\/drugpolicy.ca\/wp-content\/uploads\/2025\/10\/contact-us-150x150.png 150w, https:\/\/drugpolicy.ca\/wp-content\/uploads\/2025\/10\/contact-us-768x768.png 768w\" sizes=\"auto, (max-width: 1080px) 100vw, 1080px\" \/><\/a><\/figure>\n<\/div>\n\n\n\n<div class=\"wp-block-column is-vertically-aligned-center is-layout-flow wp-container-core-column-is-layout-035d4dad wp-block-column-is-layout-flow\">\n<h2 class=\"wp-block-heading\">Contactez nous<\/h2>\n\n\n\n<p class=\"wp-block-paragraph\">Vos commentaires et vos questions sont les bienvenus. N&#8217;h\u00e9sitez pas \u00e0 nous contacter et nous vous r\u00e9pondrons dans la mesure du possible. <\/p>\n\n\n\n<div class=\"wp-block-buttons is-layout-flex wp-block-buttons-is-layout-flex\">\n<div class=\"wp-block-button\"><a class=\"wp-block-button__link wp-element-button\" href=\"https:\/\/drugpolicy.ca\/fr\/about-us\/contactez-nous\/\">Contactez nous<\/a><\/div>\n<\/div>\n<\/div>\n<\/div>\n<\/div>\n<\/div>\n\n\n\n<div class=\"wp-block-group alignfull is-style-section-5 has-global-padding is-layout-constrained wp-block-group-is-layout-constrained is-style-section-5--2\" style=\"padding-top:var(--wp--preset--spacing--50);padding-bottom:var(--wp--preset--spacing--50)\">\n<div class=\"wp-block-group alignfull has-global-padding is-layout-constrained wp-container-core-group-is-layout-de917e1e wp-block-group-is-layout-constrained\" style=\"min-height:0vh;margin-top:0;margin-bottom:0;padding-top:var(--wp--preset--spacing--70);padding-right:var(--wp--preset--spacing--40);padding-bottom:var(--wp--preset--spacing--70);padding-left:var(--wp--preset--spacing--40)\">\n<div class=\"wp-block-group has-global-padding is-layout-constrained wp-container-core-group-is-layout-eb970f9a wp-block-group-is-layout-constrained\">\n<h2 class=\"wp-block-heading has-text-align-center has-xx-large-font-size\" style=\"margin-right:0;margin-left:0;padding-right:0;padding-left:0\">Soutenez notre travail<\/h2>\n\n\n\n<p class=\"has-text-align-center wp-block-paragraph\">Rejoignez le CCPD pour construire un avenir o\u00f9 la politique des drogues est fond\u00e9e sur des preuves, la compassion et les droits de l&#8217;homme.<\/p>\n\n\n\n<div class=\"wp-block-buttons is-content-justification-center is-layout-flex wp-container-core-buttons-is-layout-35f06ea7 wp-block-buttons-is-layout-flex\">\n<div class=\"wp-block-button\"><a class=\"wp-block-button__link wp-element-button\" href=\"https:\/\/candrugpolicy.donorsupport.co\/-\/XMTGTASJ?_lang=fr-CA\">Faire un don<\/a><\/div>\n<\/div>\n<\/div>\n<\/div>\n<\/div>\n","protected":false},"excerpt":{"rendered":"<p>Fond\u00e9e en 2010, la Coalition canadienne des politiques sur les drogues travaille en partenariat avec plus de 100 organisations et 7000 personnes \u00e0 travers le Canada et \u00e0 l&#8217;\u00e9tranger pour promouvoir une politique sur les drogues fond\u00e9e sur des donn\u00e9es probantes, guid\u00e9e par des principes de sant\u00e9 publique, respectueuse des droits de l&#8217;homme de tous, [&hellip;]<\/p>\n","protected":false},"author":53,"featured_media":0,"parent":0,"menu_order":0,"comment_status":"closed","ping_status":"closed","template":"","meta":{"_acf_changed":false,"_crdt_document":"","footnotes":""},"class_list":["post-22044","page","type-page","status-publish","hentry"],"acf":[],"mb":[],"yoast_head":"<!-- This site is optimized with the Yoast SEO plugin v27.3 - https:\/\/yoast.com\/product\/yoast-seo-wordpress\/ -->\n<title>About Us - Canadian Drug Policy Coalition<\/title>\n<meta name=\"robots\" content=\"index, follow, max-snippet:-1, max-image-preview:large, max-video-preview:-1\" \/>\n<link rel=\"canonical\" href=\"https:\/\/drugpolicy.ca\/fr\/about-us\/\" \/>\n<meta property=\"og:locale\" content=\"fr_FR\" \/>\n<meta property=\"og:type\" content=\"article\" \/>\n<meta property=\"og:title\" content=\"About Us - Canadian Drug Policy Coalition\" \/>\n<meta property=\"og:description\" content=\"Fond\u00e9e en 2010, la Coalition canadienne des politiques sur les drogues travaille en partenariat avec plus de 100 organisations et 7000 personnes \u00e0 travers le Canada et \u00e0 l&#8217;\u00e9tranger pour promouvoir une politique sur les drogues fond\u00e9e sur des donn\u00e9es probantes, guid\u00e9e par des principes de sant\u00e9 publique, respectueuse des droits de l&#8217;homme de tous, [&hellip;]\" \/>\n<meta property=\"og:url\" content=\"https:\/\/drugpolicy.ca\/fr\/about-us\/\" \/>\n<meta property=\"og:site_name\" content=\"Canadian Drug Policy Coalition\" \/>\n<meta property=\"article:modified_time\" content=\"2026-03-20T19:41:53+00:00\" \/>\n<meta property=\"og:image\" content=\"https:\/\/drugpolicy.ca\/wp-content\/uploads\/2025\/08\/Drug-peace-1024x441.png\" \/>\n<meta name=\"twitter:card\" content=\"summary_large_image\" \/>\n<meta name=\"twitter:label1\" content=\"Dur\u00e9e de lecture estim\u00e9e\" \/>\n\t<meta name=\"twitter:data1\" content=\"2 minutes\" \/>\n<script type=\"application\/ld+json\" class=\"yoast-schema-graph\">{\"@context\":\"https:\\\/\\\/schema.org\",\"@graph\":[{\"@type\":\"WebPage\",\"@id\":\"https:\\\/\\\/drugpolicy.ca\\\/fr\\\/about-us\\\/\",\"url\":\"https:\\\/\\\/drugpolicy.ca\\\/fr\\\/about-us\\\/\",\"name\":\"About Us - Canadian Drug Policy Coalition\",\"isPartOf\":{\"@id\":\"https:\\\/\\\/www.drugpolicy.ca\\\/fr\\\/#website\"},\"primaryImageOfPage\":{\"@id\":\"https:\\\/\\\/drugpolicy.ca\\\/fr\\\/about-us\\\/#primaryimage\"},\"image\":{\"@id\":\"https:\\\/\\\/drugpolicy.ca\\\/fr\\\/about-us\\\/#primaryimage\"},\"thumbnailUrl\":\"https:\\\/\\\/drugpolicy.ca\\\/wp-content\\\/uploads\\\/2025\\\/08\\\/Drug-peace-1024x441.png\",\"datePublished\":\"2026-01-19T19:35:48+00:00\",\"dateModified\":\"2026-03-20T19:41:53+00:00\",\"breadcrumb\":{\"@id\":\"https:\\\/\\\/drugpolicy.ca\\\/fr\\\/about-us\\\/#breadcrumb\"},\"inLanguage\":\"fr-FR\",\"potentialAction\":[{\"@type\":\"ReadAction\",\"target\":[\"https:\\\/\\\/drugpolicy.ca\\\/fr\\\/about-us\\\/\"]}]},{\"@type\":\"ImageObject\",\"inLanguage\":\"fr-FR\",\"@id\":\"https:\\\/\\\/drugpolicy.ca\\\/fr\\\/about-us\\\/#primaryimage\",\"url\":\"https:\\\/\\\/drugpolicy.ca\\\/wp-content\\\/uploads\\\/2025\\\/08\\\/Drug-peace-1024x441.png\",\"contentUrl\":\"https:\\\/\\\/drugpolicy.ca\\\/wp-content\\\/uploads\\\/2025\\\/08\\\/Drug-peace-1024x441.png\"},{\"@type\":\"BreadcrumbList\",\"@id\":\"https:\\\/\\\/drugpolicy.ca\\\/fr\\\/about-us\\\/#breadcrumb\",\"itemListElement\":[{\"@type\":\"ListItem\",\"position\":1,\"name\":\"Home\",\"item\":\"https:\\\/\\\/www.canadiandrugpolicy.ca\\\/fr\\\/\"},{\"@type\":\"ListItem\",\"position\":2,\"name\":\"About Us\"}]},{\"@type\":\"WebSite\",\"@id\":\"https:\\\/\\\/www.drugpolicy.ca\\\/fr\\\/#website\",\"url\":\"https:\\\/\\\/www.drugpolicy.ca\\\/fr\\\/\",\"name\":\"Canadian Drug Policy Coalition\",\"description\":\"Change policy. Save lives.\",\"publisher\":{\"@id\":\"https:\\\/\\\/www.drugpolicy.ca\\\/fr\\\/#organization\"},\"potentialAction\":[{\"@type\":\"SearchAction\",\"target\":{\"@type\":\"EntryPoint\",\"urlTemplate\":\"https:\\\/\\\/www.drugpolicy.ca\\\/fr\\\/?s={search_term_string}\"},\"query-input\":{\"@type\":\"PropertyValueSpecification\",\"valueRequired\":true,\"valueName\":\"search_term_string\"}}],\"inLanguage\":\"fr-FR\"},{\"@type\":\"Organization\",\"@id\":\"https:\\\/\\\/www.drugpolicy.ca\\\/fr\\\/#organization\",\"name\":\"Canadian Drug Policy Coalition\",\"url\":\"https:\\\/\\\/www.drugpolicy.ca\\\/fr\\\/\",\"logo\":{\"@type\":\"ImageObject\",\"inLanguage\":\"fr-FR\",\"@id\":\"https:\\\/\\\/www.drugpolicy.ca\\\/fr\\\/#\\\/schema\\\/logo\\\/image\\\/\",\"url\":\"https:\\\/\\\/drugpolicy.ca\\\/wp-content\\\/uploads\\\/2019\\\/04\\\/CDPC-logo-white-on-red-150-dpi.jpg\",\"contentUrl\":\"https:\\\/\\\/drugpolicy.ca\\\/wp-content\\\/uploads\\\/2019\\\/04\\\/CDPC-logo-white-on-red-150-dpi.jpg\",\"width\":332,\"height\":333,\"caption\":\"Canadian Drug Policy Coalition\"},\"image\":{\"@id\":\"https:\\\/\\\/www.drugpolicy.ca\\\/fr\\\/#\\\/schema\\\/logo\\\/image\\\/\"}}]}<\/script>\n<!-- \/ Yoast SEO plugin. -->","yoast_head_json":{"title":"About Us - Canadian Drug Policy Coalition","robots":{"index":"index","follow":"follow","max-snippet":"max-snippet:-1","max-image-preview":"max-image-preview:large","max-video-preview":"max-video-preview:-1"},"canonical":"https:\/\/drugpolicy.ca\/fr\/about-us\/","og_locale":"fr_FR","og_type":"article","og_title":"About Us - Canadian Drug Policy Coalition","og_description":"Fond\u00e9e en 2010, la Coalition canadienne des politiques sur les drogues travaille en partenariat avec plus de 100 organisations et 7000 personnes \u00e0 travers le Canada et \u00e0 l&#8217;\u00e9tranger pour promouvoir une politique sur les drogues fond\u00e9e sur des donn\u00e9es probantes, guid\u00e9e par des principes de sant\u00e9 publique, respectueuse des droits de l&#8217;homme de tous, [&hellip;]","og_url":"https:\/\/drugpolicy.ca\/fr\/about-us\/","og_site_name":"Canadian Drug Policy Coalition","article_modified_time":"2026-03-20T19:41:53+00:00","og_image":[{"url":"https:\/\/drugpolicy.ca\/wp-content\/uploads\/2025\/08\/Drug-peace-1024x441.png","type":"","width":"","height":""}],"twitter_card":"summary_large_image","twitter_misc":{"Dur\u00e9e de lecture estim\u00e9e":"2 minutes"},"schema":{"@context":"https:\/\/schema.org","@graph":[{"@type":"WebPage","@id":"https:\/\/drugpolicy.ca\/fr\/about-us\/","url":"https:\/\/drugpolicy.ca\/fr\/about-us\/","name":"About Us - Canadian Drug Policy Coalition","isPartOf":{"@id":"https:\/\/www.drugpolicy.ca\/fr\/#website"},"primaryImageOfPage":{"@id":"https:\/\/drugpolicy.ca\/fr\/about-us\/#primaryimage"},"image":{"@id":"https:\/\/drugpolicy.ca\/fr\/about-us\/#primaryimage"},"thumbnailUrl":"https:\/\/drugpolicy.ca\/wp-content\/uploads\/2025\/08\/Drug-peace-1024x441.png","datePublished":"2026-01-19T19:35:48+00:00","dateModified":"2026-03-20T19:41:53+00:00","breadcrumb":{"@id":"https:\/\/drugpolicy.ca\/fr\/about-us\/#breadcrumb"},"inLanguage":"fr-FR","potentialAction":[{"@type":"ReadAction","target":["https:\/\/drugpolicy.ca\/fr\/about-us\/"]}]},{"@type":"ImageObject","inLanguage":"fr-FR","@id":"https:\/\/drugpolicy.ca\/fr\/about-us\/#primaryimage","url":"https:\/\/drugpolicy.ca\/wp-content\/uploads\/2025\/08\/Drug-peace-1024x441.png","contentUrl":"https:\/\/drugpolicy.ca\/wp-content\/uploads\/2025\/08\/Drug-peace-1024x441.png"},{"@type":"BreadcrumbList","@id":"https:\/\/drugpolicy.ca\/fr\/about-us\/#breadcrumb","itemListElement":[{"@type":"ListItem","position":1,"name":"Home","item":"https:\/\/www.canadiandrugpolicy.ca\/fr\/"},{"@type":"ListItem","position":2,"name":"About Us"}]},{"@type":"WebSite","@id":"https:\/\/www.drugpolicy.ca\/fr\/#website","url":"https:\/\/www.drugpolicy.ca\/fr\/","name":"Canadian Drug Policy Coalition","description":"Change policy. Save lives.","publisher":{"@id":"https:\/\/www.drugpolicy.ca\/fr\/#organization"},"potentialAction":[{"@type":"SearchAction","target":{"@type":"EntryPoint","urlTemplate":"https:\/\/www.drugpolicy.ca\/fr\/?s={search_term_string}"},"query-input":{"@type":"PropertyValueSpecification","valueRequired":true,"valueName":"search_term_string"}}],"inLanguage":"fr-FR"},{"@type":"Organization","@id":"https:\/\/www.drugpolicy.ca\/fr\/#organization","name":"Canadian Drug Policy Coalition","url":"https:\/\/www.drugpolicy.ca\/fr\/","logo":{"@type":"ImageObject","inLanguage":"fr-FR","@id":"https:\/\/www.drugpolicy.ca\/fr\/#\/schema\/logo\/image\/","url":"https:\/\/drugpolicy.ca\/wp-content\/uploads\/2019\/04\/CDPC-logo-white-on-red-150-dpi.jpg","contentUrl":"https:\/\/drugpolicy.ca\/wp-content\/uploads\/2019\/04\/CDPC-logo-white-on-red-150-dpi.jpg","width":332,"height":333,"caption":"Canadian Drug Policy Coalition"},"image":{"@id":"https:\/\/www.drugpolicy.ca\/fr\/#\/schema\/logo\/image\/"}}]}},"mfb_rest_fields":["title","yoast_head","yoast_head_json"],"_links":{"self":[{"href":"https:\/\/drugpolicy.ca\/fr\/wp-json\/wp\/v2\/pages\/22044","targetHints":{"allow":["GET"]}}],"collection":[{"href":"https:\/\/drugpolicy.ca\/fr\/wp-json\/wp\/v2\/pages"}],"about":[{"href":"https:\/\/drugpolicy.ca\/fr\/wp-json\/wp\/v2\/types\/page"}],"author":[{"embeddable":true,"href":"https:\/\/drugpolicy.ca\/fr\/wp-json\/wp\/v2\/users\/53"}],"replies":[{"embeddable":true,"href":"https:\/\/drugpolicy.ca\/fr\/wp-json\/wp\/v2\/comments?post=22044"}],"version-history":[{"count":8,"href":"https:\/\/drugpolicy.ca\/fr\/wp-json\/wp\/v2\/pages\/22044\/revisions"}],"predecessor-version":[{"id":22492,"href":"https:\/\/drugpolicy.ca\/fr\/wp-json\/wp\/v2\/pages\/22044\/revisions\/22492"}],"wp:attachment":[{"href":"https:\/\/drugpolicy.ca\/fr\/wp-json\/wp\/v2\/media?parent=22044"}],"curies":[{"name":"wp","href":"https:\/\/api.w.org\/{rel}","templated":true}]}}